{"id":971,"date":"2025-12-11T21:41:04","date_gmt":"2025-12-11T20:41:04","guid":{"rendered":"https:\/\/geryflag.com\/?page_id=971"},"modified":"2026-03-09T23:11:07","modified_gmt":"2026-03-09T22:11:07","slug":"fracture-des-ombres","status":"publish","type":"page","link":"https:\/\/geryflag.com\/index.php\/fracture-des-ombres\/","title":{"rendered":"Fracture des ombres"},"content":{"rendered":"\t\t<div data-elementor-type=\"wp-page\" data-elementor-id=\"971\" class=\"elementor elementor-971\">\n\t\t\t\t<div class=\"elementor-element elementor-element-7220d46 e-con-full e-flex e-con e-parent\" data-id=\"7220d46\" data-element_type=\"container\" data-e-type=\"container\" data-settings=\"{&quot;background_background&quot;:&quot;classic&quot;}\">\n\t\t<div class=\"elementor-element elementor-element-f37f774 e-flex e-con-boxed e-con e-child\" data-id=\"f37f774\" data-element_type=\"container\" data-e-type=\"container\">\n\t\t\t\t\t<div class=\"e-con-inner\">\n\t\t<div class=\"elementor-element elementor-element-476e39a3 e-con-full e-flex e-con e-child\" data-id=\"476e39a3\" data-element_type=\"container\" data-e-type=\"container\">\n\t\t\t\t<div class=\"elementor-element elementor-element-47166827 elementor-widget elementor-widget-text-editor\" data-id=\"47166827\" data-element_type=\"widget\" data-e-type=\"widget\" data-widget_type=\"text-editor.default\">\n\t\t\t\t\t\t\t\t\t<p>&lt; <a href=\"https:\/\/geryflag.com\/index.php\/fluxoria\/\">Retour \u00e0 la liste<\/a><\/p>\t\t\t\t\t\t\t\t<\/div>\n\t\t\t\t<div class=\"elementor-element elementor-element-484d50d4 animated-slow elementor-invisible elementor-widget elementor-widget-image\" data-id=\"484d50d4\" data-element_type=\"widget\" data-e-type=\"widget\" data-settings=\"{&quot;_animation&quot;:&quot;bounceInLeft&quot;}\" data-widget_type=\"image.default\">\n\t\t\t\t\t\t\t\t\t\t\t\t\t\t\t\t<a href=\"https:\/\/geryflag.com\/wp-content\/uploads\/2025\/12\/Fracture-des-ombres-1920_ok.webp\" data-elementor-open-lightbox=\"yes\" data-elementor-lightbox-description=\"Peinture abstraite de G\u00e9ry Flag  - Fracture des ombres\" data-e-action-hash=\"#elementor-action%3Aaction%3Dlightbox%26settings%3DeyJpZCI6OTczLCJ1cmwiOiJodHRwczpcL1wvZ2VyeWZsYWcuY29tXC93cC1jb250ZW50XC91cGxvYWRzXC8yMDI1XC8xMlwvRnJhY3R1cmUtZGVzLW9tYnJlcy0xOTIwX29rLndlYnAifQ%3D%3D\">\n\t\t\t\t\t\t\t<img fetchpriority=\"high\" decoding=\"async\" width=\"768\" height=\"512\" src=\"https:\/\/geryflag.com\/wp-content\/uploads\/2025\/12\/Fracture-des-ombres-1920_ok-768x512.webp\" class=\"attachment-medium_large size-medium_large wp-image-973\" alt=\"\" srcset=\"https:\/\/geryflag.com\/wp-content\/uploads\/2025\/12\/Fracture-des-ombres-1920_ok-768x512.webp 768w, https:\/\/geryflag.com\/wp-content\/uploads\/2025\/12\/Fracture-des-ombres-1920_ok-600x400.webp 600w, https:\/\/geryflag.com\/wp-content\/uploads\/2025\/12\/Fracture-des-ombres-1920_ok-1280x853.webp 1280w, https:\/\/geryflag.com\/wp-content\/uploads\/2025\/12\/Fracture-des-ombres-1920_ok-1536x1024.webp 1536w, https:\/\/geryflag.com\/wp-content\/uploads\/2025\/12\/Fracture-des-ombres-1920_ok-1000x667.webp 1000w, https:\/\/geryflag.com\/wp-content\/uploads\/2025\/12\/Fracture-des-ombres-1920_ok-230x153.webp 230w, https:\/\/geryflag.com\/wp-content\/uploads\/2025\/12\/Fracture-des-ombres-1920_ok-350x233.webp 350w, https:\/\/geryflag.com\/wp-content\/uploads\/2025\/12\/Fracture-des-ombres-1920_ok-480x320.webp 480w, https:\/\/geryflag.com\/wp-content\/uploads\/2025\/12\/Fracture-des-ombres-1920_ok.webp 1920w\" sizes=\"(max-width: 768px) 100vw, 768px\" \/>\t\t\t\t\t\t\t\t<\/a>\n\t\t\t\t\t\t\t\t\t\t\t\t\t\t\t<\/div>\n\t\t\t\t<div class=\"elementor-element elementor-element-531243b2 elementor-widget elementor-widget-text-editor\" data-id=\"531243b2\" data-element_type=\"widget\" data-e-type=\"widget\" data-widget_type=\"text-editor.default\">\n\t\t\t\t\t\t\t\t\t<h1>Fracture des ombres<\/h1><p><!-- \/wp:paragraph --><\/p>\t\t\t\t\t\t\t\t<\/div>\n\t\t\t\t<div class=\"elementor-element elementor-element-4d381612 elementor-widget__width-initial elementor-widget-divider--view-line elementor-widget elementor-widget-divider\" data-id=\"4d381612\" data-element_type=\"widget\" data-e-type=\"widget\" data-widget_type=\"divider.default\">\n\t\t\t\t\t\t\t<div class=\"elementor-divider\">\n\t\t\t<span class=\"elementor-divider-separator\">\n\t\t\t\t\t\t<\/span>\n\t\t<\/div>\n\t\t\t\t\t\t<\/div>\n\t\t\t\t<\/div>\n\t\t\t\t<div class=\"elementor-element elementor-element-1f49e29f elementor-widget elementor-widget-text-editor\" data-id=\"1f49e29f\" data-element_type=\"widget\" data-e-type=\"widget\" data-widget_type=\"text-editor.default\">\n\t\t\t\t\t\t\t\t\t<p>Cette \u0153uvre gestuelle s\u2019inscrit dans un univers abstrait o\u00f9 chaque trace raconte une \u00e9motion. Sur un fond blanc immacul\u00e9, des ombres grises se m\u00ealent \u00e0 des motifs noirs, ponctu\u00e9s de touches ardentes de rouge et d\u2019ocre.<br \/>Cette composition, \u00e0 la fois vive et myst\u00e9rieuse, sugg\u00e8re la fragilit\u00e9 des \u00e9quilibres et la puissance des contrastes. Chaque geste, chaque fracture, r\u00e9v\u00e8le une \u00e9nergie brute, captur\u00e9e dans un instant suspendu.<\/p>\t\t\t\t\t\t\t\t<\/div>\n\t\t\t\t<div class=\"elementor-element elementor-element-e9591ae elementor-widget__width-initial elementor-widget-divider--view-line elementor-widget elementor-widget-divider\" data-id=\"e9591ae\" data-element_type=\"widget\" data-e-type=\"widget\" data-widget_type=\"divider.default\">\n\t\t\t\t\t\t\t<div class=\"elementor-divider\">\n\t\t\t<span class=\"elementor-divider-separator\">\n\t\t\t\t\t\t<\/span>\n\t\t<\/div>\n\t\t\t\t\t\t<\/div>\n\t\t\t\t\t<\/div>\n\t\t\t\t<\/div>\n\t\t\t\t<div class=\"elementor-element elementor-element-3b9d6a18 elementor-widget elementor-widget-text-editor\" data-id=\"3b9d6a18\" data-element_type=\"widget\" data-e-type=\"widget\" data-widget_type=\"text-editor.default\">\n\t\t\t\t\t\t\t\t\t<h5>D\u00e9couvrez ses d\u00e9tails techniques<\/h5>\t\t\t\t\t\t\t\t<\/div>\n\t\t<div class=\"elementor-element elementor-element-6b61b541 e-grid e-con-boxed e-con e-child\" data-id=\"6b61b541\" data-element_type=\"container\" data-e-type=\"container\">\n\t\t\t\t\t<div class=\"e-con-inner\">\n\t\t\t\t<div class=\"elementor-element elementor-element-2ecd2e33 elementor-widget elementor-widget-image\" data-id=\"2ecd2e33\" data-element_type=\"widget\" data-e-type=\"widget\" data-widget_type=\"image.default\">\n\t\t\t\t\t\t\t\t\t\t\t\t\t\t\t<img decoding=\"async\" width=\"450\" height=\"300\" src=\"https:\/\/geryflag.com\/wp-content\/uploads\/2025\/12\/Fracture-des-ombres-vignette_ok-1.webp\" class=\"attachment-medium size-medium wp-image-1661\" alt=\"\" srcset=\"https:\/\/geryflag.com\/wp-content\/uploads\/2025\/12\/Fracture-des-ombres-vignette_ok-1.webp 450w, https:\/\/geryflag.com\/wp-content\/uploads\/2025\/12\/Fracture-des-ombres-vignette_ok-1-230x153.webp 230w, https:\/\/geryflag.com\/wp-content\/uploads\/2025\/12\/Fracture-des-ombres-vignette_ok-1-350x233.webp 350w\" sizes=\"(max-width: 450px) 100vw, 450px\" \/>\t\t\t\t\t\t\t\t\t\t\t\t\t\t\t<\/div>\n\t\t\t\t<div class=\"elementor-element elementor-element-48f8c326 elementor-widget elementor-widget-text-editor\" data-id=\"48f8c326\" data-element_type=\"widget\" data-e-type=\"widget\" data-widget_type=\"text-editor.default\">\n\t\t\t\t\t\t\t\t\t<p>Peinture acrylique sur toile en coton r\u00e9alis\u00e9e \u00e0 la main, mont\u00e9e sur ch\u00e2ssis Studio 2 Gerstaecker<\/p><p>Vernis Liquitex professionnel : Semi-Brillant<\/p><p>Dimensions : 60 x 40 cm (sans cadre).<\/p><p>Ann\u00e9e de cr\u00e9ation : 2020<\/p><p>Signature en bas \u00e0 droite et au dos.<\/p><p>Pi\u00e8ce unique \u2013 R\u00e9f : FRA602001<\/p>\t\t\t\t\t\t\t\t<\/div>\n\t\t\t\t\t<\/div>\n\t\t\t\t<\/div>\n\t\t\t\t<\/div>\n\t\t<div class=\"elementor-element elementor-element-365f7095 e-flex e-con-boxed e-con e-parent\" data-id=\"365f7095\" data-element_type=\"container\" data-e-type=\"container\">\n\t\t\t\t\t<div class=\"e-con-inner\">\n\t\t<div class=\"elementor-element elementor-element-2567b87b e-con-full e-flex e-con e-child\" data-id=\"2567b87b\" data-element_type=\"container\" data-e-type=\"container\">\n\t\t\t\t<div class=\"elementor-element elementor-element-198846da elementor-widget elementor-widget-spacer\" data-id=\"198846da\" data-element_type=\"widget\" data-e-type=\"widget\" data-widget_type=\"spacer.default\">\n\t\t\t\t\t\t\t<div class=\"elementor-spacer\">\n\t\t\t<div class=\"elementor-spacer-inner\"><\/div>\n\t\t<\/div>\n\t\t\t\t\t\t<\/div>\n\t\t\t\t<div class=\"elementor-element elementor-element-3a92c1ee elementor-align-center elementor-widget elementor-widget-button\" data-id=\"3a92c1ee\" data-element_type=\"widget\" data-e-type=\"widget\" data-widget_type=\"button.default\">\n\t\t\t\t\t\t\t\t\t\t<a class=\"elementor-button elementor-button-link elementor-size-sm\" href=\"https:\/\/www.amazon.fr\/dp\/B0GF452XYP\">\n\t\t\t\t\t\t<span class=\"elementor-button-content-wrapper\">\n\t\t\t\t\t\t<span class=\"elementor-button-icon\">\n\t\t\t\t<svg aria-hidden=\"true\" class=\"e-font-icon-svg e-far-flag\" viewBox=\"0 0 512 512\" xmlns=\"http:\/\/www.w3.org\/2000\/svg\"><path d=\"M336.174 80c-49.132 0-93.305-32-161.913-32-31.301 0-58.303 6.482-80.721 15.168a48.04 48.04 0 0 0 2.142-20.727C93.067 19.575 74.167 1.594 51.201.104 23.242-1.71 0 20.431 0 48c0 17.764 9.657 33.262 24 41.562V496c0 8.837 7.163 16 16 16h16c8.837 0 16-7.163 16-16v-83.443C109.869 395.28 143.259 384 199.826 384c49.132 0 93.305 32 161.913 32 58.479 0 101.972-22.617 128.548-39.981C503.846 367.161 512 352.051 512 335.855V95.937c0-34.459-35.264-57.768-66.904-44.117C409.193 67.309 371.641 80 336.174 80zM464 336c-21.783 15.412-60.824 32-102.261 32-59.945 0-102.002-32-161.913-32-43.361 0-96.379 9.403-127.826 24V128c21.784-15.412 60.824-32 102.261-32 59.945 0 102.002 32 161.913 32 43.271 0 96.32-17.366 127.826-32v240z\"><\/path><\/svg>\t\t\t<\/span>\n\t\t\t\t\t\t\t\t\t<span class=\"elementor-button-text\">Aquerir cette oeuvre<\/span>\n\t\t\t\t\t<\/span>\n\t\t\t\t\t<\/a>\n\t\t\t\t\t\t\t\t<\/div>\n\t\t\t\t<\/div>\n\t\t\t\t<div class=\"elementor-element elementor-element-6c7555a elementor-widget elementor-widget-spacer\" data-id=\"6c7555a\" data-element_type=\"widget\" data-e-type=\"widget\" data-widget_type=\"spacer.default\">\n\t\t\t\t\t\t\t<div class=\"elementor-spacer\">\n\t\t\t<div class=\"elementor-spacer-inner\"><\/div>\n\t\t<\/div>\n\t\t\t\t\t\t<\/div>\n\t\t\t\t<div class=\"elementor-element elementor-element-4c3aefbe elementor-arrows-position-inside elementor-pagination-position-outside elementor-widget elementor-widget-image-carousel\" data-id=\"4c3aefbe\" data-element_type=\"widget\" data-e-type=\"widget\" data-settings=\"{&quot;navigation&quot;:&quot;both&quot;,&quot;autoplay&quot;:&quot;yes&quot;,&quot;pause_on_hover&quot;:&quot;yes&quot;,&quot;pause_on_interaction&quot;:&quot;yes&quot;,&quot;autoplay_speed&quot;:5000,&quot;infinite&quot;:&quot;yes&quot;,&quot;speed&quot;:500}\" data-widget_type=\"image-carousel.default\">\n\t\t\t\t\t\t\t<div class=\"elementor-image-carousel-wrapper swiper\" role=\"region\" aria-roledescription=\"carousel\" aria-label=\"Carrousel d\u2019images\" dir=\"ltr\">\n\t\t\t<div class=\"elementor-image-carousel swiper-wrapper\" aria-live=\"off\">\n\t\t\t\t\t\t\t\t<div class=\"swiper-slide\" role=\"group\" aria-roledescription=\"slide\" aria-label=\"1 sur 4\"><a data-elementor-open-lightbox=\"yes\" data-elementor-lightbox-slideshow=\"4c3aefbe\" data-elementor-lightbox-title=\"Sans cadre\" data-elementor-lightbox-description=\"Peinture abstraite de G\u00e9ry Flag  - Fracture des ombres\" data-e-action-hash=\"#elementor-action%3Aaction%3Dlightbox%26settings%3DeyJpZCI6MTY1NywidXJsIjoiaHR0cHM6XC9cL2dlcnlmbGFnLmNvbVwvd3AtY29udGVudFwvdXBsb2Fkc1wvMjAyNVwvMTJcL0ZyYWN0dXJlLWRlcy1vbWJyZXMtZm9uZC1UUl9vay53ZWJwIiwic2xpZGVzaG93IjoiNGMzYWVmYmUifQ%3D%3D\" href=\"https:\/\/geryflag.com\/wp-content\/uploads\/2025\/12\/Fracture-des-ombres-fond-TR_ok.webp\"><figure class=\"swiper-slide-inner\"><img decoding=\"async\" class=\"swiper-slide-image\" src=\"https:\/\/geryflag.com\/wp-content\/uploads\/elementor\/thumbs\/Fracture-des-ombres-fond-TR_ok-rghxncuooi4oksr5teitfufkb12ivx6mtvk1dlbi6o.webp\" alt=\"Sans cadre\" \/><figcaption class=\"elementor-image-carousel-caption\">Sans cadre<\/figcaption><\/figure><\/a><\/div><div class=\"swiper-slide\" role=\"group\" aria-roledescription=\"slide\" aria-label=\"2 sur 4\"><a data-elementor-open-lightbox=\"yes\" data-elementor-lightbox-slideshow=\"4c3aefbe\" data-elementor-lightbox-title=\"Cadre flottant blanc\" data-elementor-lightbox-description=\"Peinture abstraite de G\u00e9ry Flag  - Fracture des ombres\" data-e-action-hash=\"#elementor-action%3Aaction%3Dlightbox%26settings%3DeyJpZCI6MTY1OCwidXJsIjoiaHR0cHM6XC9cL2dlcnlmbGFnLmNvbVwvd3AtY29udGVudFwvdXBsb2Fkc1wvMjAyNVwvMTJcL0ZyYWN0dXJlLWRlcy1vbWJyZXMtZm9uZC1UUi1DQV9ibGFuY2hlX29rLndlYnAiLCJzbGlkZXNob3ciOiI0YzNhZWZiZSJ9\" href=\"https:\/\/geryflag.com\/wp-content\/uploads\/2025\/12\/Fracture-des-ombres-fond-TR-CA_blanche_ok.webp\"><figure class=\"swiper-slide-inner\"><img decoding=\"async\" class=\"swiper-slide-image\" src=\"https:\/\/geryflag.com\/wp-content\/uploads\/elementor\/thumbs\/Fracture-des-ombres-fond-TR-CA_blanche_ok-rghxneqd267980ofifc2ktyhhst9bbe3i4v0c58pu8.webp\" alt=\"Cadre flottant blanc\" \/><figcaption class=\"elementor-image-carousel-caption\">Cadre flottant blanc<\/figcaption><\/figure><\/a><\/div><div class=\"swiper-slide\" role=\"group\" aria-roledescription=\"slide\" aria-label=\"3 sur 4\"><a data-elementor-open-lightbox=\"yes\" data-elementor-lightbox-slideshow=\"4c3aefbe\" data-elementor-lightbox-title=\"Cadre Fortibox blanc\" data-elementor-lightbox-description=\"Peinture abstraite de G\u00e9ry Flag  - Fracture des ombres\" data-e-action-hash=\"#elementor-action%3Aaction%3Dlightbox%26settings%3DeyJpZCI6MTY2MCwidXJsIjoiaHR0cHM6XC9cL2dlcnlmbGFnLmNvbVwvd3AtY29udGVudFwvdXBsb2Fkc1wvMjAyNVwvMTJcL0ZyYWN0dXJlLWRlcy1vbWJyZXMtZm9uZC1UUi1GQlMtYmxhbmNoZV9vay53ZWJwIiwic2xpZGVzaG93IjoiNGMzYWVmYmUifQ%3D%3D\" href=\"https:\/\/geryflag.com\/wp-content\/uploads\/2025\/12\/Fracture-des-ombres-fond-TR-FBS-blanche_ok.webp\"><figure class=\"swiper-slide-inner\"><img decoding=\"async\" class=\"swiper-slide-image\" src=\"https:\/\/geryflag.com\/wp-content\/uploads\/elementor\/thumbs\/Fracture-des-ombres-fond-TR-FBS-blanche_ok-rghxnihpticeigiywgykut0bvcaq63t0ungy99355c.webp\" alt=\"Cadre Fortibox blanc\" \/><figcaption class=\"elementor-image-carousel-caption\">Cadre Fortibox blanc<\/figcaption><\/figure><\/a><\/div><div class=\"swiper-slide\" role=\"group\" aria-roledescription=\"slide\" aria-label=\"4 sur 4\"><a data-elementor-open-lightbox=\"yes\" data-elementor-lightbox-slideshow=\"4c3aefbe\" data-elementor-lightbox-title=\"Cadre flottant noir\" data-elementor-lightbox-description=\"Peinture abstraite de G\u00e9ry Flag  - Fracture des ombres\" data-e-action-hash=\"#elementor-action%3Aaction%3Dlightbox%26settings%3DeyJpZCI6MTY1OSwidXJsIjoiaHR0cHM6XC9cL2dlcnlmbGFnLmNvbVwvd3AtY29udGVudFwvdXBsb2Fkc1wvMjAyNVwvMTJcL0ZyYWN0dXJlLWRlcy1vbWJyZXMtZm9uZC1UUi1DQV9ub2lyZV9vay53ZWJwIiwic2xpZGVzaG93IjoiNGMzYWVmYmUifQ%3D%3D\" href=\"https:\/\/geryflag.com\/wp-content\/uploads\/2025\/12\/Fracture-des-ombres-fond-TR-CA_noire_ok.webp\"><figure class=\"swiper-slide-inner\"><img decoding=\"async\" class=\"swiper-slide-image\" src=\"https:\/\/geryflag.com\/wp-content\/uploads\/elementor\/thumbs\/Fracture-des-ombres-fond-TR-CA_noire_ok-rghxngm1fu9tv8lp7g5bptheokjzqplk6e5zap5xhs.webp\" alt=\"Cadre flottant noir\" \/><figcaption class=\"elementor-image-carousel-caption\">Cadre flottant noir<\/figcaption><\/figure><\/a><\/div>\t\t\t<\/div>\n\t\t\t\t\t\t\t\t\t\t\t\t<div class=\"elementor-swiper-button elementor-swiper-button-prev\" role=\"button\" tabindex=\"0\">\n\t\t\t\t\t\t<svg aria-hidden=\"true\" class=\"e-font-icon-svg e-eicon-chevron-left\" viewBox=\"0 0 1000 1000\" xmlns=\"http:\/\/www.w3.org\/2000\/svg\"><path d=\"M646 125C629 125 613 133 604 142L308 442C296 454 292 471 292 487 292 504 296 521 308 533L604 854C617 867 629 875 646 875 663 875 679 871 692 858 704 846 713 829 713 812 713 796 708 779 692 767L438 487 692 225C700 217 708 204 708 187 708 171 704 154 692 142 675 129 663 125 646 125Z\"><\/path><\/svg>\t\t\t\t\t<\/div>\n\t\t\t\t\t<div class=\"elementor-swiper-button elementor-swiper-button-next\" role=\"button\" tabindex=\"0\">\n\t\t\t\t\t\t<svg aria-hidden=\"true\" class=\"e-font-icon-svg e-eicon-chevron-right\" viewBox=\"0 0 1000 1000\" xmlns=\"http:\/\/www.w3.org\/2000\/svg\"><path d=\"M696 533C708 521 713 504 713 487 713 471 708 454 696 446L400 146C388 133 375 125 354 125 338 125 325 129 313 142 300 154 292 171 292 187 292 204 296 221 308 233L563 492 304 771C292 783 288 800 288 817 288 833 296 850 308 863 321 871 338 875 354 875 371 875 388 867 400 854L696 533Z\"><\/path><\/svg>\t\t\t\t\t<\/div>\n\t\t\t\t\n\t\t\t\t\t\t\t\t\t<div class=\"swiper-pagination\"><\/div>\n\t\t\t\t\t\t\t\t\t<\/div>\n\t\t\t\t\t\t<\/div>\n\t\t\t\t\t<\/div>\n\t\t\t\t<\/div>\n\t\t\t\t<\/div>\n\t\t","protected":false},"excerpt":{"rendered":"<p>&lt; Retour \u00e0 la liste Fracture des ombres Cette \u0153uvre gestuelle s\u2019inscrit dans un univers abstrait o\u00f9 chaque trace raconte une \u00e9motion. [&hellip;]<\/p>\n","protected":false},"author":1,"featured_media":0,"parent":0,"menu_order":0,"comment_status":"closed","ping_status":"closed","template":"elementor_header_footer","meta":{"footnotes":""},"folder":[11],"class_list":["post-971","page","type-page","status-publish","hentry"],"_links":{"self":[{"href":"https:\/\/geryflag.com\/index.php\/wp-json\/wp\/v2\/pages\/971","targetHints":{"allow":["GET"]}}],"collection":[{"href":"https:\/\/geryflag.com\/index.php\/wp-json\/wp\/v2\/pages"}],"about":[{"href":"https:\/\/geryflag.com\/index.php\/wp-json\/wp\/v2\/types\/page"}],"author":[{"embeddable":true,"href":"https:\/\/geryflag.com\/index.php\/wp-json\/wp\/v2\/users\/1"}],"replies":[{"embeddable":true,"href":"https:\/\/geryflag.com\/index.php\/wp-json\/wp\/v2\/comments?post=971"}],"version-history":[{"count":44,"href":"https:\/\/geryflag.com\/index.php\/wp-json\/wp\/v2\/pages\/971\/revisions"}],"predecessor-version":[{"id":2890,"href":"https:\/\/geryflag.com\/index.php\/wp-json\/wp\/v2\/pages\/971\/revisions\/2890"}],"wp:attachment":[{"href":"https:\/\/geryflag.com\/index.php\/wp-json\/wp\/v2\/media?parent=971"}],"wp:term":[{"taxonomy":"folder","embeddable":true,"href":"https:\/\/geryflag.com\/index.php\/wp-json\/wp\/v2\/folder?post=971"}],"curies":[{"name":"wp","href":"https:\/\/api.w.org\/{rel}","templated":true}]}}