{"id":951,"date":"2025-12-10T18:03:41","date_gmt":"2025-12-10T17:03:41","guid":{"rendered":"https:\/\/geryflag.com\/?page_id=951"},"modified":"2026-03-09T23:27:41","modified_gmt":"2026-03-09T22:27:41","slug":"triptyque-des-resonances","status":"publish","type":"page","link":"https:\/\/geryflag.com\/index.php\/triptyque-des-resonances\/","title":{"rendered":"Triptyque des r\u00e9sonances"},"content":{"rendered":"\t\t<div data-elementor-type=\"wp-page\" data-elementor-id=\"951\" class=\"elementor elementor-951\">\n\t\t\t\t<div class=\"elementor-element elementor-element-1ddbb260 e-con-full e-flex e-con e-parent\" data-id=\"1ddbb260\" data-element_type=\"container\" data-e-type=\"container\" data-settings=\"{&quot;background_background&quot;:&quot;classic&quot;}\">\n\t\t<div class=\"elementor-element elementor-element-35752bcc e-flex e-con-boxed e-con e-child\" data-id=\"35752bcc\" data-element_type=\"container\" data-e-type=\"container\">\n\t\t\t\t\t<div class=\"e-con-inner\">\n\t\t<div class=\"elementor-element elementor-element-12a4d11f e-con-full e-flex e-con e-child\" data-id=\"12a4d11f\" data-element_type=\"container\" data-e-type=\"container\">\n\t\t\t\t<div class=\"elementor-element elementor-element-1f8fe20b elementor-widget elementor-widget-text-editor\" data-id=\"1f8fe20b\" data-element_type=\"widget\" data-e-type=\"widget\" data-widget_type=\"text-editor.default\">\n\t\t\t\t\t\t\t\t\t<p><a href=\"https:\/\/geryflag.com\/index.php\/fluxoria\/\">&lt; Retour \u00e0 la liste<\/a><\/p>\t\t\t\t\t\t\t\t<\/div>\n\t\t\t\t<div class=\"elementor-element elementor-element-68398540 elementor-invisible elementor-widget elementor-widget-image\" data-id=\"68398540\" data-element_type=\"widget\" data-e-type=\"widget\" data-settings=\"{&quot;_animation&quot;:&quot;bounceInLeft&quot;}\" data-widget_type=\"image.default\">\n\t\t\t\t\t\t\t\t\t\t\t\t\t\t\t\t<a href=\"https:\/\/geryflag.com\/wp-content\/uploads\/2025\/12\/Triptyque-des-resonances1600px_ok.webp\" data-elementor-open-lightbox=\"yes\" data-elementor-lightbox-title=\"Triptyque des r\u00e9sonnances\" data-e-action-hash=\"#elementor-action%3Aaction%3Dlightbox%26settings%3DeyJpZCI6OTQwLCJ1cmwiOiJodHRwczpcL1wvZ2VyeWZsYWcuY29tXC93cC1jb250ZW50XC91cGxvYWRzXC8yMDI1XC8xMlwvVHJpcHR5cXVlLWRlcy1yZXNvbmFuY2VzMTYwMHB4X29rLndlYnAifQ%3D%3D\">\n\t\t\t\t\t\t\t<img fetchpriority=\"high\" decoding=\"async\" width=\"768\" height=\"614\" src=\"https:\/\/geryflag.com\/wp-content\/uploads\/2025\/12\/Triptyque-des-resonances1600px_ok-768x614.webp\" class=\"attachment-medium_large size-medium_large wp-image-940\" alt=\"\" srcset=\"https:\/\/geryflag.com\/wp-content\/uploads\/2025\/12\/Triptyque-des-resonances1600px_ok-768x614.webp 768w, https:\/\/geryflag.com\/wp-content\/uploads\/2025\/12\/Triptyque-des-resonances1600px_ok-500x400.webp 500w, https:\/\/geryflag.com\/wp-content\/uploads\/2025\/12\/Triptyque-des-resonances1600px_ok-1280x1024.webp 1280w, https:\/\/geryflag.com\/wp-content\/uploads\/2025\/12\/Triptyque-des-resonances1600px_ok-1536x1229.webp 1536w, https:\/\/geryflag.com\/wp-content\/uploads\/2025\/12\/Triptyque-des-resonances1600px_ok-1000x800.webp 1000w, https:\/\/geryflag.com\/wp-content\/uploads\/2025\/12\/Triptyque-des-resonances1600px_ok-230x184.webp 230w, https:\/\/geryflag.com\/wp-content\/uploads\/2025\/12\/Triptyque-des-resonances1600px_ok-350x280.webp 350w, https:\/\/geryflag.com\/wp-content\/uploads\/2025\/12\/Triptyque-des-resonances1600px_ok-480x384.webp 480w, https:\/\/geryflag.com\/wp-content\/uploads\/2025\/12\/Triptyque-des-resonances1600px_ok.webp 1600w\" sizes=\"(max-width: 768px) 100vw, 768px\" \/>\t\t\t\t\t\t\t\t<\/a>\n\t\t\t\t\t\t\t\t\t\t\t\t\t\t\t<\/div>\n\t\t\t\t<div class=\"elementor-element elementor-element-538f8189 elementor-widget elementor-widget-text-editor\" data-id=\"538f8189\" data-element_type=\"widget\" data-e-type=\"widget\" data-widget_type=\"text-editor.default\">\n\t\t\t\t\t\t\t\t\t<h1>Triptyque des r\u00e9sonances<\/h1><p><!-- \/wp:paragraph --><\/p>\t\t\t\t\t\t\t\t<\/div>\n\t\t\t\t<div class=\"elementor-element elementor-element-2c936137 elementor-widget__width-initial elementor-widget-divider--view-line elementor-widget elementor-widget-divider\" data-id=\"2c936137\" data-element_type=\"widget\" data-e-type=\"widget\" data-widget_type=\"divider.default\">\n\t\t\t\t\t\t\t<div class=\"elementor-divider\">\n\t\t\t<span class=\"elementor-divider-separator\">\n\t\t\t\t\t\t<\/span>\n\t\t<\/div>\n\t\t\t\t\t\t<\/div>\n\t\t\t\t<\/div>\n\t\t\t\t<div class=\"elementor-element elementor-element-4d6c55f6 elementor-widget elementor-widget-text-editor\" data-id=\"4d6c55f6\" data-element_type=\"widget\" data-e-type=\"widget\" data-widget_type=\"text-editor.default\">\n\t\t\t\t\t\t\t\t\t<p>Trois portes s\u2019ouvrent sur l\u2019invisible, r\u00e9sonnant dans la profondeur des couleurs.<\/p><p>Trois fen\u00eatres verticales s\u2019ouvrent sur des mondes int\u00e9rieurs, ench\u00e2ss\u00e9es dans un fond vibrant aux nuances de terre et de lumi\u00e8re. \u00c0 gauche, un souffle d\u2019azur stri\u00e9 de blanc \u00e9voque les courants marins ou les silences glac\u00e9s. Au centre, une fusion de jaune, rose et blanc pulse comme une chaleur intime, douce et solaire. \u00c0 droite, les rouges profonds et les violets s\u2019entrelacent dans une tension ardente, presque mystique. Chaque panneau semble en retrait, comme creus\u00e9 dans la mati\u00e8re, accentuant l\u2019effet de profondeur et de contemplation. Le fond, en d\u00e9grad\u00e9 de verts, jaunes et bruns, agit comme une membrane vivante, un \u00e9crin organique qui relie les trois entit\u00e9s. Une signature g\u00e9om\u00e9trique discr\u00e8te, pos\u00e9e en bas \u00e0 droite, scelle l\u2019\u0153uvre dans son myst\u00e8re.<\/p>\t\t\t\t\t\t\t\t<\/div>\n\t\t\t\t<div class=\"elementor-element elementor-element-73ff1cb8 elementor-widget__width-initial elementor-widget-divider--view-line elementor-widget elementor-widget-divider\" data-id=\"73ff1cb8\" data-element_type=\"widget\" data-e-type=\"widget\" data-widget_type=\"divider.default\">\n\t\t\t\t\t\t\t<div class=\"elementor-divider\">\n\t\t\t<span class=\"elementor-divider-separator\">\n\t\t\t\t\t\t<\/span>\n\t\t<\/div>\n\t\t\t\t\t\t<\/div>\n\t\t\t\t\t<\/div>\n\t\t\t\t<\/div>\n\t\t\t\t<div class=\"elementor-element elementor-element-7ee0166e elementor-widget elementor-widget-text-editor\" data-id=\"7ee0166e\" data-element_type=\"widget\" data-e-type=\"widget\" data-widget_type=\"text-editor.default\">\n\t\t\t\t\t\t\t\t\t<h5>D\u00e9couvrez ses d\u00e9tails techniques<\/h5>\t\t\t\t\t\t\t\t<\/div>\n\t\t<div class=\"elementor-element elementor-element-217743f3 e-grid e-con-boxed e-con e-child\" data-id=\"217743f3\" data-element_type=\"container\" data-e-type=\"container\">\n\t\t\t\t\t<div class=\"e-con-inner\">\n\t\t\t\t<div class=\"elementor-element elementor-element-ddeee8f elementor-widget elementor-widget-image\" data-id=\"ddeee8f\" data-element_type=\"widget\" data-e-type=\"widget\" data-widget_type=\"image.default\">\n\t\t\t\t\t\t\t\t\t\t\t\t\t\t\t<img decoding=\"async\" width=\"375\" height=\"300\" src=\"https:\/\/geryflag.com\/wp-content\/uploads\/2025\/12\/Triptyque-des-resonances-vignette-300px_ok.webp\" class=\"attachment-medium size-medium wp-image-941\" alt=\"\" srcset=\"https:\/\/geryflag.com\/wp-content\/uploads\/2025\/12\/Triptyque-des-resonances-vignette-300px_ok.webp 375w, https:\/\/geryflag.com\/wp-content\/uploads\/2025\/12\/Triptyque-des-resonances-vignette-300px_ok-230x184.webp 230w, https:\/\/geryflag.com\/wp-content\/uploads\/2025\/12\/Triptyque-des-resonances-vignette-300px_ok-350x280.webp 350w\" sizes=\"(max-width: 375px) 100vw, 375px\" \/>\t\t\t\t\t\t\t\t\t\t\t\t\t\t\t<\/div>\n\t\t\t\t<div class=\"elementor-element elementor-element-67b0cd4b elementor-widget elementor-widget-text-editor\" data-id=\"67b0cd4b\" data-element_type=\"widget\" data-e-type=\"widget\" data-widget_type=\"text-editor.default\">\n\t\t\t\t\t\t\t\t\t<p>Peinture acrylique sur toile en coton r\u00e9alis\u00e9e \u00e0 la main, mont\u00e9e sur ch\u00e2ssis Studio 2 Gerstaecker<\/p><p>Vernis Liquitex professionnel : Brillant<\/p><p>Dimensions : 50 x 40 cm (sans cadre).<\/p><p>Ann\u00e9e de cr\u00e9ation : 2020<\/p><p>Signature en bas \u00e0 droite et au dos<\/p><p>Certificat d\u2019authenticit\u00e9<\/p><p>Pi\u00e8ce unique &#8211; R\u00e9f : TRI202001<\/p>\t\t\t\t\t\t\t\t<\/div>\n\t\t\t\t\t<\/div>\n\t\t\t\t<\/div>\n\t\t\t\t<\/div>\n\t\t<div class=\"elementor-element elementor-element-e7d3ee1 e-flex e-con-boxed e-con e-parent\" data-id=\"e7d3ee1\" data-element_type=\"container\" data-e-type=\"container\">\n\t\t\t\t\t<div class=\"e-con-inner\">\n\t\t<div class=\"elementor-element elementor-element-1460592b e-con-full e-flex e-con e-child\" data-id=\"1460592b\" data-element_type=\"container\" data-e-type=\"container\">\n\t\t\t\t<div class=\"elementor-element elementor-element-7ee47093 elementor-widget elementor-widget-spacer\" data-id=\"7ee47093\" data-element_type=\"widget\" data-e-type=\"widget\" data-widget_type=\"spacer.default\">\n\t\t\t\t\t\t\t<div class=\"elementor-spacer\">\n\t\t\t<div class=\"elementor-spacer-inner\"><\/div>\n\t\t<\/div>\n\t\t\t\t\t\t<\/div>\n\t\t\t\t<div class=\"elementor-element elementor-element-1196f4e3 elementor-align-center elementor-widget elementor-widget-button\" data-id=\"1196f4e3\" data-element_type=\"widget\" data-e-type=\"widget\" data-widget_type=\"button.default\">\n\t\t\t\t\t\t\t\t\t\t<a class=\"elementor-button elementor-button-link elementor-size-sm\" href=\"https:\/\/www.amazon.fr\/dp\/B0GG4Z3W9V\">\n\t\t\t\t\t\t<span class=\"elementor-button-content-wrapper\">\n\t\t\t\t\t\t<span class=\"elementor-button-icon\">\n\t\t\t\t<svg aria-hidden=\"true\" class=\"e-font-icon-svg e-far-flag\" viewBox=\"0 0 512 512\" xmlns=\"http:\/\/www.w3.org\/2000\/svg\"><path d=\"M336.174 80c-49.132 0-93.305-32-161.913-32-31.301 0-58.303 6.482-80.721 15.168a48.04 48.04 0 0 0 2.142-20.727C93.067 19.575 74.167 1.594 51.201.104 23.242-1.71 0 20.431 0 48c0 17.764 9.657 33.262 24 41.562V496c0 8.837 7.163 16 16 16h16c8.837 0 16-7.163 16-16v-83.443C109.869 395.28 143.259 384 199.826 384c49.132 0 93.305 32 161.913 32 58.479 0 101.972-22.617 128.548-39.981C503.846 367.161 512 352.051 512 335.855V95.937c0-34.459-35.264-57.768-66.904-44.117C409.193 67.309 371.641 80 336.174 80zM464 336c-21.783 15.412-60.824 32-102.261 32-59.945 0-102.002-32-161.913-32-43.361 0-96.379 9.403-127.826 24V128c21.784-15.412 60.824-32 102.261-32 59.945 0 102.002 32 161.913 32 43.271 0 96.32-17.366 127.826-32v240z\"><\/path><\/svg>\t\t\t<\/span>\n\t\t\t\t\t\t\t\t\t<span class=\"elementor-button-text\">Aquerir cette oeuvre<\/span>\n\t\t\t\t\t<\/span>\n\t\t\t\t\t<\/a>\n\t\t\t\t\t\t\t\t<\/div>\n\t\t\t\t<\/div>\n\t\t\t\t<div class=\"elementor-element elementor-element-2e69fce6 elementor-widget elementor-widget-spacer\" data-id=\"2e69fce6\" data-element_type=\"widget\" data-e-type=\"widget\" data-widget_type=\"spacer.default\">\n\t\t\t\t\t\t\t<div class=\"elementor-spacer\">\n\t\t\t<div class=\"elementor-spacer-inner\"><\/div>\n\t\t<\/div>\n\t\t\t\t\t\t<\/div>\n\t\t\t\t<div class=\"elementor-element elementor-element-7decf9b3 elementor-arrows-position-inside elementor-pagination-position-outside elementor-widget elementor-widget-image-carousel\" data-id=\"7decf9b3\" data-element_type=\"widget\" data-e-type=\"widget\" data-settings=\"{&quot;navigation&quot;:&quot;both&quot;,&quot;autoplay&quot;:&quot;yes&quot;,&quot;pause_on_hover&quot;:&quot;yes&quot;,&quot;pause_on_interaction&quot;:&quot;yes&quot;,&quot;autoplay_speed&quot;:5000,&quot;infinite&quot;:&quot;yes&quot;,&quot;speed&quot;:500}\" data-widget_type=\"image-carousel.default\">\n\t\t\t\t\t\t\t<div class=\"elementor-image-carousel-wrapper swiper\" role=\"region\" aria-roledescription=\"carousel\" aria-label=\"Carrousel d\u2019images\" dir=\"ltr\">\n\t\t\t<div class=\"elementor-image-carousel swiper-wrapper\" aria-live=\"off\">\n\t\t\t\t\t\t\t\t<div class=\"swiper-slide\" role=\"group\" aria-roledescription=\"slide\" aria-label=\"1 sur 6\"><a data-elementor-open-lightbox=\"yes\" data-elementor-lightbox-slideshow=\"7decf9b3\" data-elementor-lightbox-title=\"Cadre flottant noir\" data-elementor-lightbox-description=\"Triptyque des r\u00e9sonnances\" data-e-action-hash=\"#elementor-action%3Aaction%3Dlightbox%26settings%3DeyJpZCI6MTQxNCwidXJsIjoiaHR0cHM6XC9cL2dlcnlmbGFnLmNvbVwvd3AtY29udGVudFwvdXBsb2Fkc1wvMjAyNVwvMTJcL1RyaXB0eXF1ZS1kZXMtcmVzb25uYWNlcy1mb25kLVR0cmEtQ0Fub2lyZV9vay53ZWJwIiwic2xpZGVzaG93IjoiN2RlY2Y5YjMifQ%3D%3D\" href=\"https:\/\/geryflag.com\/wp-content\/uploads\/2025\/12\/Triptyque-des-resonnaces-fond-Ttra-CAnoire_ok.webp\"><figure class=\"swiper-slide-inner\"><img decoding=\"async\" class=\"swiper-slide-image\" src=\"https:\/\/geryflag.com\/wp-content\/uploads\/elementor\/thumbs\/Triptyque-des-resonnaces-fond-Ttra-CAnoire_ok-rgcjfrnltn6718fds90w15ccrxpywr27kq3kdvtg40.webp\" alt=\"Cadre flottant noir\" \/><figcaption class=\"elementor-image-carousel-caption\">Cadre flottant noir<\/figcaption><\/figure><\/a><\/div><div class=\"swiper-slide\" role=\"group\" aria-roledescription=\"slide\" aria-label=\"2 sur 6\"><a data-elementor-open-lightbox=\"yes\" data-elementor-lightbox-slideshow=\"7decf9b3\" data-elementor-lightbox-title=\"cadre flottant blanc\" data-elementor-lightbox-description=\"Triptyque des r\u00e9sonnances\" data-e-action-hash=\"#elementor-action%3Aaction%3Dlightbox%26settings%3DeyJpZCI6MTQxMywidXJsIjoiaHR0cHM6XC9cL2dlcnlmbGFnLmNvbVwvd3AtY29udGVudFwvdXBsb2Fkc1wvMjAyNVwvMTJcL1RyaXB0eXF1ZS1kZXMtcmVzb25uYWNlcy1mb25kLVR0cmEtQ0FibGFuY2hlX29rLndlYnAiLCJzbGlkZXNob3ciOiI3ZGVjZjliMyJ9\" href=\"https:\/\/geryflag.com\/wp-content\/uploads\/2025\/12\/Triptyque-des-resonnaces-fond-Ttra-CAblanche_ok.webp\"><figure class=\"swiper-slide-inner\"><img decoding=\"async\" class=\"swiper-slide-image\" src=\"https:\/\/geryflag.com\/wp-content\/uploads\/elementor\/thumbs\/Triptyque-des-resonnaces-fond-Ttra-CAblanche_ok-rgcjfou3952c2ejh8pt0bo1yzs3v9nr0kc53y1xmmo.webp\" alt=\"cadre flottant blanc\" \/><figcaption class=\"elementor-image-carousel-caption\">cadre flottant blanc<\/figcaption><\/figure><\/a><\/div><div class=\"swiper-slide\" role=\"group\" aria-roledescription=\"slide\" aria-label=\"3 sur 6\"><a data-elementor-open-lightbox=\"yes\" data-elementor-lightbox-slideshow=\"7decf9b3\" data-elementor-lightbox-title=\"Sans cadre\" data-elementor-lightbox-description=\"Triptyque des r\u00e9sonnances\" data-e-action-hash=\"#elementor-action%3Aaction%3Dlightbox%26settings%3DeyJpZCI6MTQxMiwidXJsIjoiaHR0cHM6XC9cL2dlcnlmbGFnLmNvbVwvd3AtY29udGVudFwvdXBsb2Fkc1wvMjAyNVwvMTJcL1RyaXB0eXF1ZS1kZXMtcmVzb25uYWNlcy1mb25kLVR0cmFfb2sud2VicCIsInNsaWRlc2hvdyI6IjdkZWNmOWIzIn0%3D\" href=\"https:\/\/geryflag.com\/wp-content\/uploads\/2025\/12\/Triptyque-des-resonnaces-fond-Ttra_ok.webp\"><figure class=\"swiper-slide-inner\"><img decoding=\"async\" class=\"swiper-slide-image\" src=\"https:\/\/geryflag.com\/wp-content\/uploads\/elementor\/thumbs\/Triptyque-des-resonnaces-fond-Ttra_ok-rgcjfnw92b11qskue7edr6aiee8i1yna87hmgrz0sw.webp\" alt=\"Sans cadre\" \/><figcaption class=\"elementor-image-carousel-caption\">Sans cadre<\/figcaption><\/figure><\/a><\/div><div class=\"swiper-slide\" role=\"group\" aria-roledescription=\"slide\" aria-label=\"4 sur 6\"><a data-elementor-open-lightbox=\"yes\" data-elementor-lightbox-slideshow=\"7decf9b3\" data-elementor-lightbox-title=\"Cadre Fortibox studio blanc\" data-elementor-lightbox-description=\"Triptyque des r\u00e9sonnances\" data-e-action-hash=\"#elementor-action%3Aaction%3Dlightbox%26settings%3DeyJpZCI6MTQxMSwidXJsIjoiaHR0cHM6XC9cL2dlcnlmbGFnLmNvbVwvd3AtY29udGVudFwvdXBsb2Fkc1wvMjAyNVwvMTJcL1RyaXB0eXF1ZS1kZXMtcmVzb25uYWNlcy1mb25kLXRyYS1GQlMtYmxhbmNoZV9vay53ZWJwIiwic2xpZGVzaG93IjoiN2RlY2Y5YjMifQ%3D%3D\" href=\"https:\/\/geryflag.com\/wp-content\/uploads\/2025\/12\/Triptyque-des-resonnaces-fond-tra-FBS-blanche_ok.webp\"><figure class=\"swiper-slide-inner\"><img decoding=\"async\" class=\"swiper-slide-image\" src=\"https:\/\/geryflag.com\/wp-content\/uploads\/elementor\/thumbs\/Triptyque-des-resonnaces-fond-tra-FBS-blanche_ok-rgcjfl2qhsx6ryoxuo6i1p04m8meevc37tj60y37bk.webp\" alt=\"Cadre Fortibox studio blanc\" \/><figcaption class=\"elementor-image-carousel-caption\">Cadre Fortibox studio blanc<\/figcaption><\/figure><\/a><\/div><div class=\"swiper-slide\" role=\"group\" aria-roledescription=\"slide\" aria-label=\"5 sur 6\"><a data-elementor-open-lightbox=\"yes\" data-elementor-lightbox-slideshow=\"7decf9b3\" data-elementor-lightbox-title=\"Int\u00e9rieur\" data-elementor-lightbox-description=\"Triptyque des r\u00e9sonnances\" data-e-action-hash=\"#elementor-action%3Aaction%3Dlightbox%26settings%3DeyJpZCI6MTQ1OCwidXJsIjoiaHR0cHM6XC9cL2dlcnlmbGFnLmNvbVwvd3AtY29udGVudFwvdXBsb2Fkc1wvMjAyNVwvMTJcL1RyaXB0eXF1ZS1kZXMtcmVzb25hbmNlcy1pbnRlcmlldXIyX29rLndlYnAiLCJzbGlkZXNob3ciOiI3ZGVjZjliMyJ9\" href=\"https:\/\/geryflag.com\/wp-content\/uploads\/2025\/12\/Triptyque-des-resonances-interieur2_ok.webp\"><figure class=\"swiper-slide-inner\"><img decoding=\"async\" class=\"swiper-slide-image\" src=\"https:\/\/geryflag.com\/wp-content\/uploads\/elementor\/thumbs\/Triptyque-des-resonances-interieur2_ok-ri2plm6mx6p1oqf13qmr7m9m7rhahtni48u41864sw.webp?ver=1769164682\" alt=\"Tableau abstrait original-Triptyque des r\u00e9sonances\u2013unique-fait main-G\u00e9ry Flag\" \/><figcaption class=\"elementor-image-carousel-caption\">Int\u00e9rieur<\/figcaption><\/figure><\/a><\/div><div class=\"swiper-slide\" role=\"group\" aria-roledescription=\"slide\" aria-label=\"6 sur 6\"><a data-elementor-open-lightbox=\"yes\" data-elementor-lightbox-slideshow=\"7decf9b3\" data-e-action-hash=\"#elementor-action%3Aaction%3Dlightbox%26settings%3DeyJpZCI6MjAyNCwidXJsIjoiaHR0cHM6XC9cL2dlcnlmbGFnLmNvbVwvd3AtY29udGVudFwvdXBsb2Fkc1wvMjAyNVwvMTJcL1RyaXB0eXF1ZS1kZXMtcmVzb25hbmNlcy1kZXRhaWwud2VicCIsInNsaWRlc2hvdyI6IjdkZWNmOWIzIn0%3D\" href=\"https:\/\/geryflag.com\/wp-content\/uploads\/2025\/12\/Triptyque-des-resonances-detail.webp\"><figure class=\"swiper-slide-inner\"><img decoding=\"async\" class=\"swiper-slide-image\" src=\"https:\/\/geryflag.com\/wp-content\/uploads\/elementor\/thumbs\/Triptyque-des-resonances-detail-rgsfnetkxgj4a8anc25noeekuep7yt7urhs1imirio.webp\" alt=\"Triptyque des r\u00e9sonances detail\" \/><\/figure><\/a><\/div>\t\t\t<\/div>\n\t\t\t\t\t\t\t\t\t\t\t\t<div class=\"elementor-swiper-button elementor-swiper-button-prev\" role=\"button\" tabindex=\"0\">\n\t\t\t\t\t\t<svg aria-hidden=\"true\" class=\"e-font-icon-svg e-eicon-chevron-left\" viewBox=\"0 0 1000 1000\" xmlns=\"http:\/\/www.w3.org\/2000\/svg\"><path d=\"M646 125C629 125 613 133 604 142L308 442C296 454 292 471 292 487 292 504 296 521 308 533L604 854C617 867 629 875 646 875 663 875 679 871 692 858 704 846 713 829 713 812 713 796 708 779 692 767L438 487 692 225C700 217 708 204 708 187 708 171 704 154 692 142 675 129 663 125 646 125Z\"><\/path><\/svg>\t\t\t\t\t<\/div>\n\t\t\t\t\t<div class=\"elementor-swiper-button elementor-swiper-button-next\" role=\"button\" tabindex=\"0\">\n\t\t\t\t\t\t<svg aria-hidden=\"true\" class=\"e-font-icon-svg e-eicon-chevron-right\" viewBox=\"0 0 1000 1000\" xmlns=\"http:\/\/www.w3.org\/2000\/svg\"><path d=\"M696 533C708 521 713 504 713 487 713 471 708 454 696 446L400 146C388 133 375 125 354 125 338 125 325 129 313 142 300 154 292 171 292 187 292 204 296 221 308 233L563 492 304 771C292 783 288 800 288 817 288 833 296 850 308 863 321 871 338 875 354 875 371 875 388 867 400 854L696 533Z\"><\/path><\/svg>\t\t\t\t\t<\/div>\n\t\t\t\t\n\t\t\t\t\t\t\t\t\t<div class=\"swiper-pagination\"><\/div>\n\t\t\t\t\t\t\t\t\t<\/div>\n\t\t\t\t\t\t<\/div>\n\t\t\t\t\t<\/div>\n\t\t\t\t<\/div>\n\t\t\t\t<\/div>\n\t\t","protected":false},"excerpt":{"rendered":"<p>&lt; Retour \u00e0 la liste Triptyque des r\u00e9sonances Trois portes s\u2019ouvrent sur l\u2019invisible, r\u00e9sonnant dans la profondeur des couleurs. Trois fen\u00eatres verticales [&hellip;]<\/p>\n","protected":false},"author":1,"featured_media":0,"parent":0,"menu_order":0,"comment_status":"closed","ping_status":"closed","template":"elementor_header_footer","meta":{"footnotes":""},"folder":[11],"class_list":["post-951","page","type-page","status-publish","hentry"],"_links":{"self":[{"href":"https:\/\/geryflag.com\/index.php\/wp-json\/wp\/v2\/pages\/951","targetHints":{"allow":["GET"]}}],"collection":[{"href":"https:\/\/geryflag.com\/index.php\/wp-json\/wp\/v2\/pages"}],"about":[{"href":"https:\/\/geryflag.com\/index.php\/wp-json\/wp\/v2\/types\/page"}],"author":[{"embeddable":true,"href":"https:\/\/geryflag.com\/index.php\/wp-json\/wp\/v2\/users\/1"}],"replies":[{"embeddable":true,"href":"https:\/\/geryflag.com\/index.php\/wp-json\/wp\/v2\/comments?post=951"}],"version-history":[{"count":73,"href":"https:\/\/geryflag.com\/index.php\/wp-json\/wp\/v2\/pages\/951\/revisions"}],"predecessor-version":[{"id":2957,"href":"https:\/\/geryflag.com\/index.php\/wp-json\/wp\/v2\/pages\/951\/revisions\/2957"}],"wp:attachment":[{"href":"https:\/\/geryflag.com\/index.php\/wp-json\/wp\/v2\/media?parent=951"}],"wp:term":[{"taxonomy":"folder","embeddable":true,"href":"https:\/\/geryflag.com\/index.php\/wp-json\/wp\/v2\/folder?post=951"}],"curies":[{"name":"wp","href":"https:\/\/api.w.org\/{rel}","templated":true}]}}