{"id":628,"date":"2025-12-05T16:51:50","date_gmt":"2025-12-05T15:51:50","guid":{"rendered":"https:\/\/geryflag.com\/?page_id=628"},"modified":"2026-03-09T23:29:46","modified_gmt":"2026-03-09T22:29:46","slug":"mystere-en-expansion","status":"publish","type":"page","link":"https:\/\/geryflag.com\/index.php\/mystere-en-expansion\/","title":{"rendered":"Mystere en expansion"},"content":{"rendered":"\t\t<div data-elementor-type=\"wp-page\" data-elementor-id=\"628\" class=\"elementor elementor-628\">\n\t\t\t\t<div class=\"elementor-element elementor-element-2c850d31 e-flex e-con-boxed e-con e-parent\" data-id=\"2c850d31\" data-element_type=\"container\" data-e-type=\"container\">\n\t\t\t\t\t<div class=\"e-con-inner\">\n\t\t\t\t<div class=\"elementor-element elementor-element-3e22e794 elementor-widget elementor-widget-text-editor\" data-id=\"3e22e794\" data-element_type=\"widget\" data-e-type=\"widget\" data-widget_type=\"text-editor.default\">\n\t\t\t\t\t\t\t\t\t<p><a href=\"https:\/\/geryflag.com\/index.php\/archives-de-latelier\/\">&lt; Retour \u00e0 la liste<\/a><\/p>\t\t\t\t\t\t\t\t<\/div>\n\t\t\t\t\t<\/div>\n\t\t\t\t<\/div>\n\t\t<div class=\"elementor-element elementor-element-6ea57556 e-con-full e-flex e-con e-parent\" data-id=\"6ea57556\" data-element_type=\"container\" data-e-type=\"container\">\n\t\t\t\t<div class=\"elementor-element elementor-element-76479f54 elementor-invisible elementor-widget elementor-widget-image\" data-id=\"76479f54\" data-element_type=\"widget\" data-e-type=\"widget\" data-settings=\"{&quot;_animation&quot;:&quot;rotateIn&quot;}\" data-widget_type=\"image.default\">\n\t\t\t\t\t\t\t\t\t\t\t\t\t\t\t\t<a href=\"https:\/\/geryflag.com\/wp-content\/uploads\/2025\/12\/mystere-en-expension-40x40-1280_ok.png\" data-elementor-open-lightbox=\"yes\" data-elementor-lightbox-description=\"Peinture abstraite de G\u00e9ry Flag  - Myst\u00e8re en expansion\" data-e-action-hash=\"#elementor-action%3Aaction%3Dlightbox%26settings%3DeyJpZCI6MTYzMiwidXJsIjoiaHR0cHM6XC9cL2dlcnlmbGFnLmNvbVwvd3AtY29udGVudFwvdXBsb2Fkc1wvMjAyNVwvMTJcL215c3RlcmUtZW4tZXhwZW5zaW9uLTQweDQwLTEyODBfb2sucG5nIn0%3D\">\n\t\t\t\t\t\t\t<img fetchpriority=\"high\" decoding=\"async\" width=\"768\" height=\"765\" src=\"https:\/\/geryflag.com\/wp-content\/uploads\/2025\/12\/mystere-en-expension-40x40-1280_ok-768x765.png\" class=\"attachment-medium_large size-medium_large wp-image-1632\" alt=\"\" srcset=\"https:\/\/geryflag.com\/wp-content\/uploads\/2025\/12\/mystere-en-expension-40x40-1280_ok-768x765.png 768w, https:\/\/geryflag.com\/wp-content\/uploads\/2025\/12\/mystere-en-expension-40x40-1280_ok-402x400.png 402w, https:\/\/geryflag.com\/wp-content\/uploads\/2025\/12\/mystere-en-expension-40x40-1280_ok-300x300.png 300w, https:\/\/geryflag.com\/wp-content\/uploads\/2025\/12\/mystere-en-expension-40x40-1280_ok-1000x996.png 1000w, https:\/\/geryflag.com\/wp-content\/uploads\/2025\/12\/mystere-en-expension-40x40-1280_ok-230x229.png 230w, https:\/\/geryflag.com\/wp-content\/uploads\/2025\/12\/mystere-en-expension-40x40-1280_ok-350x349.png 350w, https:\/\/geryflag.com\/wp-content\/uploads\/2025\/12\/mystere-en-expension-40x40-1280_ok-480x478.png 480w, https:\/\/geryflag.com\/wp-content\/uploads\/2025\/12\/mystere-en-expension-40x40-1280_ok.png 1280w\" sizes=\"(max-width: 768px) 100vw, 768px\" \/>\t\t\t\t\t\t\t\t<\/a>\n\t\t\t\t\t\t\t\t\t\t\t\t\t\t\t<\/div>\n\t\t\t\t<div class=\"elementor-element elementor-element-11a7b104 elementor-widget elementor-widget-text-editor\" data-id=\"11a7b104\" data-element_type=\"widget\" data-e-type=\"widget\" data-widget_type=\"text-editor.default\">\n\t\t\t\t\t\t\t\t\t<h3 class=\"elementor-image-box-title\">Myst\u00e8re en expansion<\/h3><p>\u00c9tude d\u2019atelier (pi\u00e8ce issue de mes recherches artistiques)<\/p><p><!-- \/wp:paragraph --><\/p>\t\t\t\t\t\t\t\t<\/div>\n\t\t\t\t<div class=\"elementor-element elementor-element-c90df98 elementor-widget__width-initial elementor-widget-divider--view-line elementor-widget elementor-widget-divider\" data-id=\"c90df98\" data-element_type=\"widget\" data-e-type=\"widget\" data-widget_type=\"divider.default\">\n\t\t\t\t\t\t\t<div class=\"elementor-divider\">\n\t\t\t<span class=\"elementor-divider-separator\">\n\t\t\t\t\t\t<\/span>\n\t\t<\/div>\n\t\t\t\t\t\t<\/div>\n\t\t<div class=\"elementor-element elementor-element-67d4d7cb e-flex e-con-boxed e-con e-child\" data-id=\"67d4d7cb\" data-element_type=\"container\" data-e-type=\"container\">\n\t\t\t\t\t<div class=\"e-con-inner\">\n\t\t\t\t<div class=\"elementor-element elementor-element-6f3cf939 elementor-widget elementor-widget-text-editor\" data-id=\"6f3cf939\" data-element_type=\"widget\" data-e-type=\"widget\" data-widget_type=\"text-editor.default\">\n\t\t\t\t\t\t\t\t\t<p>Une collision d\u2019\u00e9nergies, un croisement vibrant entre verticalit\u00e9 et horizontalit\u00e9. Le noir jaillit comme une faille cosmique, l\u2019orange et le violet s\u2019y glissent en \u00e9clats de feu et de nuit. La ligne blanche traverse l\u2019espace comme un souffle, ponctu\u00e9e de rouge et de jaune \u2014 pulsations d\u2019un c\u0153ur abstrait.<\/p><p>Chaque trace, chaque \u00e9claboussure semble surgir d\u2019un mouvement int\u00e9rieur, d\u2019un myst\u00e8re en pleine croissance. Le fond beige orang\u00e9, discret et mouvant, laisse respirer la tension des couleurs, comme un silence qui amplifie le cri. C\u2019est une \u0153uvre qui ne se lit pas, elle se ressent \u2014 comme une \u00e9nigme qui s\u2019\u00e9tire, une expansion de l\u2019invisible.<\/p><p>\u00a0<\/p><p>Une pi\u00e8ce spontan\u00e9e, vibrante, n\u00e9e d\u2019un moment de recherche pure. Elle offre un regard privil\u00e9gi\u00e9 sur les coulisses de mon processus cr\u00e9atif et sur les bases qui nourrissent mes compositions g\u00e9om\u00e9triques et color\u00e9es actuelles.<\/p>\t\t\t\t\t\t\t\t<\/div>\n\t\t\t\t\t<\/div>\n\t\t\t\t<\/div>\n\t\t\t\t<div class=\"elementor-element elementor-element-1278a7c3 elementor-widget__width-initial elementor-widget-divider--view-line elementor-widget elementor-widget-divider\" data-id=\"1278a7c3\" data-element_type=\"widget\" data-e-type=\"widget\" data-widget_type=\"divider.default\">\n\t\t\t\t\t\t\t<div class=\"elementor-divider\">\n\t\t\t<span class=\"elementor-divider-separator\">\n\t\t\t\t\t\t<\/span>\n\t\t<\/div>\n\t\t\t\t\t\t<\/div>\n\t\t\t\t<div class=\"elementor-element elementor-element-507e360c elementor-widget elementor-widget-text-editor\" data-id=\"507e360c\" data-element_type=\"widget\" data-e-type=\"widget\" data-widget_type=\"text-editor.default\">\n\t\t\t\t\t\t\t\t\t<h5>D\u00e9couvrez ses d\u00e9tails techniques<\/h5>\t\t\t\t\t\t\t\t<\/div>\n\t\t\t\t<\/div>\n\t\t<div class=\"elementor-element elementor-element-232cab7f e-grid e-con-boxed e-con e-parent\" data-id=\"232cab7f\" data-element_type=\"container\" data-e-type=\"container\">\n\t\t\t\t\t<div class=\"e-con-inner\">\n\t\t\t\t<div class=\"elementor-element elementor-element-2779533a elementor-widget elementor-widget-image\" data-id=\"2779533a\" data-element_type=\"widget\" data-e-type=\"widget\" data-widget_type=\"image.default\">\n\t\t\t\t\t\t\t\t\t\t\t\t\t\t\t<img decoding=\"async\" width=\"300\" height=\"299\" src=\"https:\/\/geryflag.com\/wp-content\/uploads\/2025\/12\/mystere-en-expension-40x40-300px_ok.webp\" class=\"attachment-thumbnail size-thumbnail wp-image-1631\" alt=\"\" srcset=\"https:\/\/geryflag.com\/wp-content\/uploads\/2025\/12\/mystere-en-expension-40x40-300px_ok.webp 300w, https:\/\/geryflag.com\/wp-content\/uploads\/2025\/12\/mystere-en-expension-40x40-300px_ok-230x229.webp 230w\" sizes=\"(max-width: 300px) 100vw, 300px\" \/>\t\t\t\t\t\t\t\t\t\t\t\t\t\t\t<\/div>\n\t\t\t\t<div class=\"elementor-element elementor-element-503d31d4 elementor-widget elementor-widget-text-editor\" data-id=\"503d31d4\" data-element_type=\"widget\" data-e-type=\"widget\" data-widget_type=\"text-editor.default\">\n\t\t\t\t\t\t\t\t\t<p>Peinture acrylique sur toile en coton r\u00e9alis\u00e9e \u00e0 la main, mont\u00e9e sur ch\u00e2ssis bois g\u00e9n\u00e9rique.<\/p><p>Vernis Liquitex professionnel : Brillant<\/p><p>Dimensions : 40 x 40 cm (sans cadre).<\/p><p>Ann\u00e9e de cr\u00e9ation : 2019<\/p><p>S\u00e9rie : Portes de l&rsquo;invisible<\/p><p>Signature en bas \u00e0 droite et au dos<\/p><p>Pi\u00e8ce unique \u2013 R\u00e9f\u00a0: FU4001<\/p>\t\t\t\t\t\t\t\t<\/div>\n\t\t\t\t\t<\/div>\n\t\t\t\t<\/div>\n\t\t<div class=\"elementor-element elementor-element-2302a5e3 e-flex e-con-boxed e-con e-parent\" data-id=\"2302a5e3\" data-element_type=\"container\" data-e-type=\"container\">\n\t\t\t\t\t<div class=\"e-con-inner\">\n\t\t\t\t<div class=\"elementor-element elementor-element-3a7ad1f1 elementor-widget elementor-widget-spacer\" data-id=\"3a7ad1f1\" data-element_type=\"widget\" data-e-type=\"widget\" data-widget_type=\"spacer.default\">\n\t\t\t\t\t\t\t<div class=\"elementor-spacer\">\n\t\t\t<div class=\"elementor-spacer-inner\"><\/div>\n\t\t<\/div>\n\t\t\t\t\t\t<\/div>\n\t\t\t\t\t<\/div>\n\t\t\t\t<\/div>\n\t\t<div class=\"elementor-element elementor-element-57f83dec e-grid e-con-full e-con e-parent\" data-id=\"57f83dec\" data-element_type=\"container\" data-e-type=\"container\">\n\t\t\t\t<div class=\"elementor-element elementor-element-509bd441 elementor-align-center elementor-widget elementor-widget-button\" data-id=\"509bd441\" data-element_type=\"widget\" data-e-type=\"widget\" data-widget_type=\"button.default\">\n\t\t\t\t\t\t\t\t\t\t<a class=\"elementor-button elementor-button-link elementor-size-sm\" href=\"https:\/\/www.amazon.fr\/dp\/B0G1KDWFF3\">\n\t\t\t\t\t\t<span class=\"elementor-button-content-wrapper\">\n\t\t\t\t\t\t<span class=\"elementor-button-icon\">\n\t\t\t\t<svg aria-hidden=\"true\" class=\"e-font-icon-svg e-far-flag\" viewBox=\"0 0 512 512\" xmlns=\"http:\/\/www.w3.org\/2000\/svg\"><path d=\"M336.174 80c-49.132 0-93.305-32-161.913-32-31.301 0-58.303 6.482-80.721 15.168a48.04 48.04 0 0 0 2.142-20.727C93.067 19.575 74.167 1.594 51.201.104 23.242-1.71 0 20.431 0 48c0 17.764 9.657 33.262 24 41.562V496c0 8.837 7.163 16 16 16h16c8.837 0 16-7.163 16-16v-83.443C109.869 395.28 143.259 384 199.826 384c49.132 0 93.305 32 161.913 32 58.479 0 101.972-22.617 128.548-39.981C503.846 367.161 512 352.051 512 335.855V95.937c0-34.459-35.264-57.768-66.904-44.117C409.193 67.309 371.641 80 336.174 80zM464 336c-21.783 15.412-60.824 32-102.261 32-59.945 0-102.002-32-161.913-32-43.361 0-96.379 9.403-127.826 24V128c21.784-15.412 60.824-32 102.261-32 59.945 0 102.002 32 161.913 32 43.271 0 96.32-17.366 127.826-32v240z\"><\/path><\/svg>\t\t\t<\/span>\n\t\t\t\t\t\t\t\t\t<span class=\"elementor-button-text\">Aquerir cette oeuvre<\/span>\n\t\t\t\t\t<\/span>\n\t\t\t\t\t<\/a>\n\t\t\t\t\t\t\t\t<\/div>\n\t\t\t\t<div class=\"elementor-element elementor-element-b5513ee elementor-widget elementor-widget-text-editor\" data-id=\"b5513ee\" data-element_type=\"widget\" data-e-type=\"widget\" data-widget_type=\"text-editor.default\">\n\t\t\t\t\t\t\t\t\t<p>Habituellement conserv\u00e9e en atelier, cette \u00e9tude est exceptionnellement propos\u00e9e \u00e0 la vente au tarif atelier.<\/p>\t\t\t\t\t\t\t\t<\/div>\n\t\t\t\t<\/div>\n\t\t<div class=\"elementor-element elementor-element-473c665a e-flex e-con-boxed e-con e-parent\" data-id=\"473c665a\" data-element_type=\"container\" data-e-type=\"container\">\n\t\t\t\t\t<div class=\"e-con-inner\">\n\t\t\t\t\t<\/div>\n\t\t\t\t<\/div>\n\t\t\t\t<\/div>\n\t\t","protected":false},"excerpt":{"rendered":"<p>&lt; Retour \u00e0 la liste Myst\u00e8re en expansion \u00c9tude d\u2019atelier (pi\u00e8ce issue de mes recherches artistiques) Une collision d\u2019\u00e9nergies, un croisement vibrant [&hellip;]<\/p>\n","protected":false},"author":1,"featured_media":0,"parent":0,"menu_order":0,"comment_status":"closed","ping_status":"closed","template":"elementor_header_footer","meta":{"footnotes":""},"folder":[11],"class_list":["post-628","page","type-page","status-publish","hentry"],"_links":{"self":[{"href":"https:\/\/geryflag.com\/index.php\/wp-json\/wp\/v2\/pages\/628","targetHints":{"allow":["GET"]}}],"collection":[{"href":"https:\/\/geryflag.com\/index.php\/wp-json\/wp\/v2\/pages"}],"about":[{"href":"https:\/\/geryflag.com\/index.php\/wp-json\/wp\/v2\/types\/page"}],"author":[{"embeddable":true,"href":"https:\/\/geryflag.com\/index.php\/wp-json\/wp\/v2\/users\/1"}],"replies":[{"embeddable":true,"href":"https:\/\/geryflag.com\/index.php\/wp-json\/wp\/v2\/comments?post=628"}],"version-history":[{"count":82,"href":"https:\/\/geryflag.com\/index.php\/wp-json\/wp\/v2\/pages\/628\/revisions"}],"predecessor-version":[{"id":2966,"href":"https:\/\/geryflag.com\/index.php\/wp-json\/wp\/v2\/pages\/628\/revisions\/2966"}],"wp:attachment":[{"href":"https:\/\/geryflag.com\/index.php\/wp-json\/wp\/v2\/media?parent=628"}],"wp:term":[{"taxonomy":"folder","embeddable":true,"href":"https:\/\/geryflag.com\/index.php\/wp-json\/wp\/v2\/folder?post=628"}],"curies":[{"name":"wp","href":"https:\/\/api.w.org\/{rel}","templated":true}]}}