{"id":620,"date":"2025-12-05T16:41:38","date_gmt":"2025-12-05T15:41:38","guid":{"rendered":"https:\/\/geryflag.com\/?page_id=620"},"modified":"2026-03-09T23:30:18","modified_gmt":"2026-03-09T22:30:18","slug":"elementor-page-620","status":"publish","type":"page","link":"https:\/\/geryflag.com\/index.php\/elementor-page-620\/","title":{"rendered":"Nexus secret"},"content":{"rendered":"\t\t<div data-elementor-type=\"wp-page\" data-elementor-id=\"620\" class=\"elementor elementor-620\">\n\t\t\t\t<div class=\"elementor-element elementor-element-c8fed61 e-flex e-con-boxed e-con e-parent\" data-id=\"c8fed61\" data-element_type=\"container\" data-e-type=\"container\">\n\t\t\t\t\t<div class=\"e-con-inner\">\n\t\t\t\t<div class=\"elementor-element elementor-element-5d2f2085 elementor-widget elementor-widget-text-editor\" data-id=\"5d2f2085\" data-element_type=\"widget\" data-e-type=\"widget\" data-widget_type=\"text-editor.default\">\n\t\t\t\t\t\t\t\t\t<p><a href=\"https:\/\/geryflag.com\/index.php\/archives-de-latelier\/\">&lt; Retour \u00e0 la liste<\/a><\/p>\t\t\t\t\t\t\t\t<\/div>\n\t\t\t\t\t<\/div>\n\t\t\t\t<\/div>\n\t\t<div class=\"elementor-element elementor-element-14e92fea e-con-full e-flex e-con e-parent\" data-id=\"14e92fea\" data-element_type=\"container\" data-e-type=\"container\">\n\t\t\t\t<div class=\"elementor-element elementor-element-48fe887 animated-slow elementor-invisible elementor-widget elementor-widget-image\" data-id=\"48fe887\" data-element_type=\"widget\" data-e-type=\"widget\" data-settings=\"{&quot;_animation&quot;:&quot;rotateIn&quot;}\" data-widget_type=\"image.default\">\n\t\t\t\t\t\t\t\t\t\t\t\t\t\t\t\t<a href=\"https:\/\/geryflag.com\/wp-content\/uploads\/2025\/12\/Nexus-secret-40x40-1280px_ok.webp\" data-elementor-open-lightbox=\"yes\" data-elementor-lightbox-description=\"Peinture abstraite de G\u00e9ry Flag  - Nexus secret\" data-e-action-hash=\"#elementor-action%3Aaction%3Dlightbox%26settings%3DeyJpZCI6MTY0NSwidXJsIjoiaHR0cHM6XC9cL2dlcnlmbGFnLmNvbVwvd3AtY29udGVudFwvdXBsb2Fkc1wvMjAyNVwvMTJcL05leHVzLXNlY3JldC00MHg0MC0xMjgwcHhfb2sud2VicCJ9\">\n\t\t\t\t\t\t\t<img fetchpriority=\"high\" decoding=\"async\" width=\"768\" height=\"768\" src=\"https:\/\/geryflag.com\/wp-content\/uploads\/2025\/12\/Nexus-secret-40x40-1280px_ok-768x768.webp\" class=\"attachment-medium_large size-medium_large wp-image-1645\" alt=\"\" srcset=\"https:\/\/geryflag.com\/wp-content\/uploads\/2025\/12\/Nexus-secret-40x40-1280px_ok-768x768.webp 768w, https:\/\/geryflag.com\/wp-content\/uploads\/2025\/12\/Nexus-secret-40x40-1280px_ok-400x400.webp 400w, https:\/\/geryflag.com\/wp-content\/uploads\/2025\/12\/Nexus-secret-40x40-1280px_ok-300x300.webp 300w, https:\/\/geryflag.com\/wp-content\/uploads\/2025\/12\/Nexus-secret-40x40-1280px_ok-1000x1000.webp 1000w, https:\/\/geryflag.com\/wp-content\/uploads\/2025\/12\/Nexus-secret-40x40-1280px_ok-230x230.webp 230w, https:\/\/geryflag.com\/wp-content\/uploads\/2025\/12\/Nexus-secret-40x40-1280px_ok-350x350.webp 350w, https:\/\/geryflag.com\/wp-content\/uploads\/2025\/12\/Nexus-secret-40x40-1280px_ok-480x480.webp 480w, https:\/\/geryflag.com\/wp-content\/uploads\/2025\/12\/Nexus-secret-40x40-1280px_ok.webp 1280w\" sizes=\"(max-width: 768px) 100vw, 768px\" \/>\t\t\t\t\t\t\t\t<\/a>\n\t\t\t\t\t\t\t\t\t\t\t\t\t\t\t<\/div>\n\t\t\t\t<div class=\"elementor-element elementor-element-39cb2cb3 elementor-widget elementor-widget-text-editor\" data-id=\"39cb2cb3\" data-element_type=\"widget\" data-e-type=\"widget\" data-widget_type=\"text-editor.default\">\n\t\t\t\t\t\t\t\t\t<h3 class=\"elementor-image-box-title\">Nexus secret<\/h3><p>\u00c9tude d\u2019atelier (pi\u00e8ce issue de mes recherches artistiques)<\/p><p><!-- \/wp:paragraph --><\/p>\t\t\t\t\t\t\t\t<\/div>\n\t\t\t\t<div class=\"elementor-element elementor-element-6d104b3e elementor-widget__width-initial elementor-widget-divider--view-line elementor-widget elementor-widget-divider\" data-id=\"6d104b3e\" data-element_type=\"widget\" data-e-type=\"widget\" data-widget_type=\"divider.default\">\n\t\t\t\t\t\t\t<div class=\"elementor-divider\">\n\t\t\t<span class=\"elementor-divider-separator\">\n\t\t\t\t\t\t<\/span>\n\t\t<\/div>\n\t\t\t\t\t\t<\/div>\n\t\t<div class=\"elementor-element elementor-element-3a503f8e e-flex e-con-boxed e-con e-child\" data-id=\"3a503f8e\" data-element_type=\"container\" data-e-type=\"container\">\n\t\t\t\t\t<div class=\"e-con-inner\">\n\t\t\t\t<div class=\"elementor-element elementor-element-28a04010 elementor-widget elementor-widget-text-editor\" data-id=\"28a04010\" data-element_type=\"widget\" data-e-type=\"widget\" data-widget_type=\"text-editor.default\">\n\t\t\t\t\t\t\t\t\t<p>Un carrefour invisible o\u00f9 les forces se rencontrent et se r\u00e9v\u00e8lent. Les couleurs \u2014 rouge incandescent, orange \u00e9clatant, violet profond, vert vibrant \u2014 s\u2019entrelacent dans une danse myst\u00e9rieuse, comme les fragments d\u2019un langage cach\u00e9. Les lignes blanches et noires tracent des trajectoires secr\u00e8tes, reliant l\u2019inattendu, structurant le chaos en une harmonie subtile.<\/p><p>Le fond beige agit comme une chambre silencieuse, un espace o\u00f9 l\u2019\u00e9nergie chromatique peut se d\u00e9ployer sans entrave. Chaque geste est une \u00e9nigme, chaque \u00e9clat une cl\u00e9\u202f: <em>Nexus secret<\/em> est une porte vers l\u2019invisible, une cartographie \u00e9motionnelle o\u00f9 l\u2019ordre et le vertige se rejoignent.<\/p><p>Cette \u00e9tude a \u00e9t\u00e9 r\u00e9alis\u00e9e au c\u0153ur de mon atelier, dans une phase d\u2019exploration libre autour de couleurs chaudes, de connexion dynamique et d&rsquo;une gestuelle spontan\u00e9e sous forme de trace par suppression de mati\u00e8re<\/p>\t\t\t\t\t\t\t\t<\/div>\n\t\t\t\t\t<\/div>\n\t\t\t\t<\/div>\n\t\t\t\t<div class=\"elementor-element elementor-element-5dff2a77 elementor-widget__width-initial elementor-widget-divider--view-line elementor-widget elementor-widget-divider\" data-id=\"5dff2a77\" data-element_type=\"widget\" data-e-type=\"widget\" data-widget_type=\"divider.default\">\n\t\t\t\t\t\t\t<div class=\"elementor-divider\">\n\t\t\t<span class=\"elementor-divider-separator\">\n\t\t\t\t\t\t<\/span>\n\t\t<\/div>\n\t\t\t\t\t\t<\/div>\n\t\t\t\t<div class=\"elementor-element elementor-element-c184801 elementor-widget elementor-widget-text-editor\" data-id=\"c184801\" data-element_type=\"widget\" data-e-type=\"widget\" data-widget_type=\"text-editor.default\">\n\t\t\t\t\t\t\t\t\t<h5>D\u00e9couvrez ses d\u00e9tails techniques<\/h5>\t\t\t\t\t\t\t\t<\/div>\n\t\t\t\t<\/div>\n\t\t<div class=\"elementor-element elementor-element-58cc0019 e-grid e-con-boxed e-con e-parent\" data-id=\"58cc0019\" data-element_type=\"container\" data-e-type=\"container\">\n\t\t\t\t\t<div class=\"e-con-inner\">\n\t\t\t\t<div class=\"elementor-element elementor-element-a33b810 elementor-widget elementor-widget-image\" data-id=\"a33b810\" data-element_type=\"widget\" data-e-type=\"widget\" data-widget_type=\"image.default\">\n\t\t\t\t\t\t\t\t\t\t\t\t\t\t\t<img decoding=\"async\" width=\"300\" height=\"300\" src=\"https:\/\/geryflag.com\/wp-content\/uploads\/2025\/12\/Nexus-secret-40x40-300px_ok_ok.webp\" class=\"attachment-thumbnail size-thumbnail wp-image-1644\" alt=\"\" srcset=\"https:\/\/geryflag.com\/wp-content\/uploads\/2025\/12\/Nexus-secret-40x40-300px_ok_ok.webp 300w, https:\/\/geryflag.com\/wp-content\/uploads\/2025\/12\/Nexus-secret-40x40-300px_ok_ok-230x230.webp 230w\" sizes=\"(max-width: 300px) 100vw, 300px\" \/>\t\t\t\t\t\t\t\t\t\t\t\t\t\t\t<\/div>\n\t\t\t\t<div class=\"elementor-element elementor-element-64df8242 elementor-widget elementor-widget-text-editor\" data-id=\"64df8242\" data-element_type=\"widget\" data-e-type=\"widget\" data-widget_type=\"text-editor.default\">\n\t\t\t\t\t\t\t\t\t<p>Peinture acrylique sur toile en coton r\u00e9alis\u00e9e \u00e0 la main, mont\u00e9e sur ch\u00e2ssis bois g\u00e9n\u00e9rique.<\/p><p>Vernis Liquitex professionnel : Brillant<\/p><p>Dimensions : 40 x 40 cm (sans cadre).<\/p><p>Ann\u00e9e de cr\u00e9ation : 2014<\/p><p>S\u00e9rie : Portes de l&rsquo;invisible<\/p><p>Signature en bas \u00e0 droite et au dos<\/p><p>Pi\u00e8ce unique \u2013 R\u00e9f\u00a0: JON4001<\/p>\t\t\t\t\t\t\t\t<\/div>\n\t\t\t\t\t<\/div>\n\t\t\t\t<\/div>\n\t\t<div class=\"elementor-element elementor-element-68fbb8 e-flex e-con-boxed e-con e-parent\" data-id=\"68fbb8\" data-element_type=\"container\" data-e-type=\"container\">\n\t\t\t\t\t<div class=\"e-con-inner\">\n\t\t\t\t<div class=\"elementor-element elementor-element-6ae5adb4 elementor-widget elementor-widget-spacer\" data-id=\"6ae5adb4\" data-element_type=\"widget\" data-e-type=\"widget\" data-widget_type=\"spacer.default\">\n\t\t\t\t\t\t\t<div class=\"elementor-spacer\">\n\t\t\t<div class=\"elementor-spacer-inner\"><\/div>\n\t\t<\/div>\n\t\t\t\t\t\t<\/div>\n\t\t\t\t<div class=\"elementor-element elementor-element-5903625 elementor-widget elementor-widget-text-editor\" data-id=\"5903625\" data-element_type=\"widget\" data-e-type=\"widget\" data-widget_type=\"text-editor.default\">\n\t\t\t\t\t\t\t\t\t<p>Habituellement conserv\u00e9e en atelier, cette \u00e9tude est exceptionnellement propos\u00e9e \u00e0 la vente au tarif atelier.<\/p>\t\t\t\t\t\t\t\t<\/div>\n\t\t\t\t\t<\/div>\n\t\t\t\t<\/div>\n\t\t<div class=\"elementor-element elementor-element-74a40f30 e-grid e-con-full e-con e-parent\" data-id=\"74a40f30\" data-element_type=\"container\" data-e-type=\"container\">\n\t\t\t\t<div class=\"elementor-element elementor-element-4e27b6f0 elementor-align-center elementor-widget elementor-widget-button\" data-id=\"4e27b6f0\" data-element_type=\"widget\" data-e-type=\"widget\" data-widget_type=\"button.default\">\n\t\t\t\t\t\t\t\t\t\t<a class=\"elementor-button elementor-button-link elementor-size-sm\" href=\"https:\/\/www.amazon.fr\/dp\/B0G1CNT71G\">\n\t\t\t\t\t\t<span class=\"elementor-button-content-wrapper\">\n\t\t\t\t\t\t<span class=\"elementor-button-icon\">\n\t\t\t\t<svg aria-hidden=\"true\" class=\"e-font-icon-svg e-far-flag\" viewBox=\"0 0 512 512\" xmlns=\"http:\/\/www.w3.org\/2000\/svg\"><path d=\"M336.174 80c-49.132 0-93.305-32-161.913-32-31.301 0-58.303 6.482-80.721 15.168a48.04 48.04 0 0 0 2.142-20.727C93.067 19.575 74.167 1.594 51.201.104 23.242-1.71 0 20.431 0 48c0 17.764 9.657 33.262 24 41.562V496c0 8.837 7.163 16 16 16h16c8.837 0 16-7.163 16-16v-83.443C109.869 395.28 143.259 384 199.826 384c49.132 0 93.305 32 161.913 32 58.479 0 101.972-22.617 128.548-39.981C503.846 367.161 512 352.051 512 335.855V95.937c0-34.459-35.264-57.768-66.904-44.117C409.193 67.309 371.641 80 336.174 80zM464 336c-21.783 15.412-60.824 32-102.261 32-59.945 0-102.002-32-161.913-32-43.361 0-96.379 9.403-127.826 24V128c21.784-15.412 60.824-32 102.261-32 59.945 0 102.002 32 161.913 32 43.271 0 96.32-17.366 127.826-32v240z\"><\/path><\/svg>\t\t\t<\/span>\n\t\t\t\t\t\t\t\t\t<span class=\"elementor-button-text\">Aquerir cette oeuvre<\/span>\n\t\t\t\t\t<\/span>\n\t\t\t\t\t<\/a>\n\t\t\t\t\t\t\t\t<\/div>\n\t\t\t\t<\/div>\n\t\t<div class=\"elementor-element elementor-element-6e93edcf e-flex e-con-boxed e-con e-parent\" data-id=\"6e93edcf\" data-element_type=\"container\" data-e-type=\"container\">\n\t\t\t\t\t<div class=\"e-con-inner\">\n\t\t\t\t<div class=\"elementor-element elementor-element-563d12f5 elementor-arrows-position-inside elementor-pagination-position-outside elementor-widget elementor-widget-image-carousel\" data-id=\"563d12f5\" data-element_type=\"widget\" data-e-type=\"widget\" data-settings=\"{&quot;navigation&quot;:&quot;both&quot;,&quot;autoplay&quot;:&quot;yes&quot;,&quot;pause_on_hover&quot;:&quot;yes&quot;,&quot;pause_on_interaction&quot;:&quot;yes&quot;,&quot;autoplay_speed&quot;:5000,&quot;infinite&quot;:&quot;yes&quot;,&quot;speed&quot;:500}\" data-widget_type=\"image-carousel.default\">\n\t\t\t\t\t\t\t<div class=\"elementor-image-carousel-wrapper swiper\" role=\"region\" aria-roledescription=\"carousel\" aria-label=\"Carrousel d\u2019images\" dir=\"ltr\">\n\t\t\t<div class=\"elementor-image-carousel swiper-wrapper\" aria-live=\"off\">\n\t\t\t\t\t\t\t\t<div class=\"swiper-slide\" role=\"group\" aria-roledescription=\"slide\" aria-label=\"1 sur 4\"><a data-elementor-open-lightbox=\"yes\" data-elementor-lightbox-slideshow=\"563d12f5\" data-elementor-lightbox-title=\"Sans cadre\" data-elementor-lightbox-description=\"Peinture abstraite de G\u00e9ry Flag  - Nexus secret\" data-e-action-hash=\"#elementor-action%3Aaction%3Dlightbox%26settings%3DeyJpZCI6MTY0NywidXJsIjoiaHR0cHM6XC9cL2dlcnlmbGFnLmNvbVwvd3AtY29udGVudFwvdXBsb2Fkc1wvMjAyNVwvMTJcL05leHVzLXNlY3JldC00MHg0MC1mb25kLVRSX29rLndlYnAiLCJzbGlkZXNob3ciOiI1NjNkMTJmNSJ9\" href=\"https:\/\/geryflag.com\/wp-content\/uploads\/2025\/12\/Nexus-secret-40x40-fond-TR_ok.webp\"><figure class=\"swiper-slide-inner\"><img decoding=\"async\" class=\"swiper-slide-image\" src=\"https:\/\/geryflag.com\/wp-content\/uploads\/elementor\/thumbs\/Nexus-secret-40x40-fond-TR_ok-rghwpc2zbdk2cw67h73xoxhy9yr9ab4dthid21rhe8.webp\" alt=\"Sans cadre\" \/><figcaption class=\"elementor-image-carousel-caption\">Sans cadre<\/figcaption><\/figure><\/a><\/div><div class=\"swiper-slide\" role=\"group\" aria-roledescription=\"slide\" aria-label=\"2 sur 4\"><a data-elementor-open-lightbox=\"yes\" data-elementor-lightbox-slideshow=\"563d12f5\" data-elementor-lightbox-title=\"Cadre flottant blanc\" data-elementor-lightbox-description=\"Peinture abstraite de G\u00e9ry Flag  - Nexus secret\" data-e-action-hash=\"#elementor-action%3Aaction%3Dlightbox%26settings%3DeyJpZCI6MTY0OCwidXJsIjoiaHR0cHM6XC9cL2dlcnlmbGFnLmNvbVwvd3AtY29udGVudFwvdXBsb2Fkc1wvMjAyNVwvMTJcL05leHVzLXNlY3JldC00MHg0MC1mb25kLVRSLUNBLWJsYW5jaGVfb2sud2VicCIsInNsaWRlc2hvdyI6IjU2M2QxMmY1In0%3D\" href=\"https:\/\/geryflag.com\/wp-content\/uploads\/2025\/12\/Nexus-secret-40x40-fond-TR-CA-blanche_ok.webp\"><figure class=\"swiper-slide-inner\"><img decoding=\"async\" class=\"swiper-slide-image\" src=\"https:\/\/geryflag.com\/wp-content\/uploads\/elementor\/thumbs\/Nexus-secret-40x40-fond-TR-CA-blanche_ok-rghwpdynp1mn043h67x6tx0vgqhzppbuhqtc0lop1s.webp\" alt=\"Cadre flottant blanc\" \/><figcaption class=\"elementor-image-carousel-caption\">Cadre flottant blanc<\/figcaption><\/figure><\/a><\/div><div class=\"swiper-slide\" role=\"group\" aria-roledescription=\"slide\" aria-label=\"3 sur 4\"><a data-elementor-open-lightbox=\"yes\" data-elementor-lightbox-slideshow=\"563d12f5\" data-elementor-lightbox-title=\"Cadre Fortibox Studio blanc\" data-elementor-lightbox-description=\"Peinture abstraite de G\u00e9ry Flag  - Nexus secret\" data-e-action-hash=\"#elementor-action%3Aaction%3Dlightbox%26settings%3DeyJpZCI6MTY0NiwidXJsIjoiaHR0cHM6XC9cL2dlcnlmbGFnLmNvbVwvd3AtY29udGVudFwvdXBsb2Fkc1wvMjAyNVwvMTJcL05leHVzLXNlY3JldC00MHg0MC1mb25kLUZCUy1DQS1ibGFuY2hlX29rLndlYnAiLCJzbGlkZXNob3ciOiI1NjNkMTJmNSJ9\" href=\"https:\/\/geryflag.com\/wp-content\/uploads\/2025\/12\/Nexus-secret-40x40-fond-FBS-CA-blanche_ok.webp\"><figure class=\"swiper-slide-inner\"><img decoding=\"async\" class=\"swiper-slide-image\" src=\"https:\/\/geryflag.com\/wp-content\/uploads\/elementor\/thumbs\/Nexus-secret-40x40-fond-FBS-CA-blanche_ok-rghwpa7axphhpo8xs6aojxz1370iuwwx587e3hu9qo.webp\" alt=\"Cadre Fortibox Studio blanc\" \/><figcaption class=\"elementor-image-carousel-caption\">Cadre Fortibox Studio blanc<\/figcaption><\/figure><\/a><\/div><div class=\"swiper-slide\" role=\"group\" aria-roledescription=\"slide\" aria-label=\"4 sur 4\"><a data-elementor-open-lightbox=\"yes\" data-elementor-lightbox-slideshow=\"563d12f5\" data-elementor-lightbox-title=\"Cadre flottant noir\" data-elementor-lightbox-description=\"Peinture abstraite de G\u00e9ry Flag  - Nexus secret\" data-e-action-hash=\"#elementor-action%3Aaction%3Dlightbox%26settings%3DeyJpZCI6MTY0OSwidXJsIjoiaHR0cHM6XC9cL2dlcnlmbGFnLmNvbVwvd3AtY29udGVudFwvdXBsb2Fkc1wvMjAyNVwvMTJcL05leHVzLXNlY3JldC00MHg0MC1mb25kLVRSLUNBLW5vaXJlX29rLndlYnAiLCJzbGlkZXNob3ciOiI1NjNkMTJmNSJ9\" href=\"https:\/\/geryflag.com\/wp-content\/uploads\/2025\/12\/Nexus-secret-40x40-fond-TR-CA-noire_ok.webp\"><figure class=\"swiper-slide-inner\"><img decoding=\"async\" class=\"swiper-slide-image\" src=\"https:\/\/geryflag.com\/wp-content\/uploads\/elementor\/thumbs\/Nexus-secret-40x40-fond-TR-CA-noire_ok-rghwpfuc2pp7nc0qv8qfywjsni8q53jb604az5lwpc.webp\" alt=\"Cadre flottant noir\" \/><figcaption class=\"elementor-image-carousel-caption\">Cadre flottant noir<\/figcaption><\/figure><\/a><\/div>\t\t\t<\/div>\n\t\t\t\t\t\t\t\t\t\t\t\t<div class=\"elementor-swiper-button elementor-swiper-button-prev\" role=\"button\" tabindex=\"0\">\n\t\t\t\t\t\t<svg aria-hidden=\"true\" class=\"e-font-icon-svg e-eicon-chevron-left\" viewBox=\"0 0 1000 1000\" xmlns=\"http:\/\/www.w3.org\/2000\/svg\"><path d=\"M646 125C629 125 613 133 604 142L308 442C296 454 292 471 292 487 292 504 296 521 308 533L604 854C617 867 629 875 646 875 663 875 679 871 692 858 704 846 713 829 713 812 713 796 708 779 692 767L438 487 692 225C700 217 708 204 708 187 708 171 704 154 692 142 675 129 663 125 646 125Z\"><\/path><\/svg>\t\t\t\t\t<\/div>\n\t\t\t\t\t<div class=\"elementor-swiper-button elementor-swiper-button-next\" role=\"button\" tabindex=\"0\">\n\t\t\t\t\t\t<svg aria-hidden=\"true\" class=\"e-font-icon-svg e-eicon-chevron-right\" viewBox=\"0 0 1000 1000\" xmlns=\"http:\/\/www.w3.org\/2000\/svg\"><path d=\"M696 533C708 521 713 504 713 487 713 471 708 454 696 446L400 146C388 133 375 125 354 125 338 125 325 129 313 142 300 154 292 171 292 187 292 204 296 221 308 233L563 492 304 771C292 783 288 800 288 817 288 833 296 850 308 863 321 871 338 875 354 875 371 875 388 867 400 854L696 533Z\"><\/path><\/svg>\t\t\t\t\t<\/div>\n\t\t\t\t\n\t\t\t\t\t\t\t\t\t<div class=\"swiper-pagination\"><\/div>\n\t\t\t\t\t\t\t\t\t<\/div>\n\t\t\t\t\t\t<\/div>\n\t\t\t\t\t<\/div>\n\t\t\t\t<\/div>\n\t\t\t\t<\/div>\n\t\t","protected":false},"excerpt":{"rendered":"<p>&lt; Retour \u00e0 la liste Nexus secret \u00c9tude d\u2019atelier (pi\u00e8ce issue de mes recherches artistiques) Un carrefour invisible o\u00f9 les forces se [&hellip;]<\/p>\n","protected":false},"author":1,"featured_media":0,"parent":0,"menu_order":0,"comment_status":"closed","ping_status":"closed","template":"elementor_header_footer","meta":{"footnotes":""},"folder":[11],"class_list":["post-620","page","type-page","status-publish","hentry"],"_links":{"self":[{"href":"https:\/\/geryflag.com\/index.php\/wp-json\/wp\/v2\/pages\/620","targetHints":{"allow":["GET"]}}],"collection":[{"href":"https:\/\/geryflag.com\/index.php\/wp-json\/wp\/v2\/pages"}],"about":[{"href":"https:\/\/geryflag.com\/index.php\/wp-json\/wp\/v2\/types\/page"}],"author":[{"embeddable":true,"href":"https:\/\/geryflag.com\/index.php\/wp-json\/wp\/v2\/users\/1"}],"replies":[{"embeddable":true,"href":"https:\/\/geryflag.com\/index.php\/wp-json\/wp\/v2\/comments?post=620"}],"version-history":[{"count":73,"href":"https:\/\/geryflag.com\/index.php\/wp-json\/wp\/v2\/pages\/620\/revisions"}],"predecessor-version":[{"id":2969,"href":"https:\/\/geryflag.com\/index.php\/wp-json\/wp\/v2\/pages\/620\/revisions\/2969"}],"wp:attachment":[{"href":"https:\/\/geryflag.com\/index.php\/wp-json\/wp\/v2\/media?parent=620"}],"wp:term":[{"taxonomy":"folder","embeddable":true,"href":"https:\/\/geryflag.com\/index.php\/wp-json\/wp\/v2\/folder?post=620"}],"curies":[{"name":"wp","href":"https:\/\/api.w.org\/{rel}","templated":true}]}}