{"id":511,"date":"2025-12-04T18:14:19","date_gmt":"2025-12-04T17:14:19","guid":{"rendered":"https:\/\/geryflag.com\/?page_id=511"},"modified":"2026-03-03T19:20:34","modified_gmt":"2026-03-03T18:20:34","slug":"fluxoria","status":"publish","type":"page","link":"https:\/\/geryflag.com\/index.php\/fluxoria\/","title":{"rendered":"fluxoria"},"content":{"rendered":"\t\t<div data-elementor-type=\"wp-page\" data-elementor-id=\"511\" class=\"elementor elementor-511\">\n\t\t\t\t<div class=\"elementor-element elementor-element-520e08da e-con-full e-flex e-con e-parent\" data-id=\"520e08da\" data-element_type=\"container\" data-e-type=\"container\" data-settings=\"{&quot;background_background&quot;:&quot;classic&quot;}\">\n\t\t\t\t<div class=\"elementor-element elementor-element-c2e27ce elementor-widget elementor-widget-spacer\" data-id=\"c2e27ce\" data-element_type=\"widget\" data-e-type=\"widget\" data-widget_type=\"spacer.default\">\n\t\t\t\t\t\t\t<div class=\"elementor-spacer\">\n\t\t\t<div class=\"elementor-spacer-inner\"><\/div>\n\t\t<\/div>\n\t\t\t\t\t\t<\/div>\n\t\t\t\t<div class=\"elementor-element elementor-element-529ff08d elementor-widget elementor-widget-text-editor\" data-id=\"529ff08d\" data-element_type=\"widget\" data-e-type=\"widget\" data-widget_type=\"text-editor.default\">\n\t\t\t\t\t\t\t\t\t<p>&lt; <a href=\"https:\/\/geryflag.com\/\">Accueil<\/a><\/p>\t\t\t\t\t\t\t\t<\/div>\n\t\t\t\t<div class=\"elementor-element elementor-element-ac1b6c9 elementor-widget elementor-widget-heading\" data-id=\"ac1b6c9\" data-element_type=\"widget\" data-e-type=\"widget\" data-widget_type=\"heading.default\">\n\t\t\t\t\t<h2 class=\"elementor-heading-title elementor-size-default\">FLUXORIA<\/h2>\t\t\t\t<\/div>\n\t\t\t\t<div class=\"elementor-element elementor-element-dfce39c elementor-widget__width-initial elementor-widget-divider--view-line elementor-widget elementor-widget-divider\" data-id=\"dfce39c\" data-element_type=\"widget\" data-e-type=\"widget\" data-widget_type=\"divider.default\">\n\t\t\t\t\t\t\t<div class=\"elementor-divider\">\n\t\t\t<span class=\"elementor-divider-separator\">\n\t\t\t\t\t\t<\/span>\n\t\t<\/div>\n\t\t\t\t\t\t<\/div>\n\t\t\t\t<div class=\"elementor-element elementor-element-4a376b0f elementor-widget elementor-widget-text-editor\" data-id=\"4a376b0f\" data-element_type=\"widget\" data-e-type=\"widget\" data-widget_type=\"text-editor.default\">\n\t\t\t\t\t\t\t\t\t<p>\u00a0Un style vibrant et fluide, o\u00f9 les formes s&rsquo;entrelacent dans une dynamique po\u00e9tique.<\/p>\t\t\t\t\t\t\t\t<\/div>\n\t\t\t\t<\/div>\n\t\t<div class=\"elementor-element elementor-element-a6bfe55 e-con-full e-flex e-con e-parent\" data-id=\"a6bfe55\" data-element_type=\"container\" data-e-type=\"container\" data-settings=\"{&quot;background_background&quot;:&quot;classic&quot;}\">\n\t\t\t\t<div class=\"elementor-element elementor-element-dfec97c elementor-widget__width-inherit elementor-position-top elementor-widget elementor-widget-image-box\" data-id=\"dfec97c\" data-element_type=\"widget\" data-e-type=\"widget\" data-widget_type=\"image-box.default\">\n\t\t\t\t\t<div class=\"elementor-image-box-wrapper\"><figure class=\"elementor-image-box-img\"><a href=\"https:\/\/geryflag.com\/index.php\/onde-blanche\/\" tabindex=\"-1\"><img fetchpriority=\"high\" decoding=\"async\" width=\"300\" height=\"250\" src=\"https:\/\/geryflag.com\/wp-content\/uploads\/2026\/03\/ondeblanche-300px.webp\" class=\"attachment-medium_large size-medium_large wp-image-2804\" alt=\"\" srcset=\"https:\/\/geryflag.com\/wp-content\/uploads\/2026\/03\/ondeblanche-300px.webp 300w, https:\/\/geryflag.com\/wp-content\/uploads\/2026\/03\/ondeblanche-300px-230x192.webp 230w\" sizes=\"(max-width: 300px) 100vw, 300px\" \/><\/a><\/figure><div class=\"elementor-image-box-content\"><h3 class=\"elementor-image-box-title\"><a href=\"https:\/\/geryflag.com\/index.php\/onde-blanche\/\">Onde blanche<\/a><\/h3><p class=\"elementor-image-box-description\">On sent que quelque chose recommence \u00e0 vibrer.<\/p><\/div><\/div>\t\t\t\t<\/div>\n\t\t\t\t<div class=\"elementor-element elementor-element-ba3871d elementor-widget__width-inherit elementor-position-top elementor-widget elementor-widget-image-box\" data-id=\"ba3871d\" data-element_type=\"widget\" data-e-type=\"widget\" data-widget_type=\"image-box.default\">\n\t\t\t\t\t<div class=\"elementor-image-box-wrapper\"><figure class=\"elementor-image-box-img\"><a href=\"https:\/\/geryflag.com\/index.php\/seve-des-reves\/\" tabindex=\"-1\"><img decoding=\"async\" width=\"300\" height=\"214\" src=\"https:\/\/geryflag.com\/wp-content\/uploads\/2026\/02\/sevedesreveves_300px.webp\" class=\"attachment-medium_large size-medium_large wp-image-2759\" alt=\"\" srcset=\"https:\/\/geryflag.com\/wp-content\/uploads\/2026\/02\/sevedesreveves_300px.webp 300w, https:\/\/geryflag.com\/wp-content\/uploads\/2026\/02\/sevedesreveves_300px-230x164.webp 230w\" sizes=\"(max-width: 300px) 100vw, 300px\" \/><\/a><\/figure><div class=\"elementor-image-box-content\"><h3 class=\"elementor-image-box-title\"><a href=\"https:\/\/geryflag.com\/index.php\/seve-des-reves\/\">S\u00e8ve des r\u00eaves<\/a><\/h3><p class=\"elementor-image-box-description\">La s\u00e8ve nourrit le r\u00eave, et la couleur s\u2019\u00e9veille<\/p><\/div><\/div>\t\t\t\t<\/div>\n\t\t\t\t<div class=\"elementor-element elementor-element-bdee495 elementor-widget__width-inherit elementor-position-top elementor-widget elementor-widget-image-box\" data-id=\"bdee495\" data-element_type=\"widget\" data-e-type=\"widget\" data-widget_type=\"image-box.default\">\n\t\t\t\t\t<div class=\"elementor-image-box-wrapper\"><figure class=\"elementor-image-box-img\"><a href=\"https:\/\/geryflag.com\/index.php\/linea-i\/\" tabindex=\"-1\"><img decoding=\"async\" width=\"300\" height=\"300\" src=\"https:\/\/geryflag.com\/wp-content\/uploads\/2026\/02\/PXL_20251203_300-px.jpg\" class=\"attachment-medium size-medium wp-image-2709\" alt=\"\" srcset=\"https:\/\/geryflag.com\/wp-content\/uploads\/2026\/02\/PXL_20251203_300-px.jpg 300w, https:\/\/geryflag.com\/wp-content\/uploads\/2026\/02\/PXL_20251203_300-px-230x230.jpg 230w\" sizes=\"(max-width: 300px) 100vw, 300px\" \/><\/a><\/figure><div class=\"elementor-image-box-content\"><h3 class=\"elementor-image-box-title\"><a href=\"https:\/\/geryflag.com\/index.php\/linea-i\/\">Lin\u00e9a I<\/a><\/h3><p class=\"elementor-image-box-description\">C\u2019est le geste qui prend vie<\/p><\/div><\/div>\t\t\t\t<\/div>\n\t\t\t\t<div class=\"elementor-element elementor-element-f19fe8d elementor-widget__width-inherit elementor-position-top elementor-widget elementor-widget-image-box\" data-id=\"f19fe8d\" data-element_type=\"widget\" data-e-type=\"widget\" data-widget_type=\"image-box.default\">\n\t\t\t\t\t<div class=\"elementor-image-box-wrapper\"><figure class=\"elementor-image-box-img\"><a href=\"https:\/\/geryflag.com\/index.php\/triptyque-des-resonances\/\" tabindex=\"-1\"><img loading=\"lazy\" decoding=\"async\" width=\"375\" height=\"300\" src=\"https:\/\/geryflag.com\/wp-content\/uploads\/2025\/12\/Triptyque-des-resonances-vignette-300px_ok.webp\" class=\"attachment-medium size-medium wp-image-941\" alt=\"\" srcset=\"https:\/\/geryflag.com\/wp-content\/uploads\/2025\/12\/Triptyque-des-resonances-vignette-300px_ok.webp 375w, https:\/\/geryflag.com\/wp-content\/uploads\/2025\/12\/Triptyque-des-resonances-vignette-300px_ok-230x184.webp 230w, https:\/\/geryflag.com\/wp-content\/uploads\/2025\/12\/Triptyque-des-resonances-vignette-300px_ok-350x280.webp 350w\" sizes=\"(max-width: 375px) 100vw, 375px\" \/><\/a><\/figure><div class=\"elementor-image-box-content\"><h3 class=\"elementor-image-box-title\"><a href=\"https:\/\/geryflag.com\/index.php\/triptyque-des-resonances\/\">Triptyque des r\u00e9sonances<\/a><\/h3><p class=\"elementor-image-box-description\">Trois voix chromatiques s\u2019\u00e9l\u00e8vent en \u00e9cho<\/p><\/div><\/div>\t\t\t\t<\/div>\n\t\t\t\t<div class=\"elementor-element elementor-element-6145ac0 elementor-widget__width-inherit elementor-position-top elementor-widget elementor-widget-image-box\" data-id=\"6145ac0\" data-element_type=\"widget\" data-e-type=\"widget\" data-widget_type=\"image-box.default\">\n\t\t\t\t\t<div class=\"elementor-image-box-wrapper\"><figure class=\"elementor-image-box-img\"><a href=\"https:\/\/geryflag.com\/index.php\/fracture-des-ombres\/\" tabindex=\"-1\"><img loading=\"lazy\" decoding=\"async\" width=\"450\" height=\"300\" src=\"https:\/\/geryflag.com\/wp-content\/uploads\/2025\/12\/Fracture-des-ombres-vignette_ok-1.webp\" class=\"attachment-full size-full wp-image-1661\" alt=\"\" srcset=\"https:\/\/geryflag.com\/wp-content\/uploads\/2025\/12\/Fracture-des-ombres-vignette_ok-1.webp 450w, https:\/\/geryflag.com\/wp-content\/uploads\/2025\/12\/Fracture-des-ombres-vignette_ok-1-230x153.webp 230w, https:\/\/geryflag.com\/wp-content\/uploads\/2025\/12\/Fracture-des-ombres-vignette_ok-1-350x233.webp 350w\" sizes=\"(max-width: 450px) 100vw, 450px\" \/><\/a><\/figure><div class=\"elementor-image-box-content\"><h3 class=\"elementor-image-box-title\"><a href=\"https:\/\/geryflag.com\/index.php\/fracture-des-ombres\/\">Fracture des ombres<\/a><\/h3><p class=\"elementor-image-box-description\">Une \u00e9nigme gestuelle<\/p><\/div><\/div>\t\t\t\t<\/div>\n\t\t\t\t<div class=\"elementor-element elementor-element-e500f27 elementor-widget__width-inherit elementor-position-top elementor-widget elementor-widget-image-box\" data-id=\"e500f27\" data-element_type=\"widget\" data-e-type=\"widget\" data-widget_type=\"image-box.default\">\n\t\t\t\t\t<div class=\"elementor-image-box-wrapper\"><figure class=\"elementor-image-box-img\"><a href=\"https:\/\/geryflag.com\/index.php\/eclats-energie\/\" tabindex=\"-1\"><img decoding=\"async\" src=\"https:\/\/geryflag.com\/wp-content\/uploads\/elementor\/thumbs\/Eclats-dEnergie_40x40-300px_ok-rgh8s0n20h9nabfzdsu50cyn8kammqypa5i3zlbr20.png\" title=\"Eclats d&rsquo;\u00e9nergie\" alt=\"Vignette\" loading=\"lazy\" \/><\/a><\/figure><div class=\"elementor-image-box-content\"><h3 class=\"elementor-image-box-title\"><a href=\"https:\/\/geryflag.com\/index.php\/eclats-energie\/\">Eclats d'energie<\/a><\/h3><p class=\"elementor-image-box-description\"> L\u2019\u00e9nergie se fragmente en lumi\u00e8re, \u00e9clats vibrant dans le noir profond.<\/p><\/div><\/div>\t\t\t\t<\/div>\n\t\t\t\t<div class=\"elementor-element elementor-element-64dfdc8 elementor-widget__width-inherit elementor-position-top elementor-widget elementor-widget-image-box\" data-id=\"64dfdc8\" data-element_type=\"widget\" data-e-type=\"widget\" data-widget_type=\"image-box.default\">\n\t\t\t\t\t<div class=\"elementor-image-box-wrapper\"><figure class=\"elementor-image-box-img\"><a href=\"https:\/\/geryflag.com\/index.php\/au-dela-du-silence\/\" tabindex=\"-1\"><img loading=\"lazy\" decoding=\"async\" width=\"300\" height=\"300\" src=\"https:\/\/geryflag.com\/wp-content\/uploads\/2025\/12\/Au-dela_du_silence-300px_ok.webp\" class=\"attachment-full size-full wp-image-1586\" alt=\"\" srcset=\"https:\/\/geryflag.com\/wp-content\/uploads\/2025\/12\/Au-dela_du_silence-300px_ok.webp 300w, https:\/\/geryflag.com\/wp-content\/uploads\/2025\/12\/Au-dela_du_silence-300px_ok-230x230.webp 230w\" sizes=\"(max-width: 300px) 100vw, 300px\" \/><\/a><\/figure><div class=\"elementor-image-box-content\"><h3 class=\"elementor-image-box-title\"><a href=\"https:\/\/geryflag.com\/index.php\/au-dela-du-silence\/\">Au dela du silence<\/a><\/h3><p class=\"elementor-image-box-description\"> Une harmonie en tension, o\u00f9 couleurs et formes s\u2019effleurent dans un ballet spontan\u00e9.<\/p><\/div><\/div>\t\t\t\t<\/div>\n\t\t\t\t<div class=\"elementor-element elementor-element-7ecffc5 elementor-widget__width-inherit elementor-position-top elementor-widget elementor-widget-image-box\" data-id=\"7ecffc5\" data-element_type=\"widget\" data-e-type=\"widget\" data-widget_type=\"image-box.default\">\n\t\t\t\t\t<div class=\"elementor-image-box-wrapper\"><figure class=\"elementor-image-box-img\"><a href=\"https:\/\/geryflag.com\/index.php\/impact\/\" tabindex=\"-1\"><img loading=\"lazy\" decoding=\"async\" width=\"300\" height=\"240\" src=\"https:\/\/geryflag.com\/wp-content\/uploads\/2026\/01\/impact-40x50-300px.jpg\" class=\"attachment-medium size-medium wp-image-2655\" alt=\"\" srcset=\"https:\/\/geryflag.com\/wp-content\/uploads\/2026\/01\/impact-40x50-300px.jpg 300w, https:\/\/geryflag.com\/wp-content\/uploads\/2026\/01\/impact-40x50-300px-230x184.jpg 230w\" sizes=\"(max-width: 300px) 100vw, 300px\" \/><\/a><\/figure><div class=\"elementor-image-box-content\"><h3 class=\"elementor-image-box-title\"><a href=\"https:\/\/geryflag.com\/index.php\/impact\/\">Impact<\/a><\/h3><p class=\"elementor-image-box-description\">Fragment d\u2019un instant<\/p><\/div><\/div>\t\t\t\t<\/div>\n\t\t\t\t<\/div>\n\t\t<div class=\"elementor-element elementor-element-786de5a e-flex e-con-boxed e-con e-parent\" data-id=\"786de5a\" data-element_type=\"container\" data-e-type=\"container\">\n\t\t\t\t\t<div class=\"e-con-inner\">\n\t\t\t\t<div class=\"elementor-element elementor-element-3d3894f elementor-widget__width-inherit elementor-position-top elementor-widget elementor-widget-image-box\" data-id=\"3d3894f\" data-element_type=\"widget\" data-e-type=\"widget\" data-widget_type=\"image-box.default\">\n\t\t\t\t\t<div class=\"elementor-image-box-wrapper\"><figure class=\"elementor-image-box-img\"><a href=\"https:\/\/geryflag.com\/index.php\/pulse\/\" tabindex=\"-1\"><img loading=\"lazy\" decoding=\"async\" width=\"286\" height=\"400\" src=\"https:\/\/geryflag.com\/wp-content\/uploads\/2026\/02\/Impulsion-300px-286x400.png\" class=\"attachment-medium size-medium wp-image-2728\" alt=\"\" srcset=\"https:\/\/geryflag.com\/wp-content\/uploads\/2026\/02\/Impulsion-300px-286x400.png 286w, https:\/\/geryflag.com\/wp-content\/uploads\/2026\/02\/Impulsion-300px-230x322.png 230w, https:\/\/geryflag.com\/wp-content\/uploads\/2026\/02\/Impulsion-300px.png 300w\" sizes=\"(max-width: 286px) 100vw, 286px\" \/><\/a><\/figure><div class=\"elementor-image-box-content\"><h3 class=\"elementor-image-box-title\"><a href=\"https:\/\/geryflag.com\/index.php\/pulse\/\">Pulse<\/a><\/h3><p class=\"elementor-image-box-description\">Un souffle venu d\u2019ailleurs ouvre l\u2019espace<\/p><\/div><\/div>\t\t\t\t<\/div>\n\t\t\t\t\t<\/div>\n\t\t\t\t<\/div>\n\t\t\t\t<\/div>\n\t\t","protected":false},"excerpt":{"rendered":"<p>&lt; Accueil FLUXORIA \u00a0Un style vibrant et fluide, o\u00f9 les formes s&rsquo;entrelacent dans une dynamique po\u00e9tique. Onde blanche On sent que quelque [&hellip;]<\/p>\n","protected":false},"author":1,"featured_media":0,"parent":0,"menu_order":0,"comment_status":"closed","ping_status":"closed","template":"elementor_header_footer","meta":{"footnotes":""},"folder":[],"class_list":["post-511","page","type-page","status-publish","hentry"],"_links":{"self":[{"href":"https:\/\/geryflag.com\/index.php\/wp-json\/wp\/v2\/pages\/511","targetHints":{"allow":["GET"]}}],"collection":[{"href":"https:\/\/geryflag.com\/index.php\/wp-json\/wp\/v2\/pages"}],"about":[{"href":"https:\/\/geryflag.com\/index.php\/wp-json\/wp\/v2\/types\/page"}],"author":[{"embeddable":true,"href":"https:\/\/geryflag.com\/index.php\/wp-json\/wp\/v2\/users\/1"}],"replies":[{"embeddable":true,"href":"https:\/\/geryflag.com\/index.php\/wp-json\/wp\/v2\/comments?post=511"}],"version-history":[{"count":127,"href":"https:\/\/geryflag.com\/index.php\/wp-json\/wp\/v2\/pages\/511\/revisions"}],"predecessor-version":[{"id":2818,"href":"https:\/\/geryflag.com\/index.php\/wp-json\/wp\/v2\/pages\/511\/revisions\/2818"}],"wp:attachment":[{"href":"https:\/\/geryflag.com\/index.php\/wp-json\/wp\/v2\/media?parent=511"}],"wp:term":[{"taxonomy":"folder","embeddable":true,"href":"https:\/\/geryflag.com\/index.php\/wp-json\/wp\/v2\/folder?post=511"}],"curies":[{"name":"wp","href":"https:\/\/api.w.org\/{rel}","templated":true}]}}