{"id":366,"date":"2025-11-26T23:26:10","date_gmt":"2025-11-26T22:26:10","guid":{"rendered":"https:\/\/geryflag.com\/?page_id=366"},"modified":"2026-03-09T23:10:14","modified_gmt":"2026-03-09T22:10:14","slug":"eclats-energie","status":"publish","type":"page","link":"https:\/\/geryflag.com\/index.php\/eclats-energie\/","title":{"rendered":"Eclats d&rsquo;\u00e9nergie"},"content":{"rendered":"\t\t<div data-elementor-type=\"wp-page\" data-elementor-id=\"366\" class=\"elementor elementor-366\">\n\t\t\t\t<div class=\"elementor-element elementor-element-73930b87 e-flex e-con-boxed e-con e-parent\" data-id=\"73930b87\" data-element_type=\"container\" data-e-type=\"container\">\n\t\t\t\t\t<div class=\"e-con-inner\">\n\t\t\t\t<div class=\"elementor-element elementor-element-6ebc0489 elementor-widget elementor-widget-text-editor\" data-id=\"6ebc0489\" data-element_type=\"widget\" data-e-type=\"widget\" data-widget_type=\"text-editor.default\">\n\t\t\t\t\t\t\t\t\t<p>&lt; <a href=\"https:\/\/geryflag.com\/index.php\/fluxoria\/\">Retour \u00e0 la liste<\/a><\/p>\t\t\t\t\t\t\t\t<\/div>\n\t\t\t\t\t<\/div>\n\t\t\t\t<\/div>\n\t\t<div class=\"elementor-element elementor-element-7222b19d e-con-full e-flex e-con e-parent\" data-id=\"7222b19d\" data-element_type=\"container\" data-e-type=\"container\">\n\t\t\t\t<div class=\"elementor-element elementor-element-35d04ed2 animated-slow elementor-invisible elementor-widget elementor-widget-image\" data-id=\"35d04ed2\" data-element_type=\"widget\" data-e-type=\"widget\" data-settings=\"{&quot;_animation&quot;:&quot;bounceInLeft&quot;}\" data-widget_type=\"image.default\">\n\t\t\t\t\t\t\t\t\t\t\t\t\t\t\t\t<a href=\"https:\/\/geryflag.com\/wp-content\/uploads\/2025\/12\/Eclats-dEnergie_40x40-1024_ok.webp\" data-elementor-open-lightbox=\"yes\" data-elementor-lightbox-description=\"Peinture abstraite de G\u00e9ry Flag  - Eclats d&#039;\u00e9nergie\" data-e-action-hash=\"#elementor-action%3Aaction%3Dlightbox%26settings%3DeyJpZCI6MTYwMCwidXJsIjoiaHR0cHM6XC9cL2dlcnlmbGFnLmNvbVwvd3AtY29udGVudFwvdXBsb2Fkc1wvMjAyNVwvMTJcL0VjbGF0cy1kRW5lcmdpZV80MHg0MC0xMDI0X29rLndlYnAifQ%3D%3D\">\n\t\t\t\t\t\t\t<img fetchpriority=\"high\" decoding=\"async\" width=\"768\" height=\"768\" src=\"https:\/\/geryflag.com\/wp-content\/uploads\/2025\/12\/Eclats-dEnergie_40x40-1024_ok-768x768.webp\" class=\"attachment-medium_large size-medium_large wp-image-1600\" alt=\"\" srcset=\"https:\/\/geryflag.com\/wp-content\/uploads\/2025\/12\/Eclats-dEnergie_40x40-1024_ok-768x768.webp 768w, https:\/\/geryflag.com\/wp-content\/uploads\/2025\/12\/Eclats-dEnergie_40x40-1024_ok-400x400.webp 400w, https:\/\/geryflag.com\/wp-content\/uploads\/2025\/12\/Eclats-dEnergie_40x40-1024_ok-300x300.webp 300w, https:\/\/geryflag.com\/wp-content\/uploads\/2025\/12\/Eclats-dEnergie_40x40-1024_ok-1000x1000.webp 1000w, https:\/\/geryflag.com\/wp-content\/uploads\/2025\/12\/Eclats-dEnergie_40x40-1024_ok-230x230.webp 230w, https:\/\/geryflag.com\/wp-content\/uploads\/2025\/12\/Eclats-dEnergie_40x40-1024_ok-350x350.webp 350w, https:\/\/geryflag.com\/wp-content\/uploads\/2025\/12\/Eclats-dEnergie_40x40-1024_ok-480x480.webp 480w, https:\/\/geryflag.com\/wp-content\/uploads\/2025\/12\/Eclats-dEnergie_40x40-1024_ok.webp 1024w\" sizes=\"(max-width: 768px) 100vw, 768px\" \/>\t\t\t\t\t\t\t\t<\/a>\n\t\t\t\t\t\t\t\t\t\t\t\t\t\t\t<\/div>\n\t\t\t\t<div class=\"elementor-element elementor-element-5e21426 elementor-widget elementor-widget-text-editor\" data-id=\"5e21426\" data-element_type=\"widget\" data-e-type=\"widget\" data-widget_type=\"text-editor.default\">\n\t\t\t\t\t\t\t\t\t<h1>\u00c9clats d\u2019\u00c9nergie<\/h1>\n<p><!-- \/wp:paragraph --><\/p>\t\t\t\t\t\t\t\t<\/div>\n\t\t\t\t<div class=\"elementor-element elementor-element-21fe8641 elementor-widget__width-initial elementor-widget-divider--view-line elementor-widget elementor-widget-divider\" data-id=\"21fe8641\" data-element_type=\"widget\" data-e-type=\"widget\" data-widget_type=\"divider.default\">\n\t\t\t\t\t\t\t<div class=\"elementor-divider\">\n\t\t\t<span class=\"elementor-divider-separator\">\n\t\t\t\t\t\t<\/span>\n\t\t<\/div>\n\t\t\t\t\t\t<\/div>\n\t\t<div class=\"elementor-element elementor-element-48abe9dc e-flex e-con-boxed e-con e-child\" data-id=\"48abe9dc\" data-element_type=\"container\" data-e-type=\"container\">\n\t\t\t\t\t<div class=\"e-con-inner\">\n\t\t\t\t<div class=\"elementor-element elementor-element-620f82a4 elementor-widget elementor-widget-text-editor\" data-id=\"620f82a4\" data-element_type=\"widget\" data-e-type=\"widget\" data-widget_type=\"text-editor.default\">\n\t\t\t\t\t\t\t\t\t<p>\u00ab\u00a0Eclats d\u2019\u00e9nergie\u00a0\u00bb est une \u0153uvre abstraite qui explore les notions de passage, d\u2019\u00e9nergie et de transformation. Sur un fond noir profond, des nuances de bleu et de violet s\u2019entrelacent, travers\u00e9es par une projection blanche dynamique qui \u00e9voque un flux lumineux en mouvement.<\/p>\t\t\t\t\t\t\t\t<\/div>\n\t\t\t\t\t<\/div>\n\t\t\t\t<\/div>\n\t\t\t\t<div class=\"elementor-element elementor-element-3ceb61f0 elementor-widget__width-initial elementor-widget-divider--view-line elementor-widget elementor-widget-divider\" data-id=\"3ceb61f0\" data-element_type=\"widget\" data-e-type=\"widget\" data-widget_type=\"divider.default\">\n\t\t\t\t\t\t\t<div class=\"elementor-divider\">\n\t\t\t<span class=\"elementor-divider-separator\">\n\t\t\t\t\t\t<\/span>\n\t\t<\/div>\n\t\t\t\t\t\t<\/div>\n\t\t\t\t<div class=\"elementor-element elementor-element-53c038e4 elementor-widget elementor-widget-text-editor\" data-id=\"53c038e4\" data-element_type=\"widget\" data-e-type=\"widget\" data-widget_type=\"text-editor.default\">\n\t\t\t\t\t\t\t\t\t<h3>Descriptif<\/h3>\t\t\t\t\t\t\t\t<\/div>\n\t\t\t\t<\/div>\n\t\t<div class=\"elementor-element elementor-element-307b5656 e-grid e-con-boxed e-con e-parent\" data-id=\"307b5656\" data-element_type=\"container\" data-e-type=\"container\">\n\t\t\t\t\t<div class=\"e-con-inner\">\n\t\t\t\t<div class=\"elementor-element elementor-element-2aacffc5 elementor-widget elementor-widget-image\" data-id=\"2aacffc5\" data-element_type=\"widget\" data-e-type=\"widget\" data-widget_type=\"image.default\">\n\t\t\t\t\t\t\t\t\t\t\t\t\t\t\t<img decoding=\"async\" width=\"300\" height=\"300\" src=\"https:\/\/geryflag.com\/wp-content\/uploads\/2025\/12\/Eclats-dEnergie_40x40-300px_ok.png\" class=\"attachment-thumbnail size-thumbnail wp-image-1599\" alt=\"\" srcset=\"https:\/\/geryflag.com\/wp-content\/uploads\/2025\/12\/Eclats-dEnergie_40x40-300px_ok.png 300w, https:\/\/geryflag.com\/wp-content\/uploads\/2025\/12\/Eclats-dEnergie_40x40-300px_ok-230x230.png 230w\" sizes=\"(max-width: 300px) 100vw, 300px\" \/>\t\t\t\t\t\t\t\t\t\t\t\t\t\t\t<\/div>\n\t\t\t\t<div class=\"elementor-element elementor-element-6e4e7751 elementor-widget elementor-widget-text-editor\" data-id=\"6e4e7751\" data-element_type=\"widget\" data-e-type=\"widget\" data-widget_type=\"text-editor.default\">\n\t\t\t\t\t\t\t\t\t<p>Peinture acrylique sur toile en coton r\u00e9alis\u00e9e \u00e0 la main, mont\u00e9e sur ch\u00e2ssis bois Studio 2 Gerstaecker<\/p><p>Vernis Liquitex professionnel : Satin\u00e9<\/p><p>Dimensions : 40 x 40 cm (sans cadre).<\/p><p>Ann\u00e9e de cr\u00e9ation : 2025<\/p><p>S\u00e9rie : Portes de l\u2019invisible<\/p><p>Signature en bas \u00e0 droite et au dos<\/p><p>Pi\u00e8ce unique \u2013 R\u00e9f : EC4001<\/p>\t\t\t\t\t\t\t\t<\/div>\n\t\t\t\t\t<\/div>\n\t\t\t\t<\/div>\n\t\t<div class=\"elementor-element elementor-element-7966aeb8 e-flex e-con-boxed e-con e-parent\" data-id=\"7966aeb8\" data-element_type=\"container\" data-e-type=\"container\">\n\t\t\t\t\t<div class=\"e-con-inner\">\n\t\t\t\t<div class=\"elementor-element elementor-element-12e09d44 elementor-widget elementor-widget-spacer\" data-id=\"12e09d44\" data-element_type=\"widget\" data-e-type=\"widget\" data-widget_type=\"spacer.default\">\n\t\t\t\t\t\t\t<div class=\"elementor-spacer\">\n\t\t\t<div class=\"elementor-spacer-inner\"><\/div>\n\t\t<\/div>\n\t\t\t\t\t\t<\/div>\n\t\t\t\t\t<\/div>\n\t\t\t\t<\/div>\n\t\t<div class=\"elementor-element elementor-element-6ba7f6c4 e-grid e-con-full e-con e-parent\" data-id=\"6ba7f6c4\" data-element_type=\"container\" data-e-type=\"container\">\n\t\t\t\t<div class=\"elementor-element elementor-element-64db31fe elementor-align-center elementor-widget elementor-widget-button\" data-id=\"64db31fe\" data-element_type=\"widget\" data-e-type=\"widget\" data-widget_type=\"button.default\">\n\t\t\t\t\t\t\t\t\t\t<a class=\"elementor-button elementor-button-link elementor-size-sm\" href=\"https:\/\/www.amazon.fr\/dp\/B0GF4GXQ8R\">\n\t\t\t\t\t\t<span class=\"elementor-button-content-wrapper\">\n\t\t\t\t\t\t<span class=\"elementor-button-icon\">\n\t\t\t\t<svg aria-hidden=\"true\" class=\"e-font-icon-svg e-far-flag\" viewBox=\"0 0 512 512\" xmlns=\"http:\/\/www.w3.org\/2000\/svg\"><path d=\"M336.174 80c-49.132 0-93.305-32-161.913-32-31.301 0-58.303 6.482-80.721 15.168a48.04 48.04 0 0 0 2.142-20.727C93.067 19.575 74.167 1.594 51.201.104 23.242-1.71 0 20.431 0 48c0 17.764 9.657 33.262 24 41.562V496c0 8.837 7.163 16 16 16h16c8.837 0 16-7.163 16-16v-83.443C109.869 395.28 143.259 384 199.826 384c49.132 0 93.305 32 161.913 32 58.479 0 101.972-22.617 128.548-39.981C503.846 367.161 512 352.051 512 335.855V95.937c0-34.459-35.264-57.768-66.904-44.117C409.193 67.309 371.641 80 336.174 80zM464 336c-21.783 15.412-60.824 32-102.261 32-59.945 0-102.002-32-161.913-32-43.361 0-96.379 9.403-127.826 24V128c21.784-15.412 60.824-32 102.261-32 59.945 0 102.002 32 161.913 32 43.271 0 96.32-17.366 127.826-32v240z\"><\/path><\/svg>\t\t\t<\/span>\n\t\t\t\t\t\t\t\t\t<span class=\"elementor-button-text\">Aquerir cette oeuvre<\/span>\n\t\t\t\t\t<\/span>\n\t\t\t\t\t<\/a>\n\t\t\t\t\t\t\t\t<\/div>\n\t\t\t\t<\/div>\n\t\t<div class=\"elementor-element elementor-element-530bd4f3 e-flex e-con-boxed e-con e-parent\" data-id=\"530bd4f3\" data-element_type=\"container\" data-e-type=\"container\">\n\t\t\t\t\t<div class=\"e-con-inner\">\n\t\t\t\t<div class=\"elementor-element elementor-element-745d6f41 elementor-arrows-position-inside elementor-pagination-position-outside elementor-widget elementor-widget-image-carousel\" data-id=\"745d6f41\" data-element_type=\"widget\" data-e-type=\"widget\" data-settings=\"{&quot;navigation&quot;:&quot;both&quot;,&quot;autoplay&quot;:&quot;yes&quot;,&quot;pause_on_hover&quot;:&quot;yes&quot;,&quot;pause_on_interaction&quot;:&quot;yes&quot;,&quot;autoplay_speed&quot;:5000,&quot;infinite&quot;:&quot;yes&quot;,&quot;speed&quot;:500}\" data-widget_type=\"image-carousel.default\">\n\t\t\t\t\t\t\t<div class=\"elementor-image-carousel-wrapper swiper\" role=\"region\" aria-roledescription=\"carousel\" aria-label=\"Carrousel d\u2019images\" dir=\"ltr\">\n\t\t\t<div class=\"elementor-image-carousel swiper-wrapper\" aria-live=\"off\">\n\t\t\t\t\t\t\t\t<div class=\"swiper-slide\" role=\"group\" aria-roledescription=\"slide\" aria-label=\"1 sur 4\"><a data-elementor-open-lightbox=\"yes\" data-elementor-lightbox-slideshow=\"745d6f41\" data-elementor-lightbox-title=\"Sans cadre\" data-elementor-lightbox-description=\"Peinture abstraite de G\u00e9ry Flag  - Eclats d&#039;\u00e9nergie\" data-e-action-hash=\"#elementor-action%3Aaction%3Dlightbox%26settings%3DeyJpZCI6MTYwMSwidXJsIjoiaHR0cHM6XC9cL2dlcnlmbGFnLmNvbVwvd3AtY29udGVudFwvdXBsb2Fkc1wvMjAyNVwvMTJcL0VjbGF0cy1kRW5lcmdpZV80MHg0MC1Gb25kLVRSX29rLndlYnAiLCJzbGlkZXNob3ciOiI3NDVkNmY0MSJ9\" href=\"https:\/\/geryflag.com\/wp-content\/uploads\/2025\/12\/Eclats-dEnergie_40x40-Fond-TR_ok.webp\"><figure class=\"swiper-slide-inner\"><img decoding=\"async\" class=\"swiper-slide-image\" src=\"https:\/\/geryflag.com\/wp-content\/uploads\/elementor\/thumbs\/Eclats-dEnergie_40x40-Fond-TR_ok-rgh8s2ip6ajsbj7inws819n7dztqedyg2m7wsqrqog.webp\" alt=\"Sans cadre\" \/><figcaption class=\"elementor-image-carousel-caption\">Sans cadre<\/figcaption><\/figure><\/a><\/div><div class=\"swiper-slide\" role=\"group\" aria-roledescription=\"slide\" aria-label=\"2 sur 4\"><a data-elementor-open-lightbox=\"yes\" data-elementor-lightbox-slideshow=\"745d6f41\" data-elementor-lightbox-title=\"Cadre flottant blanc\" data-elementor-lightbox-description=\"Peinture abstraite de G\u00e9ry Flag  - Eclats d&#039;\u00e9nergie\" data-e-action-hash=\"#elementor-action%3Aaction%3Dlightbox%26settings%3DeyJpZCI6MTYwMiwidXJsIjoiaHR0cHM6XC9cL2dlcnlmbGFnLmNvbVwvd3AtY29udGVudFwvdXBsb2Fkc1wvMjAyNVwvMTJcL0VjbGF0cy1kRW5lcmdpZV80MHg0MC1Gb25kLVRSLUNBLWJsYW5jX29rLndlYnAiLCJzbGlkZXNob3ciOiI3NDVkNmY0MSJ9\" href=\"https:\/\/geryflag.com\/wp-content\/uploads\/2025\/12\/Eclats-dEnergie_40x40-Fond-TR-CA-blanc_ok.webp\"><figure class=\"swiper-slide-inner\"><img decoding=\"async\" class=\"swiper-slide-image\" src=\"https:\/\/geryflag.com\/wp-content\/uploads\/elementor\/thumbs\/Eclats-dEnergie_40x40-Fond-TR-CA-blanc_ok-rgh8s3gjd4l2n565if6ulrenzdp3m326eqvea0qci8.webp\" alt=\"Cadre flottant blanc\" \/><figcaption class=\"elementor-image-carousel-caption\">Cadre flottant blanc<\/figcaption><\/figure><\/a><\/div><div class=\"swiper-slide\" role=\"group\" aria-roledescription=\"slide\" aria-label=\"3 sur 4\"><a data-elementor-open-lightbox=\"yes\" data-elementor-lightbox-slideshow=\"745d6f41\" data-elementor-lightbox-title=\"Cadre Fortibox Studio blanc\" data-elementor-lightbox-description=\"Peinture abstraite de G\u00e9ry Flag  - Eclats d&#039;\u00e9nergie\" data-e-action-hash=\"#elementor-action%3Aaction%3Dlightbox%26settings%3DeyJpZCI6MTYwNCwidXJsIjoiaHR0cHM6XC9cL2dlcnlmbGFnLmNvbVwvd3AtY29udGVudFwvdXBsb2Fkc1wvMjAyNVwvMTJcL0VjbGF0cy1kRW5lcmdpZV80MHg0MC1Gb25kLVRSLUZCUy1ibGFuY19vay53ZWJwIiwic2xpZGVzaG93IjoiNzQ1ZDZmNDEifQ%3D%3D\" href=\"https:\/\/geryflag.com\/wp-content\/uploads\/2025\/12\/Eclats-dEnergie_40x40-Fond-TR-FBS-blanc_ok.webp\"><figure class=\"swiper-slide-inner\"><img decoding=\"async\" class=\"swiper-slide-image\" src=\"https:\/\/geryflag.com\/wp-content\/uploads\/elementor\/thumbs\/Eclats-dEnergie_40x40-Fond-TR-FBS-blanc_ok-rgh8s77w4gq7xl0owgtcvqgicx6kgvh3r9hc74krtc.webp\" alt=\"Cadre Fortibox Studio blanc\" \/><figcaption class=\"elementor-image-carousel-caption\">Cadre Fortibox Studio blanc<\/figcaption><\/figure><\/a><\/div><div class=\"swiper-slide\" role=\"group\" aria-roledescription=\"slide\" aria-label=\"4 sur 4\"><a data-elementor-open-lightbox=\"yes\" data-elementor-lightbox-slideshow=\"745d6f41\" data-elementor-lightbox-title=\"Cadre flottant noir\" data-elementor-lightbox-description=\"Peinture abstraite de G\u00e9ry Flag  - Eclats d&#039;\u00e9nergie\" data-e-action-hash=\"#elementor-action%3Aaction%3Dlightbox%26settings%3DeyJpZCI6MTYwMywidXJsIjoiaHR0cHM6XC9cL2dlcnlmbGFnLmNvbVwvd3AtY29udGVudFwvdXBsb2Fkc1wvMjAyNVwvMTJcL0VjbGF0cy1kRW5lcmdpZV80MHg0MC1Gb25kLVRSLUNBLW5vaXJfb2sud2VicCIsInNsaWRlc2hvdyI6Ijc0NWQ2ZjQxIn0%3D\" href=\"https:\/\/geryflag.com\/wp-content\/uploads\/2025\/12\/Eclats-dEnergie_40x40-Fond-TR-CA-noir_ok.webp\"><figure class=\"swiper-slide-inner\"><img decoding=\"async\" class=\"swiper-slide-image\" src=\"https:\/\/geryflag.com\/wp-content\/uploads\/elementor\/thumbs\/Eclats-dEnergie_40x40-Fond-TR-CA-noir_ok-rgh8s6a1xmoxlz221yeqb8p1rjb796ddf4tupum5zk.webp\" alt=\"Cadre flottant noir\" \/><figcaption class=\"elementor-image-carousel-caption\">Cadre flottant noir<\/figcaption><\/figure><\/a><\/div>\t\t\t<\/div>\n\t\t\t\t\t\t\t\t\t\t\t\t<div class=\"elementor-swiper-button elementor-swiper-button-prev\" role=\"button\" tabindex=\"0\">\n\t\t\t\t\t\t<svg aria-hidden=\"true\" class=\"e-font-icon-svg e-eicon-chevron-left\" viewBox=\"0 0 1000 1000\" xmlns=\"http:\/\/www.w3.org\/2000\/svg\"><path d=\"M646 125C629 125 613 133 604 142L308 442C296 454 292 471 292 487 292 504 296 521 308 533L604 854C617 867 629 875 646 875 663 875 679 871 692 858 704 846 713 829 713 812 713 796 708 779 692 767L438 487 692 225C700 217 708 204 708 187 708 171 704 154 692 142 675 129 663 125 646 125Z\"><\/path><\/svg>\t\t\t\t\t<\/div>\n\t\t\t\t\t<div class=\"elementor-swiper-button elementor-swiper-button-next\" role=\"button\" tabindex=\"0\">\n\t\t\t\t\t\t<svg aria-hidden=\"true\" class=\"e-font-icon-svg e-eicon-chevron-right\" viewBox=\"0 0 1000 1000\" xmlns=\"http:\/\/www.w3.org\/2000\/svg\"><path d=\"M696 533C708 521 713 504 713 487 713 471 708 454 696 446L400 146C388 133 375 125 354 125 338 125 325 129 313 142 300 154 292 171 292 187 292 204 296 221 308 233L563 492 304 771C292 783 288 800 288 817 288 833 296 850 308 863 321 871 338 875 354 875 371 875 388 867 400 854L696 533Z\"><\/path><\/svg>\t\t\t\t\t<\/div>\n\t\t\t\t\n\t\t\t\t\t\t\t\t\t<div class=\"swiper-pagination\"><\/div>\n\t\t\t\t\t\t\t\t\t<\/div>\n\t\t\t\t\t\t<\/div>\n\t\t\t\t\t<\/div>\n\t\t\t\t<\/div>\n\t\t<div class=\"elementor-element elementor-element-6e2da54a e-flex e-con-boxed e-con e-parent\" data-id=\"6e2da54a\" data-element_type=\"container\" data-e-type=\"container\">\n\t\t\t\t\t<div class=\"e-con-inner\">\n\t\t\t\t\t<\/div>\n\t\t\t\t<\/div>\n\t\t\t\t<\/div>\n\t\t","protected":false},"excerpt":{"rendered":"<p>&lt; Retour \u00e0 la liste \u00c9clats d\u2019\u00c9nergie \u00ab\u00a0Eclats d\u2019\u00e9nergie\u00a0\u00bb est une \u0153uvre abstraite qui explore les notions de passage, d\u2019\u00e9nergie et de [&hellip;]<\/p>\n","protected":false},"author":1,"featured_media":0,"parent":0,"menu_order":0,"comment_status":"closed","ping_status":"closed","template":"elementor_header_footer","meta":{"footnotes":""},"folder":[11],"class_list":["post-366","page","type-page","status-publish","hentry"],"_links":{"self":[{"href":"https:\/\/geryflag.com\/index.php\/wp-json\/wp\/v2\/pages\/366","targetHints":{"allow":["GET"]}}],"collection":[{"href":"https:\/\/geryflag.com\/index.php\/wp-json\/wp\/v2\/pages"}],"about":[{"href":"https:\/\/geryflag.com\/index.php\/wp-json\/wp\/v2\/types\/page"}],"author":[{"embeddable":true,"href":"https:\/\/geryflag.com\/index.php\/wp-json\/wp\/v2\/users\/1"}],"replies":[{"embeddable":true,"href":"https:\/\/geryflag.com\/index.php\/wp-json\/wp\/v2\/comments?post=366"}],"version-history":[{"count":53,"href":"https:\/\/geryflag.com\/index.php\/wp-json\/wp\/v2\/pages\/366\/revisions"}],"predecessor-version":[{"id":2887,"href":"https:\/\/geryflag.com\/index.php\/wp-json\/wp\/v2\/pages\/366\/revisions\/2887"}],"wp:attachment":[{"href":"https:\/\/geryflag.com\/index.php\/wp-json\/wp\/v2\/media?parent=366"}],"wp:term":[{"taxonomy":"folder","embeddable":true,"href":"https:\/\/geryflag.com\/index.php\/wp-json\/wp\/v2\/folder?post=366"}],"curies":[{"name":"wp","href":"https:\/\/api.w.org\/{rel}","templated":true}]}}