{"id":2761,"date":"2026-02-22T18:04:36","date_gmt":"2026-02-22T17:04:36","guid":{"rendered":"https:\/\/geryflag.com\/?page_id=2761"},"modified":"2026-03-09T23:22:21","modified_gmt":"2026-03-09T22:22:21","slug":"seve-des-reves","status":"publish","type":"page","link":"https:\/\/geryflag.com\/index.php\/seve-des-reves\/","title":{"rendered":"S\u00e8ve des r\u00eaves"},"content":{"rendered":"\t\t<div data-elementor-type=\"wp-page\" data-elementor-id=\"2761\" class=\"elementor elementor-2761\">\n\t\t\t\t<div class=\"elementor-element elementor-element-5291f9ef e-con-full e-flex e-con e-parent\" data-id=\"5291f9ef\" data-element_type=\"container\" data-e-type=\"container\" data-settings=\"{&quot;background_background&quot;:&quot;classic&quot;}\">\n\t\t<div class=\"elementor-element elementor-element-23100358 e-flex e-con-boxed e-con e-child\" data-id=\"23100358\" data-element_type=\"container\" data-e-type=\"container\">\n\t\t\t\t\t<div class=\"e-con-inner\">\n\t\t<div class=\"elementor-element elementor-element-1a5ba7ad e-con-full e-flex e-con e-child\" data-id=\"1a5ba7ad\" data-element_type=\"container\" data-e-type=\"container\">\n\t\t\t\t<div class=\"elementor-element elementor-element-b2d7720 elementor-widget elementor-widget-text-editor\" data-id=\"b2d7720\" data-element_type=\"widget\" data-e-type=\"widget\" data-widget_type=\"text-editor.default\">\n\t\t\t\t\t\t\t\t\t<p>&lt; <a href=\"https:\/\/geryflag.com\/index.php\/fluxoria\/\">Retour \u00e0 la liste<\/a><\/p>\t\t\t\t\t\t\t\t<\/div>\n\t\t\t\t<div class=\"elementor-element elementor-element-6b732853 animated-slow elementor-invisible elementor-widget elementor-widget-image\" data-id=\"6b732853\" data-element_type=\"widget\" data-e-type=\"widget\" data-settings=\"{&quot;_animation&quot;:&quot;bounceInLeft&quot;}\" data-widget_type=\"image.default\">\n\t\t\t\t\t\t\t\t\t\t\t\t\t\t\t<img fetchpriority=\"high\" decoding=\"async\" width=\"768\" height=\"548\" src=\"https:\/\/geryflag.com\/wp-content\/uploads\/2026\/02\/sevedesreveves_1920px-768x548.webp\" class=\"attachment-medium_large size-medium_large wp-image-2758\" alt=\"\" srcset=\"https:\/\/geryflag.com\/wp-content\/uploads\/2026\/02\/sevedesreveves_1920px-768x548.webp 768w, https:\/\/geryflag.com\/wp-content\/uploads\/2026\/02\/sevedesreveves_1920px-560x400.webp 560w, https:\/\/geryflag.com\/wp-content\/uploads\/2026\/02\/sevedesreveves_1920px-1280x914.webp 1280w, https:\/\/geryflag.com\/wp-content\/uploads\/2026\/02\/sevedesreveves_1920px-1536x1097.webp 1536w, https:\/\/geryflag.com\/wp-content\/uploads\/2026\/02\/sevedesreveves_1920px-1000x714.webp 1000w, https:\/\/geryflag.com\/wp-content\/uploads\/2026\/02\/sevedesreveves_1920px-230x164.webp 230w, https:\/\/geryflag.com\/wp-content\/uploads\/2026\/02\/sevedesreveves_1920px-350x250.webp 350w, https:\/\/geryflag.com\/wp-content\/uploads\/2026\/02\/sevedesreveves_1920px-480x343.webp 480w, https:\/\/geryflag.com\/wp-content\/uploads\/2026\/02\/sevedesreveves_1920px.webp 1920w\" sizes=\"(max-width: 768px) 100vw, 768px\" \/>\t\t\t\t\t\t\t\t\t\t\t\t\t\t\t<\/div>\n\t\t\t\t<div class=\"elementor-element elementor-element-13953e48 elementor-widget elementor-widget-text-editor\" data-id=\"13953e48\" data-element_type=\"widget\" data-e-type=\"widget\" data-widget_type=\"text-editor.default\">\n\t\t\t\t\t\t\t\t\t<h1>S\u00e8ve des r\u00eaves<\/h1><p><!-- \/wp:paragraph --><\/p>\t\t\t\t\t\t\t\t<\/div>\n\t\t\t\t<div class=\"elementor-element elementor-element-1eacce5a elementor-widget__width-initial elementor-widget-divider--view-line elementor-widget elementor-widget-divider\" data-id=\"1eacce5a\" data-element_type=\"widget\" data-e-type=\"widget\" data-widget_type=\"divider.default\">\n\t\t\t\t\t\t\t<div class=\"elementor-divider\">\n\t\t\t<span class=\"elementor-divider-separator\">\n\t\t\t\t\t\t<\/span>\n\t\t<\/div>\n\t\t\t\t\t\t<\/div>\n\t\t\t\t<\/div>\n\t\t\t\t<div class=\"elementor-element elementor-element-465a972f elementor-widget elementor-widget-text-editor\" data-id=\"465a972f\" data-element_type=\"widget\" data-e-type=\"widget\" data-widget_type=\"text-editor.default\">\n\t\t\t\t\t\t\t\t\t<p class=\"MsoNormal\">Dans <i>S\u00e8ve des r\u00eaves<\/i>, une trace traverse la toile comme une s\u00e8ve lumineuse qui descend et nourrit l\u2019ensemble. Autour, les couleurs se m\u00ealent en douceur, cr\u00e9ant une ambiance de r\u00eave qui flotte entre \u00e9veil et imaginaire. C\u2019est une \u0153uvre o\u00f9 la vitalit\u00e9 et l\u2019onirique se rencontrent, comme un souffle qui circule librement.<\/p>\t\t\t\t\t\t\t\t<\/div>\n\t\t\t\t<div class=\"elementor-element elementor-element-434c73f3 elementor-widget__width-initial elementor-widget-divider--view-line elementor-widget elementor-widget-divider\" data-id=\"434c73f3\" data-element_type=\"widget\" data-e-type=\"widget\" data-widget_type=\"divider.default\">\n\t\t\t\t\t\t\t<div class=\"elementor-divider\">\n\t\t\t<span class=\"elementor-divider-separator\">\n\t\t\t\t\t\t<\/span>\n\t\t<\/div>\n\t\t\t\t\t\t<\/div>\n\t\t\t\t\t<\/div>\n\t\t\t\t<\/div>\n\t\t\t\t<div class=\"elementor-element elementor-element-461ff27 elementor-widget elementor-widget-text-editor\" data-id=\"461ff27\" data-element_type=\"widget\" data-e-type=\"widget\" data-widget_type=\"text-editor.default\">\n\t\t\t\t\t\t\t\t\t<h5>D\u00e9couvrez ses d\u00e9tails techniques<\/h5>\t\t\t\t\t\t\t\t<\/div>\n\t\t<div class=\"elementor-element elementor-element-5202eb96 e-grid e-con-boxed e-con e-child\" data-id=\"5202eb96\" data-element_type=\"container\" data-e-type=\"container\">\n\t\t\t\t\t<div class=\"e-con-inner\">\n\t\t\t\t<div class=\"elementor-element elementor-element-26305268 elementor-widget elementor-widget-image\" data-id=\"26305268\" data-element_type=\"widget\" data-e-type=\"widget\" data-widget_type=\"image.default\">\n\t\t\t\t\t\t\t\t\t\t\t\t\t\t\t<img decoding=\"async\" width=\"300\" height=\"214\" src=\"https:\/\/geryflag.com\/wp-content\/uploads\/2026\/02\/sevedesreveves_300px.webp\" class=\"attachment-medium size-medium wp-image-2759\" alt=\"\" srcset=\"https:\/\/geryflag.com\/wp-content\/uploads\/2026\/02\/sevedesreveves_300px.webp 300w, https:\/\/geryflag.com\/wp-content\/uploads\/2026\/02\/sevedesreveves_300px-230x164.webp 230w\" sizes=\"(max-width: 300px) 100vw, 300px\" \/>\t\t\t\t\t\t\t\t\t\t\t\t\t\t\t<\/div>\n\t\t\t\t<div class=\"elementor-element elementor-element-114aff77 elementor-widget elementor-widget-text-editor\" data-id=\"114aff77\" data-element_type=\"widget\" data-e-type=\"widget\" data-widget_type=\"text-editor.default\">\n\t\t\t\t\t\t\t\t\t<p>Peinture acrylique sur toile en coton r\u00e9alis\u00e9e \u00e0 la main, mont\u00e9e sur ch\u00e2ssis bois Studio 2 Gerstaecker<\/p><p>Vernis Liquitex professionnel : Brillant<\/p><p>Dimensions : 50 x 70 cm (sans cadre).<\/p><p>Ann\u00e9e de cr\u00e9ation : 2020<\/p><p>Signature en bas \u00e0 droite et au dos<\/p><p>Pi\u00e8ce unique \u2013 R\u00e9f : SEV702401<\/p>\t\t\t\t\t\t\t\t<\/div>\n\t\t\t\t\t<\/div>\n\t\t\t\t<\/div>\n\t\t\t\t<\/div>\n\t\t<div class=\"elementor-element elementor-element-10330953 e-flex e-con-boxed e-con e-parent\" data-id=\"10330953\" data-element_type=\"container\" data-e-type=\"container\">\n\t\t\t\t\t<div class=\"e-con-inner\">\n\t\t<div class=\"elementor-element elementor-element-6c59dc95 e-con-full e-flex e-con e-child\" data-id=\"6c59dc95\" data-element_type=\"container\" data-e-type=\"container\">\n\t\t\t\t<div class=\"elementor-element elementor-element-70de994b elementor-widget elementor-widget-spacer\" data-id=\"70de994b\" data-element_type=\"widget\" data-e-type=\"widget\" data-widget_type=\"spacer.default\">\n\t\t\t\t\t\t\t<div class=\"elementor-spacer\">\n\t\t\t<div class=\"elementor-spacer-inner\"><\/div>\n\t\t<\/div>\n\t\t\t\t\t\t<\/div>\n\t\t\t\t<div class=\"elementor-element elementor-element-17613b6b elementor-align-center elementor-widget elementor-widget-button\" data-id=\"17613b6b\" data-element_type=\"widget\" data-e-type=\"widget\" data-widget_type=\"button.default\">\n\t\t\t\t\t\t\t\t\t\t<a class=\"elementor-button elementor-button-link elementor-size-sm\" href=\"https:\/\/www.amazon.fr\/dp\/B0GPP85W4K\">\n\t\t\t\t\t\t<span class=\"elementor-button-content-wrapper\">\n\t\t\t\t\t\t<span class=\"elementor-button-icon\">\n\t\t\t\t<svg aria-hidden=\"true\" class=\"e-font-icon-svg e-far-flag\" viewBox=\"0 0 512 512\" xmlns=\"http:\/\/www.w3.org\/2000\/svg\"><path d=\"M336.174 80c-49.132 0-93.305-32-161.913-32-31.301 0-58.303 6.482-80.721 15.168a48.04 48.04 0 0 0 2.142-20.727C93.067 19.575 74.167 1.594 51.201.104 23.242-1.71 0 20.431 0 48c0 17.764 9.657 33.262 24 41.562V496c0 8.837 7.163 16 16 16h16c8.837 0 16-7.163 16-16v-83.443C109.869 395.28 143.259 384 199.826 384c49.132 0 93.305 32 161.913 32 58.479 0 101.972-22.617 128.548-39.981C503.846 367.161 512 352.051 512 335.855V95.937c0-34.459-35.264-57.768-66.904-44.117C409.193 67.309 371.641 80 336.174 80zM464 336c-21.783 15.412-60.824 32-102.261 32-59.945 0-102.002-32-161.913-32-43.361 0-96.379 9.403-127.826 24V128c21.784-15.412 60.824-32 102.261-32 59.945 0 102.002 32 161.913 32 43.271 0 96.32-17.366 127.826-32v240z\"><\/path><\/svg>\t\t\t<\/span>\n\t\t\t\t\t\t\t\t\t<span class=\"elementor-button-text\">Acqu\u00e9rir<\/span>\n\t\t\t\t\t<\/span>\n\t\t\t\t\t<\/a>\n\t\t\t\t\t\t\t\t<\/div>\n\t\t\t\t<\/div>\n\t\t\t\t<div class=\"elementor-element elementor-element-1eabdc23 elementor-widget elementor-widget-spacer\" data-id=\"1eabdc23\" data-element_type=\"widget\" data-e-type=\"widget\" data-widget_type=\"spacer.default\">\n\t\t\t\t\t\t\t<div class=\"elementor-spacer\">\n\t\t\t<div class=\"elementor-spacer-inner\"><\/div>\n\t\t<\/div>\n\t\t\t\t\t\t<\/div>\n\t\t\t\t<div class=\"elementor-element elementor-element-3d5351a6 elementor-arrows-position-inside elementor-pagination-position-outside elementor-widget elementor-widget-image-carousel\" data-id=\"3d5351a6\" data-element_type=\"widget\" data-e-type=\"widget\" data-settings=\"{&quot;navigation&quot;:&quot;both&quot;,&quot;autoplay&quot;:&quot;yes&quot;,&quot;pause_on_hover&quot;:&quot;yes&quot;,&quot;pause_on_interaction&quot;:&quot;yes&quot;,&quot;autoplay_speed&quot;:5000,&quot;infinite&quot;:&quot;yes&quot;,&quot;speed&quot;:500}\" data-widget_type=\"image-carousel.default\">\n\t\t\t\t\t\t\t<div class=\"elementor-image-carousel-wrapper swiper\" role=\"region\" aria-roledescription=\"carousel\" aria-label=\"Carrousel d\u2019images\" dir=\"ltr\">\n\t\t\t<div class=\"elementor-image-carousel swiper-wrapper\" aria-live=\"off\">\n\t\t\t\t\t\t\t\t<div class=\"swiper-slide\" role=\"group\" aria-roledescription=\"slide\" aria-label=\"1 sur 4\"><a data-elementor-open-lightbox=\"yes\" data-elementor-lightbox-slideshow=\"3d5351a6\" data-e-action-hash=\"#elementor-action%3Aaction%3Dlightbox%26settings%3DeyJpZCI6Mjc4NCwidXJsIjoiaHR0cHM6XC9cL2dlcnlmbGFnLmNvbVwvd3AtY29udGVudFwvdXBsb2Fkc1wvMjAyNlwvMDJcL3NsaWRlRS5qcGciLCJzbGlkZXNob3ciOiIzZDUzNTFhNiJ9\" href=\"https:\/\/geryflag.com\/wp-content\/uploads\/2026\/02\/slideE.jpg\"><figure class=\"swiper-slide-inner\"><img decoding=\"async\" class=\"swiper-slide-image\" src=\"https:\/\/geryflag.com\/wp-content\/uploads\/elementor\/thumbs\/slideE-rjjewpoj4ahiiqcvzmnkl2ikh87i5j7p96rphohjo0.jpg\" alt=\"slideE\" \/><\/figure><\/a><\/div><div class=\"swiper-slide\" role=\"group\" aria-roledescription=\"slide\" aria-label=\"2 sur 4\"><a data-elementor-open-lightbox=\"yes\" data-elementor-lightbox-slideshow=\"3d5351a6\" data-e-action-hash=\"#elementor-action%3Aaction%3Dlightbox%26settings%3DeyJpZCI6Mjc4MywidXJsIjoiaHR0cHM6XC9cL2dlcnlmbGFnLmNvbVwvd3AtY29udGVudFwvdXBsb2Fkc1wvMjAyNlwvMDJcL3NsaWRlRC5qcGciLCJzbGlkZXNob3ciOiIzZDUzNTFhNiJ9\" href=\"https:\/\/geryflag.com\/wp-content\/uploads\/2026\/02\/slideD.jpg\"><figure class=\"swiper-slide-inner\"><img decoding=\"async\" class=\"swiper-slide-image\" src=\"https:\/\/geryflag.com\/wp-content\/uploads\/elementor\/thumbs\/slideD-rjjewoqoxgg874e9548y0kr3vuc4xu3yx2480eixu8.jpg\" alt=\"slideD\" \/><\/figure><\/a><\/div><div class=\"swiper-slide\" role=\"group\" aria-roledescription=\"slide\" aria-label=\"3 sur 4\"><a data-elementor-open-lightbox=\"yes\" data-elementor-lightbox-slideshow=\"3d5351a6\" data-e-action-hash=\"#elementor-action%3Aaction%3Dlightbox%26settings%3DeyJpZCI6Mjc4MiwidXJsIjoiaHR0cHM6XC9cL2dlcnlmbGFnLmNvbVwvd3AtY29udGVudFwvdXBsb2Fkc1wvMjAyNlwvMDJcL3NsaWRlQy5qcGciLCJzbGlkZXNob3ciOiIzZDUzNTFhNiJ9\" href=\"https:\/\/geryflag.com\/wp-content\/uploads\/2026\/02\/slideC.jpg\"><figure class=\"swiper-slide-inner\"><img decoding=\"async\" class=\"swiper-slide-image\" src=\"https:\/\/geryflag.com\/wp-content\/uploads\/elementor\/thumbs\/slideC-rjjewmv0jsdnjwgzg3fovl86p2leifwi8st91ulq6o.jpg\" alt=\"slideC\" \/><\/figure><\/a><\/div><div class=\"swiper-slide\" role=\"group\" aria-roledescription=\"slide\" aria-label=\"4 sur 4\"><a data-elementor-open-lightbox=\"yes\" data-elementor-lightbox-slideshow=\"3d5351a6\" data-e-action-hash=\"#elementor-action%3Aaction%3Dlightbox%26settings%3DeyJpZCI6Mjc4MSwidXJsIjoiaHR0cHM6XC9cL2dlcnlmbGFnLmNvbVwvd3AtY29udGVudFwvdXBsb2Fkc1wvMjAyNlwvMDJcL3NsaWRlQi5qcGciLCJzbGlkZXNob3ciOiIzZDUzNTFhNiJ9\" href=\"https:\/\/geryflag.com\/wp-content\/uploads\/2026\/02\/slideB.jpg\"><figure class=\"swiper-slide-inner\"><img decoding=\"async\" class=\"swiper-slide-image\" src=\"https:\/\/geryflag.com\/wp-content\/uploads\/elementor\/thumbs\/slideB-rjjewlx6cycd8aicll12b3gq3oq1aqsrwo5rkkn4cw.jpg\" alt=\"slideB\" \/><\/figure><\/a><\/div>\t\t\t<\/div>\n\t\t\t\t\t\t\t\t\t\t\t\t<div class=\"elementor-swiper-button elementor-swiper-button-prev\" role=\"button\" tabindex=\"0\">\n\t\t\t\t\t\t<svg aria-hidden=\"true\" class=\"e-font-icon-svg e-eicon-chevron-left\" viewBox=\"0 0 1000 1000\" xmlns=\"http:\/\/www.w3.org\/2000\/svg\"><path d=\"M646 125C629 125 613 133 604 142L308 442C296 454 292 471 292 487 292 504 296 521 308 533L604 854C617 867 629 875 646 875 663 875 679 871 692 858 704 846 713 829 713 812 713 796 708 779 692 767L438 487 692 225C700 217 708 204 708 187 708 171 704 154 692 142 675 129 663 125 646 125Z\"><\/path><\/svg>\t\t\t\t\t<\/div>\n\t\t\t\t\t<div class=\"elementor-swiper-button elementor-swiper-button-next\" role=\"button\" tabindex=\"0\">\n\t\t\t\t\t\t<svg aria-hidden=\"true\" class=\"e-font-icon-svg e-eicon-chevron-right\" viewBox=\"0 0 1000 1000\" xmlns=\"http:\/\/www.w3.org\/2000\/svg\"><path d=\"M696 533C708 521 713 504 713 487 713 471 708 454 696 446L400 146C388 133 375 125 354 125 338 125 325 129 313 142 300 154 292 171 292 187 292 204 296 221 308 233L563 492 304 771C292 783 288 800 288 817 288 833 296 850 308 863 321 871 338 875 354 875 371 875 388 867 400 854L696 533Z\"><\/path><\/svg>\t\t\t\t\t<\/div>\n\t\t\t\t\n\t\t\t\t\t\t\t\t\t<div class=\"swiper-pagination\"><\/div>\n\t\t\t\t\t\t\t\t\t<\/div>\n\t\t\t\t\t\t<\/div>\n\t\t\t\t\t<\/div>\n\t\t\t\t<\/div>\n\t\t\t\t<\/div>\n\t\t","protected":false},"excerpt":{"rendered":"<p>&lt; Retour \u00e0 la liste S\u00e8ve des r\u00eaves Dans S\u00e8ve des r\u00eaves, une trace traverse la toile comme une s\u00e8ve lumineuse qui [&hellip;]<\/p>\n","protected":false},"author":1,"featured_media":0,"parent":0,"menu_order":0,"comment_status":"closed","ping_status":"closed","template":"elementor_header_footer","meta":{"footnotes":""},"folder":[11],"class_list":["post-2761","page","type-page","status-publish","hentry"],"_links":{"self":[{"href":"https:\/\/geryflag.com\/index.php\/wp-json\/wp\/v2\/pages\/2761","targetHints":{"allow":["GET"]}}],"collection":[{"href":"https:\/\/geryflag.com\/index.php\/wp-json\/wp\/v2\/pages"}],"about":[{"href":"https:\/\/geryflag.com\/index.php\/wp-json\/wp\/v2\/types\/page"}],"author":[{"embeddable":true,"href":"https:\/\/geryflag.com\/index.php\/wp-json\/wp\/v2\/users\/1"}],"replies":[{"embeddable":true,"href":"https:\/\/geryflag.com\/index.php\/wp-json\/wp\/v2\/comments?post=2761"}],"version-history":[{"count":19,"href":"https:\/\/geryflag.com\/index.php\/wp-json\/wp\/v2\/pages\/2761\/revisions"}],"predecessor-version":[{"id":2933,"href":"https:\/\/geryflag.com\/index.php\/wp-json\/wp\/v2\/pages\/2761\/revisions\/2933"}],"wp:attachment":[{"href":"https:\/\/geryflag.com\/index.php\/wp-json\/wp\/v2\/media?parent=2761"}],"wp:term":[{"taxonomy":"folder","embeddable":true,"href":"https:\/\/geryflag.com\/index.php\/wp-json\/wp\/v2\/folder?post=2761"}],"curies":[{"name":"wp","href":"https:\/\/api.w.org\/{rel}","templated":true}]}}