{"id":2738,"date":"2026-02-17T22:06:46","date_gmt":"2026-02-17T21:06:46","guid":{"rendered":"https:\/\/geryflag.com\/?page_id=2738"},"modified":"2026-03-09T23:20:57","modified_gmt":"2026-03-09T22:20:57","slug":"pulse","status":"publish","type":"page","link":"https:\/\/geryflag.com\/index.php\/pulse\/","title":{"rendered":"Pulse"},"content":{"rendered":"\t\t<div data-elementor-type=\"wp-page\" data-elementor-id=\"2738\" class=\"elementor elementor-2738\">\n\t\t\t\t<div class=\"elementor-element elementor-element-56212d1d e-con-full e-flex e-con e-parent\" data-id=\"56212d1d\" data-element_type=\"container\" data-e-type=\"container\" data-settings=\"{&quot;background_background&quot;:&quot;classic&quot;}\">\n\t\t<div class=\"elementor-element elementor-element-4f9d0309 e-flex e-con-boxed e-con e-child\" data-id=\"4f9d0309\" data-element_type=\"container\" data-e-type=\"container\">\n\t\t\t\t\t<div class=\"e-con-inner\">\n\t\t<div class=\"elementor-element elementor-element-6fdb853d e-con-full e-flex e-con e-child\" data-id=\"6fdb853d\" data-element_type=\"container\" data-e-type=\"container\">\n\t\t\t\t<div class=\"elementor-element elementor-element-64378922 elementor-widget elementor-widget-text-editor\" data-id=\"64378922\" data-element_type=\"widget\" data-e-type=\"widget\" data-widget_type=\"text-editor.default\">\n\t\t\t\t\t\t\t\t\t<p>&lt; <a href=\"https:\/\/geryflag.com\/index.php\/fluxoria\/\">Retour \u00e0 la liste<\/a><\/p>\t\t\t\t\t\t\t\t<\/div>\n\t\t\t\t<div class=\"elementor-element elementor-element-49cc5f2d elementor-invisible elementor-widget elementor-widget-image\" data-id=\"49cc5f2d\" data-element_type=\"widget\" data-e-type=\"widget\" data-settings=\"{&quot;_animation&quot;:&quot;bounceInLeft&quot;}\" data-widget_type=\"image.default\">\n\t\t\t\t\t\t\t\t\t\t\t\t\t\t\t<img fetchpriority=\"high\" decoding=\"async\" width=\"768\" height=\"1075\" src=\"https:\/\/geryflag.com\/wp-content\/uploads\/2026\/02\/Pulse-1280-768x1075.webp\" class=\"attachment-medium_large size-medium_large wp-image-2729\" alt=\"\" srcset=\"https:\/\/geryflag.com\/wp-content\/uploads\/2026\/02\/Pulse-1280-768x1075.webp 768w, https:\/\/geryflag.com\/wp-content\/uploads\/2026\/02\/Pulse-1280-286x400.webp 286w, https:\/\/geryflag.com\/wp-content\/uploads\/2026\/02\/Pulse-1280-914x1280.webp 914w, https:\/\/geryflag.com\/wp-content\/uploads\/2026\/02\/Pulse-1280-1097x1536.webp 1097w, https:\/\/geryflag.com\/wp-content\/uploads\/2026\/02\/Pulse-1280-1000x1400.webp 1000w, https:\/\/geryflag.com\/wp-content\/uploads\/2026\/02\/Pulse-1280-230x322.webp 230w, https:\/\/geryflag.com\/wp-content\/uploads\/2026\/02\/Pulse-1280-350x490.webp 350w, https:\/\/geryflag.com\/wp-content\/uploads\/2026\/02\/Pulse-1280-480x672.webp 480w, https:\/\/geryflag.com\/wp-content\/uploads\/2026\/02\/Pulse-1280.webp 1280w\" sizes=\"(max-width: 768px) 100vw, 768px\" \/>\t\t\t\t\t\t\t\t\t\t\t\t\t\t\t<\/div>\n\t\t\t\t<div class=\"elementor-element elementor-element-247ace9f elementor-widget elementor-widget-text-editor\" data-id=\"247ace9f\" data-element_type=\"widget\" data-e-type=\"widget\" data-widget_type=\"text-editor.default\">\n\t\t\t\t\t\t\t\t\t<h1>Pulse<\/h1><p><!-- \/wp:paragraph --><\/p>\t\t\t\t\t\t\t\t<\/div>\n\t\t\t\t<div class=\"elementor-element elementor-element-748b8c22 elementor-widget__width-initial elementor-widget-divider--view-line elementor-widget elementor-widget-divider\" data-id=\"748b8c22\" data-element_type=\"widget\" data-e-type=\"widget\" data-widget_type=\"divider.default\">\n\t\t\t\t\t\t\t<div class=\"elementor-divider\">\n\t\t\t<span class=\"elementor-divider-separator\">\n\t\t\t\t\t\t<\/span>\n\t\t<\/div>\n\t\t\t\t\t\t<\/div>\n\t\t\t\t<\/div>\n\t\t\t\t<div class=\"elementor-element elementor-element-4a3f2897 elementor-widget elementor-widget-text-editor\" data-id=\"4a3f2897\" data-element_type=\"widget\" data-e-type=\"widget\" data-widget_type=\"text-editor.default\">\n\t\t\t\t\t\t\t\t\t<p><em>\u201cUn souffle venu d\u2019ailleurs\u2026 et une pulsation qui s\u2019allume. Pulse, c\u2019est une \u00e9nergie qui circule, une flamme int\u00e9rieure qui se d\u00e9ploie. Une \u0153uvre qui vibre doucement, comme un battement qui cherche son rythme dans la lumi\u00e8re.\u201d<\/em><\/p>\t\t\t\t\t\t\t\t<\/div>\n\t\t\t\t<div class=\"elementor-element elementor-element-2a3a80a4 elementor-widget__width-initial elementor-widget-divider--view-line elementor-widget elementor-widget-divider\" data-id=\"2a3a80a4\" data-element_type=\"widget\" data-e-type=\"widget\" data-widget_type=\"divider.default\">\n\t\t\t\t\t\t\t<div class=\"elementor-divider\">\n\t\t\t<span class=\"elementor-divider-separator\">\n\t\t\t\t\t\t<\/span>\n\t\t<\/div>\n\t\t\t\t\t\t<\/div>\n\t\t\t\t\t<\/div>\n\t\t\t\t<\/div>\n\t\t\t\t<div class=\"elementor-element elementor-element-4fe27000 elementor-widget elementor-widget-text-editor\" data-id=\"4fe27000\" data-element_type=\"widget\" data-e-type=\"widget\" data-widget_type=\"text-editor.default\">\n\t\t\t\t\t\t\t\t\t<h5>D\u00e9couvrez ses d\u00e9tails techniques<\/h5>\t\t\t\t\t\t\t\t<\/div>\n\t\t<div class=\"elementor-element elementor-element-2c9d4ab2 e-grid e-con-boxed e-con e-child\" data-id=\"2c9d4ab2\" data-element_type=\"container\" data-e-type=\"container\">\n\t\t\t\t\t<div class=\"e-con-inner\">\n\t\t\t\t<div class=\"elementor-element elementor-element-2cf9669 elementor-widget elementor-widget-image\" data-id=\"2cf9669\" data-element_type=\"widget\" data-e-type=\"widget\" data-widget_type=\"image.default\">\n\t\t\t\t\t\t\t\t\t\t\t\t\t\t\t<img decoding=\"async\" width=\"286\" height=\"400\" src=\"https:\/\/geryflag.com\/wp-content\/uploads\/2026\/02\/Impulsion-300px-286x400.png\" class=\"attachment-medium size-medium wp-image-2728\" alt=\"\" srcset=\"https:\/\/geryflag.com\/wp-content\/uploads\/2026\/02\/Impulsion-300px-286x400.png 286w, https:\/\/geryflag.com\/wp-content\/uploads\/2026\/02\/Impulsion-300px-230x322.png 230w, https:\/\/geryflag.com\/wp-content\/uploads\/2026\/02\/Impulsion-300px.png 300w\" sizes=\"(max-width: 286px) 100vw, 286px\" \/>\t\t\t\t\t\t\t\t\t\t\t\t\t\t\t<\/div>\n\t\t\t\t<div class=\"elementor-element elementor-element-7349353a elementor-widget elementor-widget-text-editor\" data-id=\"7349353a\" data-element_type=\"widget\" data-e-type=\"widget\" data-widget_type=\"text-editor.default\">\n\t\t\t\t\t\t\t\t\t<p>Peinture acrylique sur toile en coton r\u00e9alis\u00e9e \u00e0 la main, mont\u00e9e sur ch\u00e2ssis bois Studio 2 Gerstaecker<\/p><p>Vernis Liquitex professionnel : Brillant<\/p><p>Dimensions : 50 x 70 cm (sans cadre).<\/p><p>Ann\u00e9e de cr\u00e9ation : 2024<\/p><p>Signature en bas \u00e0 droite et au dos<\/p><p>Pi\u00e8ce unique \u2013 R\u00e9f : IMP702501<\/p>\t\t\t\t\t\t\t\t<\/div>\n\t\t\t\t\t<\/div>\n\t\t\t\t<\/div>\n\t\t\t\t<\/div>\n\t\t<div class=\"elementor-element elementor-element-73160538 e-flex e-con-boxed e-con e-parent\" data-id=\"73160538\" data-element_type=\"container\" data-e-type=\"container\">\n\t\t\t\t\t<div class=\"e-con-inner\">\n\t\t<div class=\"elementor-element elementor-element-761095d e-con-full e-flex e-con e-child\" data-id=\"761095d\" data-element_type=\"container\" data-e-type=\"container\">\n\t\t\t\t<div class=\"elementor-element elementor-element-637a5231 elementor-widget elementor-widget-spacer\" data-id=\"637a5231\" data-element_type=\"widget\" data-e-type=\"widget\" data-widget_type=\"spacer.default\">\n\t\t\t\t\t\t\t<div class=\"elementor-spacer\">\n\t\t\t<div class=\"elementor-spacer-inner\"><\/div>\n\t\t<\/div>\n\t\t\t\t\t\t<\/div>\n\t\t\t\t<div class=\"elementor-element elementor-element-a01867 elementor-align-center elementor-widget elementor-widget-button\" data-id=\"a01867\" data-element_type=\"widget\" data-e-type=\"widget\" data-widget_type=\"button.default\">\n\t\t\t\t\t\t\t\t\t\t<a class=\"elementor-button elementor-size-sm\" role=\"button\">\n\t\t\t\t\t\t<span class=\"elementor-button-content-wrapper\">\n\t\t\t\t\t\t<span class=\"elementor-button-icon\">\n\t\t\t\t<svg aria-hidden=\"true\" class=\"e-font-icon-svg e-far-flag\" viewBox=\"0 0 512 512\" xmlns=\"http:\/\/www.w3.org\/2000\/svg\"><path d=\"M336.174 80c-49.132 0-93.305-32-161.913-32-31.301 0-58.303 6.482-80.721 15.168a48.04 48.04 0 0 0 2.142-20.727C93.067 19.575 74.167 1.594 51.201.104 23.242-1.71 0 20.431 0 48c0 17.764 9.657 33.262 24 41.562V496c0 8.837 7.163 16 16 16h16c8.837 0 16-7.163 16-16v-83.443C109.869 395.28 143.259 384 199.826 384c49.132 0 93.305 32 161.913 32 58.479 0 101.972-22.617 128.548-39.981C503.846 367.161 512 352.051 512 335.855V95.937c0-34.459-35.264-57.768-66.904-44.117C409.193 67.309 371.641 80 336.174 80zM464 336c-21.783 15.412-60.824 32-102.261 32-59.945 0-102.002-32-161.913-32-43.361 0-96.379 9.403-127.826 24V128c21.784-15.412 60.824-32 102.261-32 59.945 0 102.002 32 161.913 32 43.271 0 96.32-17.366 127.826-32v240z\"><\/path><\/svg>\t\t\t<\/span>\n\t\t\t\t\t\t\t\t\t<span class=\"elementor-button-text\">Aquerir cette oeuvre<\/span>\n\t\t\t\t\t<\/span>\n\t\t\t\t\t<\/a>\n\t\t\t\t\t\t\t\t<\/div>\n\t\t\t\t<\/div>\n\t\t\t\t<div class=\"elementor-element elementor-element-4233f100 elementor-widget elementor-widget-spacer\" data-id=\"4233f100\" data-element_type=\"widget\" data-e-type=\"widget\" data-widget_type=\"spacer.default\">\n\t\t\t\t\t\t\t<div class=\"elementor-spacer\">\n\t\t\t<div class=\"elementor-spacer-inner\"><\/div>\n\t\t<\/div>\n\t\t\t\t\t\t<\/div>\n\t\t\t\t<div class=\"elementor-element elementor-element-30bf018e elementor-arrows-position-inside elementor-pagination-position-outside elementor-widget elementor-widget-image-carousel\" data-id=\"30bf018e\" data-element_type=\"widget\" data-e-type=\"widget\" data-settings=\"{&quot;navigation&quot;:&quot;both&quot;,&quot;autoplay&quot;:&quot;yes&quot;,&quot;pause_on_hover&quot;:&quot;yes&quot;,&quot;pause_on_interaction&quot;:&quot;yes&quot;,&quot;autoplay_speed&quot;:5000,&quot;infinite&quot;:&quot;yes&quot;,&quot;speed&quot;:500}\" data-widget_type=\"image-carousel.default\">\n\t\t\t\t\t\t\t<div class=\"elementor-image-carousel-wrapper swiper\" role=\"region\" aria-roledescription=\"carousel\" aria-label=\"Carrousel d\u2019images\" dir=\"ltr\">\n\t\t\t<div class=\"elementor-image-carousel swiper-wrapper\" aria-live=\"off\">\n\t\t\t\t\t\t\t\t<div class=\"swiper-slide\" role=\"group\" aria-roledescription=\"slide\" aria-label=\"1 sur 6\"><a data-elementor-open-lightbox=\"yes\" data-elementor-lightbox-slideshow=\"30bf018e\" data-elementor-lightbox-title=\"Int\u00e9rieur\" data-elementor-lightbox-description=\"Int\u00e9rieur\" data-e-action-hash=\"#elementor-action%3Aaction%3Dlightbox%26settings%3DeyJpZCI6MjczNywidXJsIjoiaHR0cHM6XC9cL2dlcnlmbGFnLmNvbVwvd3AtY29udGVudFwvdXBsb2Fkc1wvMjAyNlwvMDJcL3NsaWRlMy1zY2FsZWQuanBnIiwic2xpZGVzaG93IjoiMzBiZjAxOGUifQ%3D%3D\" href=\"https:\/\/geryflag.com\/wp-content\/uploads\/2026\/02\/slide3-scaled.jpg\"><figure class=\"swiper-slide-inner\"><img decoding=\"async\" class=\"swiper-slide-image\" src=\"https:\/\/geryflag.com\/wp-content\/uploads\/elementor\/thumbs\/slide3-scaled-rjazit1th57x4t1b92petoap86w7vx03arqfd8i8y8.jpg\" alt=\"Int\u00e9rieur\" \/><figcaption class=\"elementor-image-carousel-caption\">Int\u00e9rieur<\/figcaption><\/figure><\/a><\/div><div class=\"swiper-slide\" role=\"group\" aria-roledescription=\"slide\" aria-label=\"2 sur 6\"><a data-elementor-open-lightbox=\"yes\" data-elementor-lightbox-slideshow=\"30bf018e\" data-elementor-lightbox-title=\"D\u00e9tail\" data-elementor-lightbox-description=\"D\u00e9tail\" data-e-action-hash=\"#elementor-action%3Aaction%3Dlightbox%26settings%3DeyJpZCI6MjczNiwidXJsIjoiaHR0cHM6XC9cL2dlcnlmbGFnLmNvbVwvd3AtY29udGVudFwvdXBsb2Fkc1wvMjAyNlwvMDJcL3NsaWRlMi1zY2FsZWQuanBnIiwic2xpZGVzaG93IjoiMzBiZjAxOGUifQ%3D%3D\" href=\"https:\/\/geryflag.com\/wp-content\/uploads\/2026\/02\/slide2-scaled.jpg\"><figure class=\"swiper-slide-inner\"><img decoding=\"async\" class=\"swiper-slide-image\" src=\"https:\/\/geryflag.com\/wp-content\/uploads\/elementor\/thumbs\/slide2-scaled-rjazipagpt2rud6rv12wjp8uuner14l5y94hg4ntn4.jpg\" alt=\"D\u00e9tail\" \/><figcaption class=\"elementor-image-carousel-caption\">D\u00e9tail<\/figcaption><\/figure><\/a><\/div><div class=\"swiper-slide\" role=\"group\" aria-roledescription=\"slide\" aria-label=\"3 sur 6\"><a data-elementor-open-lightbox=\"yes\" data-elementor-lightbox-slideshow=\"30bf018e\" data-elementor-lightbox-title=\"Accroche\" data-elementor-lightbox-description=\"Accroche\" data-e-action-hash=\"#elementor-action%3Aaction%3Dlightbox%26settings%3DeyJpZCI6MjczNSwidXJsIjoiaHR0cHM6XC9cL2dlcnlmbGFnLmNvbVwvd3AtY29udGVudFwvdXBsb2Fkc1wvMjAyNlwvMDJcL1NhbnMtdGl0cmUyLXNjYWxlZC5qcGciLCJzbGlkZXNob3ciOiIzMGJmMDE4ZSJ9\" href=\"https:\/\/geryflag.com\/wp-content\/uploads\/2026\/02\/Sans-titre2-scaled.jpg\"><figure class=\"swiper-slide-inner\"><img decoding=\"async\" class=\"swiper-slide-image\" src=\"https:\/\/geryflag.com\/wp-content\/uploads\/elementor\/thumbs\/Sans-titre2-scaled-rjazilj3ygxmjxc8gzge9q70h3xa6c68lqijj0tec0.jpg\" alt=\"Accroche\" \/><figcaption class=\"elementor-image-carousel-caption\">Accroche<\/figcaption><\/figure><\/a><\/div><div class=\"swiper-slide\" role=\"group\" aria-roledescription=\"slide\" aria-label=\"4 sur 6\"><a data-elementor-open-lightbox=\"yes\" data-elementor-lightbox-slideshow=\"30bf018e\" data-elementor-lightbox-title=\"Sans cadre\" data-elementor-lightbox-description=\"Sans cadre\" data-e-action-hash=\"#elementor-action%3Aaction%3Dlightbox%26settings%3DeyJpZCI6MjczMCwidXJsIjoiaHR0cHM6XC9cL2dlcnlmbGFnLmNvbVwvd3AtY29udGVudFwvdXBsb2Fkc1wvMjAyNlwvMDJcL1B1bHNlLWZvbmRibGFuLndlYnAiLCJzbGlkZXNob3ciOiIzMGJmMDE4ZSJ9\" href=\"https:\/\/geryflag.com\/wp-content\/uploads\/2026\/02\/Pulse-fondblan.webp\"><figure class=\"swiper-slide-inner\"><img decoding=\"async\" class=\"swiper-slide-image\" src=\"https:\/\/geryflag.com\/wp-content\/uploads\/elementor\/thumbs\/Pulse-fondblan-rjazg9vh27r3umpr1halltazltdm59y4m8gbte9fps.webp\" alt=\"Sans cadre\" \/><figcaption class=\"elementor-image-carousel-caption\">Sans cadre<\/figcaption><\/figure><\/a><\/div><div class=\"swiper-slide\" role=\"group\" aria-roledescription=\"slide\" aria-label=\"5 sur 6\"><a data-elementor-open-lightbox=\"yes\" data-elementor-lightbox-slideshow=\"30bf018e\" data-elementor-lightbox-title=\"Sans cadre\" data-elementor-lightbox-description=\"Sans cadre\" data-e-action-hash=\"#elementor-action%3Aaction%3Dlightbox%26settings%3DeyJpZCI6MjczNCwidXJsIjoiaHR0cHM6XC9cL2dlcnlmbGFnLmNvbVwvd3AtY29udGVudFwvdXBsb2Fkc1wvMjAyNlwvMDJcL1B1bHNlLWZvbmRub2lyYi53ZWJwIiwic2xpZGVzaG93IjoiMzBiZjAxOGUifQ%3D%3D\" href=\"https:\/\/geryflag.com\/wp-content\/uploads\/2026\/02\/Pulse-fondnoirb.webp\"><figure class=\"swiper-slide-inner\"><img decoding=\"async\" class=\"swiper-slide-image\" src=\"https:\/\/geryflag.com\/wp-content\/uploads\/elementor\/thumbs\/Pulse-fondnoirb-rjazhy157m1ghoada7aq1e4hmh53twky6i7ej3s8nk.webp\" alt=\"Sans cadre\" \/><figcaption class=\"elementor-image-carousel-caption\">Sans cadre<\/figcaption><\/figure><\/a><\/div><div class=\"swiper-slide\" role=\"group\" aria-roledescription=\"slide\" aria-label=\"6 sur 6\"><a data-elementor-open-lightbox=\"yes\" data-elementor-lightbox-slideshow=\"30bf018e\" data-elementor-lightbox-title=\"Galerie\" data-elementor-lightbox-description=\"Galerie\" data-e-action-hash=\"#elementor-action%3Aaction%3Dlightbox%26settings%3DeyJpZCI6MjczMiwidXJsIjoiaHR0cHM6XC9cL2dlcnlmbGFnLmNvbVwvd3AtY29udGVudFwvdXBsb2Fkc1wvMjAyNlwvMDJcL3B1bHNlLW11c2VlLndlYnAiLCJzbGlkZXNob3ciOiIzMGJmMDE4ZSJ9\" href=\"https:\/\/geryflag.com\/wp-content\/uploads\/2026\/02\/pulse-musee.webp\"><figure class=\"swiper-slide-inner\"><img decoding=\"async\" class=\"swiper-slide-image\" src=\"https:\/\/geryflag.com\/wp-content\/uploads\/elementor\/thumbs\/pulse-musee-rjazgcozmpuytglnl0ihbalddyzpsd9bmmes985974.webp\" alt=\"Galerie\" \/><figcaption class=\"elementor-image-carousel-caption\">Galerie<\/figcaption><\/figure><\/a><\/div>\t\t\t<\/div>\n\t\t\t\t\t\t\t\t\t\t\t\t<div class=\"elementor-swiper-button elementor-swiper-button-prev\" role=\"button\" tabindex=\"0\">\n\t\t\t\t\t\t<svg aria-hidden=\"true\" class=\"e-font-icon-svg e-eicon-chevron-left\" viewBox=\"0 0 1000 1000\" xmlns=\"http:\/\/www.w3.org\/2000\/svg\"><path d=\"M646 125C629 125 613 133 604 142L308 442C296 454 292 471 292 487 292 504 296 521 308 533L604 854C617 867 629 875 646 875 663 875 679 871 692 858 704 846 713 829 713 812 713 796 708 779 692 767L438 487 692 225C700 217 708 204 708 187 708 171 704 154 692 142 675 129 663 125 646 125Z\"><\/path><\/svg>\t\t\t\t\t<\/div>\n\t\t\t\t\t<div class=\"elementor-swiper-button elementor-swiper-button-next\" role=\"button\" tabindex=\"0\">\n\t\t\t\t\t\t<svg aria-hidden=\"true\" class=\"e-font-icon-svg e-eicon-chevron-right\" viewBox=\"0 0 1000 1000\" xmlns=\"http:\/\/www.w3.org\/2000\/svg\"><path d=\"M696 533C708 521 713 504 713 487 713 471 708 454 696 446L400 146C388 133 375 125 354 125 338 125 325 129 313 142 300 154 292 171 292 187 292 204 296 221 308 233L563 492 304 771C292 783 288 800 288 817 288 833 296 850 308 863 321 871 338 875 354 875 371 875 388 867 400 854L696 533Z\"><\/path><\/svg>\t\t\t\t\t<\/div>\n\t\t\t\t\n\t\t\t\t\t\t\t\t\t<div class=\"swiper-pagination\"><\/div>\n\t\t\t\t\t\t\t\t\t<\/div>\n\t\t\t\t\t\t<\/div>\n\t\t\t\t\t<\/div>\n\t\t\t\t<\/div>\n\t\t\t\t<\/div>\n\t\t","protected":false},"excerpt":{"rendered":"<p>&lt; Retour \u00e0 la liste Pulse \u201cUn souffle venu d\u2019ailleurs\u2026 et une pulsation qui s\u2019allume. Pulse, c\u2019est une \u00e9nergie qui circule, une [&hellip;]<\/p>\n","protected":false},"author":1,"featured_media":0,"parent":0,"menu_order":0,"comment_status":"closed","ping_status":"closed","template":"elementor_header_footer","meta":{"footnotes":""},"folder":[11],"class_list":["post-2738","page","type-page","status-publish","hentry"],"_links":{"self":[{"href":"https:\/\/geryflag.com\/index.php\/wp-json\/wp\/v2\/pages\/2738","targetHints":{"allow":["GET"]}}],"collection":[{"href":"https:\/\/geryflag.com\/index.php\/wp-json\/wp\/v2\/pages"}],"about":[{"href":"https:\/\/geryflag.com\/index.php\/wp-json\/wp\/v2\/types\/page"}],"author":[{"embeddable":true,"href":"https:\/\/geryflag.com\/index.php\/wp-json\/wp\/v2\/users\/1"}],"replies":[{"embeddable":true,"href":"https:\/\/geryflag.com\/index.php\/wp-json\/wp\/v2\/comments?post=2738"}],"version-history":[{"count":19,"href":"https:\/\/geryflag.com\/index.php\/wp-json\/wp\/v2\/pages\/2738\/revisions"}],"predecessor-version":[{"id":2930,"href":"https:\/\/geryflag.com\/index.php\/wp-json\/wp\/v2\/pages\/2738\/revisions\/2930"}],"wp:attachment":[{"href":"https:\/\/geryflag.com\/index.php\/wp-json\/wp\/v2\/media?parent=2738"}],"wp:term":[{"taxonomy":"folder","embeddable":true,"href":"https:\/\/geryflag.com\/index.php\/wp-json\/wp\/v2\/folder?post=2738"}],"curies":[{"name":"wp","href":"https:\/\/api.w.org\/{rel}","templated":true}]}}