{"id":2653,"date":"2026-01-26T23:15:07","date_gmt":"2026-01-26T22:15:07","guid":{"rendered":"https:\/\/geryflag.com\/?page_id=2653"},"modified":"2026-03-09T23:11:45","modified_gmt":"2026-03-09T22:11:45","slug":"impact","status":"publish","type":"page","link":"https:\/\/geryflag.com\/index.php\/impact\/","title":{"rendered":"Impact"},"content":{"rendered":"\t\t<div data-elementor-type=\"wp-page\" data-elementor-id=\"2653\" class=\"elementor elementor-2653\">\n\t\t\t\t<div class=\"elementor-element elementor-element-13a41ec2 e-con-full e-flex e-con e-parent\" data-id=\"13a41ec2\" data-element_type=\"container\" data-e-type=\"container\" data-settings=\"{&quot;background_background&quot;:&quot;classic&quot;}\">\n\t\t<div class=\"elementor-element elementor-element-47a6d94b e-flex e-con-boxed e-con e-child\" data-id=\"47a6d94b\" data-element_type=\"container\" data-e-type=\"container\">\n\t\t\t\t\t<div class=\"e-con-inner\">\n\t\t<div class=\"elementor-element elementor-element-30f88c56 e-con-full e-flex e-con e-child\" data-id=\"30f88c56\" data-element_type=\"container\" data-e-type=\"container\">\n\t\t\t\t<div class=\"elementor-element elementor-element-65b8ddf8 elementor-widget elementor-widget-text-editor\" data-id=\"65b8ddf8\" data-element_type=\"widget\" data-e-type=\"widget\" data-widget_type=\"text-editor.default\">\n\t\t\t\t\t\t\t\t\t<p>&lt; <a href=\"https:\/\/geryflag.com\/index.php\/fluxoria\/\">Retour \u00e0 la liste<\/a><\/p>\t\t\t\t\t\t\t\t<\/div>\n\t\t\t\t<div class=\"elementor-element elementor-element-193a1c16 animated-slow elementor-invisible elementor-widget elementor-widget-image\" data-id=\"193a1c16\" data-element_type=\"widget\" data-e-type=\"widget\" data-settings=\"{&quot;_animation&quot;:&quot;bounceInLeft&quot;}\" data-widget_type=\"image.default\">\n\t\t\t\t\t\t\t\t\t\t\t\t\t\t\t<img fetchpriority=\"high\" decoding=\"async\" width=\"768\" height=\"614\" src=\"https:\/\/geryflag.com\/wp-content\/uploads\/2026\/01\/impact-768x614.webp\" class=\"attachment-medium_large size-medium_large wp-image-2670\" alt=\"\" srcset=\"https:\/\/geryflag.com\/wp-content\/uploads\/2026\/01\/impact-768x614.webp 768w, https:\/\/geryflag.com\/wp-content\/uploads\/2026\/01\/impact-500x400.webp 500w, https:\/\/geryflag.com\/wp-content\/uploads\/2026\/01\/impact-1280x1024.webp 1280w, https:\/\/geryflag.com\/wp-content\/uploads\/2026\/01\/impact-1536x1229.webp 1536w, https:\/\/geryflag.com\/wp-content\/uploads\/2026\/01\/impact-1000x800.webp 1000w, https:\/\/geryflag.com\/wp-content\/uploads\/2026\/01\/impact-230x184.webp 230w, https:\/\/geryflag.com\/wp-content\/uploads\/2026\/01\/impact-350x280.webp 350w, https:\/\/geryflag.com\/wp-content\/uploads\/2026\/01\/impact-480x384.webp 480w, https:\/\/geryflag.com\/wp-content\/uploads\/2026\/01\/impact.webp 1920w\" sizes=\"(max-width: 768px) 100vw, 768px\" \/>\t\t\t\t\t\t\t\t\t\t\t\t\t\t\t<\/div>\n\t\t\t\t<div class=\"elementor-element elementor-element-7e074552 elementor-widget elementor-widget-text-editor\" data-id=\"7e074552\" data-element_type=\"widget\" data-e-type=\"widget\" data-widget_type=\"text-editor.default\">\n\t\t\t\t\t\t\t\t\t<h1>Impact<\/h1><p><!-- \/wp:paragraph --><\/p>\t\t\t\t\t\t\t\t<\/div>\n\t\t\t\t<div class=\"elementor-element elementor-element-77fa3281 elementor-widget__width-initial elementor-widget-divider--view-line elementor-widget elementor-widget-divider\" data-id=\"77fa3281\" data-element_type=\"widget\" data-e-type=\"widget\" data-widget_type=\"divider.default\">\n\t\t\t\t\t\t\t<div class=\"elementor-divider\">\n\t\t\t<span class=\"elementor-divider-separator\">\n\t\t\t\t\t\t<\/span>\n\t\t<\/div>\n\t\t\t\t\t\t<\/div>\n\t\t\t\t<\/div>\n\t\t\t\t<div class=\"elementor-element elementor-element-70005c4c elementor-drop-cap-yes elementor-drop-cap-view-default elementor-widget elementor-widget-text-editor\" data-id=\"70005c4c\" data-element_type=\"widget\" data-e-type=\"widget\" data-settings=\"{&quot;drop_cap&quot;:&quot;yes&quot;}\" data-widget_type=\"text-editor.default\">\n\t\t\t\t\t\t\t\t\t<p><strong>IMPACT<\/strong> explore la puissance du geste et la beaut\u00e9 des collisions chromatiques. Sur un fond bleu profond, vibrant et textur\u00e9, se d\u00e9ploient des \u00e9clats de blanc, de noir et de violet qui semblent surgir d\u2019un mouvement instinctif. La composition, faite de coulures, de jaillissements et de superpositions, capture un instant de tension pure \u2014 ce moment o\u00f9 tout bascule, o\u00f9 la mati\u00e8re se heurte et se transforme.<\/p><p>L\u2019\u0153uvre joue sur le contraste entre contr\u00f4le et spontan\u00e9it\u00e9. Les gestes rapides et libres dialoguent avec des zones plus calmes, cr\u00e9ant un rythme visuel qui \u00e9voque \u00e0 la fois l\u2019impact, la r\u00e9sonance et la propagation. Chaque trace porte la m\u00e9moire du mouvement, r\u00e9v\u00e9lant une \u00e9nergie brute mais ma\u00eetris\u00e9e.<\/p>\t\t\t\t\t\t\t\t<\/div>\n\t\t\t\t<div class=\"elementor-element elementor-element-14c05c92 elementor-widget__width-initial elementor-widget-divider--view-line elementor-widget elementor-widget-divider\" data-id=\"14c05c92\" data-element_type=\"widget\" data-e-type=\"widget\" data-widget_type=\"divider.default\">\n\t\t\t\t\t\t\t<div class=\"elementor-divider\">\n\t\t\t<span class=\"elementor-divider-separator\">\n\t\t\t\t\t\t<\/span>\n\t\t<\/div>\n\t\t\t\t\t\t<\/div>\n\t\t\t\t\t<\/div>\n\t\t\t\t<\/div>\n\t\t\t\t<div class=\"elementor-element elementor-element-296525ce elementor-widget elementor-widget-text-editor\" data-id=\"296525ce\" data-element_type=\"widget\" data-e-type=\"widget\" data-widget_type=\"text-editor.default\">\n\t\t\t\t\t\t\t\t\t<h5>D\u00e9couvrez ses d\u00e9tails techniques<\/h5>\t\t\t\t\t\t\t\t<\/div>\n\t\t<div class=\"elementor-element elementor-element-4b0402b8 e-grid e-con-boxed e-con e-child\" data-id=\"4b0402b8\" data-element_type=\"container\" data-e-type=\"container\">\n\t\t\t\t\t<div class=\"e-con-inner\">\n\t\t\t\t<div class=\"elementor-element elementor-element-25ece8f9 elementor-widget elementor-widget-image\" data-id=\"25ece8f9\" data-element_type=\"widget\" data-e-type=\"widget\" data-widget_type=\"image.default\">\n\t\t\t\t\t\t\t\t\t\t\t\t\t\t\t<img decoding=\"async\" width=\"300\" height=\"240\" src=\"https:\/\/geryflag.com\/wp-content\/uploads\/2026\/01\/impact-40x50-300px.jpg\" class=\"attachment-medium size-medium wp-image-2655\" alt=\"\" srcset=\"https:\/\/geryflag.com\/wp-content\/uploads\/2026\/01\/impact-40x50-300px.jpg 300w, https:\/\/geryflag.com\/wp-content\/uploads\/2026\/01\/impact-40x50-300px-230x184.jpg 230w\" sizes=\"(max-width: 300px) 100vw, 300px\" \/>\t\t\t\t\t\t\t\t\t\t\t\t\t\t\t<\/div>\n\t\t\t\t<div class=\"elementor-element elementor-element-364374c0 elementor-widget elementor-widget-text-editor\" data-id=\"364374c0\" data-element_type=\"widget\" data-e-type=\"widget\" data-widget_type=\"text-editor.default\">\n\t\t\t\t\t\t\t\t\t<p>Peinture acrylique sur toile en coton r\u00e9alis\u00e9e \u00e0 la main, mont\u00e9e sur ch\u00e2ssis bois Studio 2 Gerstaecker<\/p><p>Vernis Liquitex professionnel : Brillant<\/p><p>Dimensions : 40 x 50 cm (sans cadre).<\/p><p>Ann\u00e9e de cr\u00e9ation : 2022\u00a0\u00a0\u00a0\u00a0\u00a0\u00a0\u00a0<\/p><p>Signature en bas \u00e0 droite et au dos<\/p><p>Pi\u00e8ce unique \u2013 R\u00e9f : IM202201<\/p>\t\t\t\t\t\t\t\t<\/div>\n\t\t\t\t\t<\/div>\n\t\t\t\t<\/div>\n\t\t\t\t<\/div>\n\t\t<div class=\"elementor-element elementor-element-7b878850 e-flex e-con-boxed e-con e-parent\" data-id=\"7b878850\" data-element_type=\"container\" data-e-type=\"container\">\n\t\t\t\t\t<div class=\"e-con-inner\">\n\t\t<div class=\"elementor-element elementor-element-28443ddc e-con-full e-flex e-con e-child\" data-id=\"28443ddc\" data-element_type=\"container\" data-e-type=\"container\">\n\t\t\t\t<div class=\"elementor-element elementor-element-2d752dc7 elementor-widget elementor-widget-spacer\" data-id=\"2d752dc7\" data-element_type=\"widget\" data-e-type=\"widget\" data-widget_type=\"spacer.default\">\n\t\t\t\t\t\t\t<div class=\"elementor-spacer\">\n\t\t\t<div class=\"elementor-spacer-inner\"><\/div>\n\t\t<\/div>\n\t\t\t\t\t\t<\/div>\n\t\t\t\t<div class=\"elementor-element elementor-element-58b80979 elementor-align-center elementor-widget elementor-widget-button\" data-id=\"58b80979\" data-element_type=\"widget\" data-e-type=\"widget\" data-widget_type=\"button.default\">\n\t\t\t\t\t\t\t\t\t\t<a class=\"elementor-button elementor-size-sm\" role=\"button\">\n\t\t\t\t\t\t<span class=\"elementor-button-content-wrapper\">\n\t\t\t\t\t\t<span class=\"elementor-button-icon\">\n\t\t\t\t<svg aria-hidden=\"true\" class=\"e-font-icon-svg e-far-flag\" viewBox=\"0 0 512 512\" xmlns=\"http:\/\/www.w3.org\/2000\/svg\"><path d=\"M336.174 80c-49.132 0-93.305-32-161.913-32-31.301 0-58.303 6.482-80.721 15.168a48.04 48.04 0 0 0 2.142-20.727C93.067 19.575 74.167 1.594 51.201.104 23.242-1.71 0 20.431 0 48c0 17.764 9.657 33.262 24 41.562V496c0 8.837 7.163 16 16 16h16c8.837 0 16-7.163 16-16v-83.443C109.869 395.28 143.259 384 199.826 384c49.132 0 93.305 32 161.913 32 58.479 0 101.972-22.617 128.548-39.981C503.846 367.161 512 352.051 512 335.855V95.937c0-34.459-35.264-57.768-66.904-44.117C409.193 67.309 371.641 80 336.174 80zM464 336c-21.783 15.412-60.824 32-102.261 32-59.945 0-102.002-32-161.913-32-43.361 0-96.379 9.403-127.826 24V128c21.784-15.412 60.824-32 102.261-32 59.945 0 102.002 32 161.913 32 43.271 0 96.32-17.366 127.826-32v240z\"><\/path><\/svg>\t\t\t<\/span>\n\t\t\t\t\t\t\t\t\t<span class=\"elementor-button-text\">Prochainement<\/span>\n\t\t\t\t\t<\/span>\n\t\t\t\t\t<\/a>\n\t\t\t\t\t\t\t\t<\/div>\n\t\t\t\t<\/div>\n\t\t\t\t<div class=\"elementor-element elementor-element-316fc777 elementor-widget elementor-widget-spacer\" data-id=\"316fc777\" data-element_type=\"widget\" data-e-type=\"widget\" data-widget_type=\"spacer.default\">\n\t\t\t\t\t\t\t<div class=\"elementor-spacer\">\n\t\t\t<div class=\"elementor-spacer-inner\"><\/div>\n\t\t<\/div>\n\t\t\t\t\t\t<\/div>\n\t\t\t\t<div class=\"elementor-element elementor-element-4eaeb970 elementor-arrows-position-inside elementor-pagination-position-outside elementor-widget elementor-widget-image-carousel\" data-id=\"4eaeb970\" data-element_type=\"widget\" data-e-type=\"widget\" data-settings=\"{&quot;navigation&quot;:&quot;both&quot;,&quot;autoplay&quot;:&quot;yes&quot;,&quot;pause_on_hover&quot;:&quot;yes&quot;,&quot;pause_on_interaction&quot;:&quot;yes&quot;,&quot;autoplay_speed&quot;:5000,&quot;infinite&quot;:&quot;yes&quot;,&quot;speed&quot;:500}\" data-widget_type=\"image-carousel.default\">\n\t\t\t\t\t\t\t<div class=\"elementor-image-carousel-wrapper swiper\" role=\"region\" aria-roledescription=\"carousel\" aria-label=\"Carrousel d\u2019images\" dir=\"ltr\">\n\t\t\t<div class=\"elementor-image-carousel swiper-wrapper\" aria-live=\"off\">\n\t\t\t\t\t\t\t\t<div class=\"swiper-slide\" role=\"group\" aria-roledescription=\"slide\" aria-label=\"1 sur 3\"><a data-elementor-open-lightbox=\"yes\" data-elementor-lightbox-slideshow=\"4eaeb970\" data-elementor-lightbox-title=\"Cadre flottant XL blanc\" data-elementor-lightbox-description=\"Cadre flottant XL blanc\" data-e-action-hash=\"#elementor-action%3Aaction%3Dlightbox%26settings%3DeyJpZCI6MjY1OSwidXJsIjoiaHR0cHM6XC9cL2dlcnlmbGFnLmNvbVwvd3AtY29udGVudFwvdXBsb2Fkc1wvMjAyNlwvMDFcL2ltcGFjdC1mb25kLVRSLUZCU2JsYW5jLndlYnAiLCJzbGlkZXNob3ciOiI0ZWFlYjk3MCJ9\" href=\"https:\/\/geryflag.com\/wp-content\/uploads\/2026\/01\/impact-fond-TR-FBSblanc.webp\"><figure class=\"swiper-slide-inner\"><img decoding=\"async\" class=\"swiper-slide-image\" src=\"https:\/\/geryflag.com\/wp-content\/uploads\/elementor\/thumbs\/impact-fond-TR-FBSblanc-ri8rdod3i8j8tfp8p2gk4oxvvrp8a5rno3gs6vlys0.webp\" alt=\"Cadre flottant XL blanc\" \/><figcaption class=\"elementor-image-carousel-caption\">Cadre flottant XL blanc<\/figcaption><\/figure><\/a><\/div><div class=\"swiper-slide\" role=\"group\" aria-roledescription=\"slide\" aria-label=\"2 sur 3\"><a data-elementor-open-lightbox=\"yes\" data-elementor-lightbox-slideshow=\"4eaeb970\" data-elementor-lightbox-title=\"Cadre flottant noir\" data-elementor-lightbox-description=\"Cadre flottant noir\" data-e-action-hash=\"#elementor-action%3Aaction%3Dlightbox%26settings%3DeyJpZCI6MjY1OCwidXJsIjoiaHR0cHM6XC9cL2dlcnlmbGFnLmNvbVwvd3AtY29udGVudFwvdXBsb2Fkc1wvMjAyNlwvMDFcL2ltcGFjdC1mb25kLVRSLUNBbm9pci53ZWJwIiwic2xpZGVzaG93IjoiNGVhZWI5NzAifQ%3D%3D\" href=\"https:\/\/geryflag.com\/wp-content\/uploads\/2026\/01\/impact-fond-TR-CAnoir.webp\"><figure class=\"swiper-slide-inner\"><img decoding=\"async\" class=\"swiper-slide-image\" src=\"https:\/\/geryflag.com\/wp-content\/uploads\/elementor\/thumbs\/impact-fond-TR-CAnoir-ri8rdljkxqfdultc5j8of7ni3m34n2ggnpibr1q5ao.webp\" alt=\"Cadre flottant noir\" \/><figcaption class=\"elementor-image-carousel-caption\">Cadre flottant noir<\/figcaption><\/figure><\/a><\/div><div class=\"swiper-slide\" role=\"group\" aria-roledescription=\"slide\" aria-label=\"3 sur 3\"><a data-elementor-open-lightbox=\"yes\" data-elementor-lightbox-slideshow=\"4eaeb970\" data-elementor-lightbox-title=\"Cadre flottant blanc\" data-elementor-lightbox-description=\"Cadre flottant blanc\" data-e-action-hash=\"#elementor-action%3Aaction%3Dlightbox%26settings%3DeyJpZCI6MjY1NywidXJsIjoiaHR0cHM6XC9cL2dlcnlmbGFnLmNvbVwvd3AtY29udGVudFwvdXBsb2Fkc1wvMjAyNlwvMDFcL2ltcGFjdC1mb25kLVRSLUNBYmxhbmMud2VicCIsInNsaWRlc2hvdyI6IjRlYWViOTcwIn0%3D\" href=\"https:\/\/geryflag.com\/wp-content\/uploads\/2026\/01\/impact-fond-TR-CAblanc.webp\"><figure class=\"swiper-slide-inner\"><img decoding=\"async\" class=\"swiper-slide-image\" src=\"https:\/\/geryflag.com\/wp-content\/uploads\/elementor\/thumbs\/impact-fond-TR-CAblanc-ri8rdjnwk2ct7dw2giffa84kwuce7o8zzg7cshsxn4.webp\" alt=\"Cadre flottant blanc\" \/><figcaption class=\"elementor-image-carousel-caption\">Cadre flottant blanc<\/figcaption><\/figure><\/a><\/div>\t\t\t<\/div>\n\t\t\t\t\t\t\t\t\t\t\t\t<div class=\"elementor-swiper-button elementor-swiper-button-prev\" role=\"button\" tabindex=\"0\">\n\t\t\t\t\t\t<svg aria-hidden=\"true\" class=\"e-font-icon-svg e-eicon-chevron-left\" viewBox=\"0 0 1000 1000\" xmlns=\"http:\/\/www.w3.org\/2000\/svg\"><path d=\"M646 125C629 125 613 133 604 142L308 442C296 454 292 471 292 487 292 504 296 521 308 533L604 854C617 867 629 875 646 875 663 875 679 871 692 858 704 846 713 829 713 812 713 796 708 779 692 767L438 487 692 225C700 217 708 204 708 187 708 171 704 154 692 142 675 129 663 125 646 125Z\"><\/path><\/svg>\t\t\t\t\t<\/div>\n\t\t\t\t\t<div class=\"elementor-swiper-button elementor-swiper-button-next\" role=\"button\" tabindex=\"0\">\n\t\t\t\t\t\t<svg aria-hidden=\"true\" class=\"e-font-icon-svg e-eicon-chevron-right\" viewBox=\"0 0 1000 1000\" xmlns=\"http:\/\/www.w3.org\/2000\/svg\"><path d=\"M696 533C708 521 713 504 713 487 713 471 708 454 696 446L400 146C388 133 375 125 354 125 338 125 325 129 313 142 300 154 292 171 292 187 292 204 296 221 308 233L563 492 304 771C292 783 288 800 288 817 288 833 296 850 308 863 321 871 338 875 354 875 371 875 388 867 400 854L696 533Z\"><\/path><\/svg>\t\t\t\t\t<\/div>\n\t\t\t\t\n\t\t\t\t\t\t\t\t\t<div class=\"swiper-pagination\"><\/div>\n\t\t\t\t\t\t\t\t\t<\/div>\n\t\t\t\t\t\t<\/div>\n\t\t\t\t\t<\/div>\n\t\t\t\t<\/div>\n\t\t\t\t<\/div>\n\t\t","protected":false},"excerpt":{"rendered":"<p>&lt; Retour \u00e0 la liste Impact IMPACT explore la puissance du geste et la beaut\u00e9 des collisions chromatiques. Sur un fond bleu [&hellip;]<\/p>\n","protected":false},"author":1,"featured_media":0,"parent":0,"menu_order":0,"comment_status":"closed","ping_status":"closed","template":"elementor_header_footer","meta":{"footnotes":""},"folder":[11],"class_list":["post-2653","page","type-page","status-publish","hentry"],"_links":{"self":[{"href":"https:\/\/geryflag.com\/index.php\/wp-json\/wp\/v2\/pages\/2653","targetHints":{"allow":["GET"]}}],"collection":[{"href":"https:\/\/geryflag.com\/index.php\/wp-json\/wp\/v2\/pages"}],"about":[{"href":"https:\/\/geryflag.com\/index.php\/wp-json\/wp\/v2\/types\/page"}],"author":[{"embeddable":true,"href":"https:\/\/geryflag.com\/index.php\/wp-json\/wp\/v2\/users\/1"}],"replies":[{"embeddable":true,"href":"https:\/\/geryflag.com\/index.php\/wp-json\/wp\/v2\/comments?post=2653"}],"version-history":[{"count":19,"href":"https:\/\/geryflag.com\/index.php\/wp-json\/wp\/v2\/pages\/2653\/revisions"}],"predecessor-version":[{"id":2893,"href":"https:\/\/geryflag.com\/index.php\/wp-json\/wp\/v2\/pages\/2653\/revisions\/2893"}],"wp:attachment":[{"href":"https:\/\/geryflag.com\/index.php\/wp-json\/wp\/v2\/media?parent=2653"}],"wp:term":[{"taxonomy":"folder","embeddable":true,"href":"https:\/\/geryflag.com\/index.php\/wp-json\/wp\/v2\/folder?post=2653"}],"curies":[{"name":"wp","href":"https:\/\/api.w.org\/{rel}","templated":true}]}}