{"id":2512,"date":"2026-01-23T16:36:06","date_gmt":"2026-01-23T15:36:06","guid":{"rendered":"https:\/\/geryflag.com\/?page_id=2512"},"modified":"2026-01-23T17:03:54","modified_gmt":"2026-01-23T16:03:54","slug":"archives-de-latelier","status":"publish","type":"page","link":"https:\/\/geryflag.com\/index.php\/archives-de-latelier\/","title":{"rendered":"Archives de l\u2019Atelier"},"content":{"rendered":"\t\t<div data-elementor-type=\"wp-page\" data-elementor-id=\"2512\" class=\"elementor elementor-2512\">\n\t\t\t\t<div class=\"elementor-element elementor-element-3a593d67 e-con-full e-flex e-con e-parent\" data-id=\"3a593d67\" data-element_type=\"container\" data-e-type=\"container\" data-settings=\"{&quot;background_background&quot;:&quot;classic&quot;}\">\n\t\t\t\t<div class=\"elementor-element elementor-element-5248f85c elementor-widget elementor-widget-spacer\" data-id=\"5248f85c\" data-element_type=\"widget\" data-e-type=\"widget\" data-widget_type=\"spacer.default\">\n\t\t\t\t\t\t\t<div class=\"elementor-spacer\">\n\t\t\t<div class=\"elementor-spacer-inner\"><\/div>\n\t\t<\/div>\n\t\t\t\t\t\t<\/div>\n\t\t\t\t<div class=\"elementor-element elementor-element-315f9bd4 elementor-widget elementor-widget-text-editor\" data-id=\"315f9bd4\" data-element_type=\"widget\" data-e-type=\"widget\" data-widget_type=\"text-editor.default\">\n\t\t\t\t\t\t\t\t\t<p>&lt; <a href=\"https:\/\/geryflag.com\/\">Accueil<\/a><\/p>\t\t\t\t\t\t\t\t<\/div>\n\t\t\t\t<div class=\"elementor-element elementor-element-635827ef elementor-widget elementor-widget-heading\" data-id=\"635827ef\" data-element_type=\"widget\" data-e-type=\"widget\" data-widget_type=\"heading.default\">\n\t\t\t\t\t<h2 class=\"elementor-heading-title elementor-size-default\">Archives de l\u2019Atelier<\/h2>\t\t\t\t<\/div>\n\t\t\t\t<div class=\"elementor-element elementor-element-2d4f87c2 elementor-widget__width-initial elementor-widget-divider--view-line elementor-widget elementor-widget-divider\" data-id=\"2d4f87c2\" data-element_type=\"widget\" data-e-type=\"widget\" data-widget_type=\"divider.default\">\n\t\t\t\t\t\t\t<div class=\"elementor-divider\">\n\t\t\t<span class=\"elementor-divider-separator\">\n\t\t\t\t\t\t<\/span>\n\t\t<\/div>\n\t\t\t\t\t\t<\/div>\n\t\t\t\t<div class=\"elementor-element elementor-element-715b8b06 elementor-widget elementor-widget-text-editor\" data-id=\"715b8b06\" data-element_type=\"widget\" data-e-type=\"widget\" data-widget_type=\"text-editor.default\">\n\t\t\t\t\t\t\t\t\t<p>Cette collection rassemble des \u00e9tudes r\u00e9alis\u00e9es au fil de mon parcours artistique. Elles t\u00e9moignent de mes recherches sur la couleur, la gestuelle et la composition. Chaque pi\u00e8ce est unique, spontan\u00e9e, et constitue une \u00e9tape essentielle dans la construction de mon univers<\/p>\t\t\t\t\t\t\t\t<\/div>\n\t\t\t\t<div class=\"elementor-element elementor-element-0212007 elementor-widget elementor-widget-text-editor\" data-id=\"0212007\" data-element_type=\"widget\" data-e-type=\"widget\" data-widget_type=\"text-editor.default\">\n\t\t\t\t\t\t\t\t\t<p>\u00a0Ces pi\u00e8ces, habituellement conserv\u00e9es en atelier, sont exceptionnellement propos\u00e9es \u00e0 la vente \u00e0 un tarif d\u2019atelier. <br \/>Elles offrent un regard intime sur mon processus cr\u00e9atif.<\/p>\t\t\t\t\t\t\t\t<\/div>\n\t\t\t\t<\/div>\n\t\t<div class=\"elementor-element elementor-element-88cc268 e-con-full e-flex e-con e-parent\" data-id=\"88cc268\" data-element_type=\"container\" data-e-type=\"container\" data-settings=\"{&quot;background_background&quot;:&quot;classic&quot;}\">\n\t\t\t\t<div class=\"elementor-element elementor-element-6546ceab elementor-widget__width-inherit elementor-position-top elementor-widget elementor-widget-image-box\" data-id=\"6546ceab\" data-element_type=\"widget\" data-e-type=\"widget\" data-widget_type=\"image-box.default\">\n\t\t\t\t\t<div class=\"elementor-image-box-wrapper\"><figure class=\"elementor-image-box-img\"><a href=\"https:\/\/geryflag.com\/index.php\/crisys\/\" tabindex=\"-1\"><img fetchpriority=\"high\" decoding=\"async\" width=\"300\" height=\"300\" src=\"https:\/\/geryflag.com\/wp-content\/uploads\/2025\/12\/Crysis-40x40-300px_ok_ok.jpg\" class=\"attachment-thumbnail size-thumbnail wp-image-1618\" alt=\"\" srcset=\"https:\/\/geryflag.com\/wp-content\/uploads\/2025\/12\/Crysis-40x40-300px_ok_ok.jpg 300w, https:\/\/geryflag.com\/wp-content\/uploads\/2025\/12\/Crysis-40x40-300px_ok_ok-230x230.jpg 230w\" sizes=\"(max-width: 300px) 100vw, 300px\" \/><\/a><\/figure><div class=\"elementor-image-box-content\"><h3 class=\"elementor-image-box-title\"><a href=\"https:\/\/geryflag.com\/index.php\/crisys\/\">Crisys<\/a><\/h3><p class=\"elementor-image-box-description\">\nUne diagonale de lumi\u00e8re, pure et vive.<br>Essais de gestuel en diagonal  (2014)<\/p><\/div><\/div>\t\t\t\t<\/div>\n\t\t\t\t<div class=\"elementor-element elementor-element-67c9852f elementor-widget__width-inherit elementor-position-top elementor-widget elementor-widget-image-box\" data-id=\"67c9852f\" data-element_type=\"widget\" data-e-type=\"widget\" data-widget_type=\"image-box.default\">\n\t\t\t\t\t<div class=\"elementor-image-box-wrapper\"><figure class=\"elementor-image-box-img\"><a href=\"https:\/\/geryflag.com\/index.php\/elementor-page-620\/\" tabindex=\"-1\"><img decoding=\"async\" width=\"300\" height=\"300\" src=\"https:\/\/geryflag.com\/wp-content\/uploads\/2025\/12\/Nexus-secret-40x40-300px_ok_ok.webp\" class=\"attachment-full size-full wp-image-1644\" alt=\"\" srcset=\"https:\/\/geryflag.com\/wp-content\/uploads\/2025\/12\/Nexus-secret-40x40-300px_ok_ok.webp 300w, https:\/\/geryflag.com\/wp-content\/uploads\/2025\/12\/Nexus-secret-40x40-300px_ok_ok-230x230.webp 230w\" sizes=\"(max-width: 300px) 100vw, 300px\" \/><\/a><\/figure><div class=\"elementor-image-box-content\"><h3 class=\"elementor-image-box-title\"><a href=\"https:\/\/geryflag.com\/index.php\/elementor-page-620\/\">Nexus secret<\/a><\/h3><p class=\"elementor-image-box-description\">\nL\u2019\u00e9cho d\u2019un univers connect\u00e9, vibrant au c\u0153ur des teintes. <br>essais de structure en diagonale (2014)<\/p><\/div><\/div>\t\t\t\t<\/div>\n\t\t\t\t<div class=\"elementor-element elementor-element-4f727872 elementor-widget__width-inherit elementor-position-top elementor-widget elementor-widget-image-box\" data-id=\"4f727872\" data-element_type=\"widget\" data-e-type=\"widget\" data-widget_type=\"image-box.default\">\n\t\t\t\t\t<div class=\"elementor-image-box-wrapper\"><figure class=\"elementor-image-box-img\"><a href=\"https:\/\/geryflag.com\/index.php\/mystere-en-expansion\/\" tabindex=\"-1\"><img decoding=\"async\" width=\"300\" height=\"299\" src=\"https:\/\/geryflag.com\/wp-content\/uploads\/2025\/12\/mystere-en-expension-40x40-300px_ok.webp\" class=\"attachment-full size-full wp-image-1631\" alt=\"\" srcset=\"https:\/\/geryflag.com\/wp-content\/uploads\/2025\/12\/mystere-en-expension-40x40-300px_ok.webp 300w, https:\/\/geryflag.com\/wp-content\/uploads\/2025\/12\/mystere-en-expension-40x40-300px_ok-230x229.webp 230w\" sizes=\"(max-width: 300px) 100vw, 300px\" \/><\/a><\/figure><div class=\"elementor-image-box-content\"><h3 class=\"elementor-image-box-title\"><a href=\"https:\/\/geryflag.com\/index.php\/mystere-en-expansion\/\">Myst\u00e8re en expansion<\/a><\/h3><p class=\"elementor-image-box-description\">\nLa toile s\u2019ouvre comme un voile, laissant deviner l\u2019inconnu derri\u00e8re ses flammes <br>Essais de structure en croix (2019)<\/p><\/div><\/div>\t\t\t\t<\/div>\n\t\t\t\t<\/div>\n\t\t<div class=\"elementor-element elementor-element-67670ce8 e-con-full e-flex e-con e-parent\" data-id=\"67670ce8\" data-element_type=\"container\" data-e-type=\"container\">\n\t\t<div class=\"elementor-element elementor-element-5a535acb e-flex e-con-boxed e-con e-child\" data-id=\"5a535acb\" data-element_type=\"container\" data-e-type=\"container\" data-settings=\"{&quot;background_background&quot;:&quot;classic&quot;}\">\n\t\t\t\t\t<div class=\"e-con-inner\">\n\t\t\t\t\t<\/div>\n\t\t\t\t<\/div>\n\t\t\t\t<\/div>\n\t\t<div class=\"elementor-element elementor-element-4886ccc3 e-flex e-con-boxed e-con e-parent\" data-id=\"4886ccc3\" data-element_type=\"container\" data-e-type=\"container\">\n\t\t\t\t\t<div class=\"e-con-inner\">\n\t\t\t\t\t<\/div>\n\t\t\t\t<\/div>\n\t\t\t\t<\/div>\n\t\t","protected":false},"excerpt":{"rendered":"<p>&lt; Accueil Archives de l\u2019Atelier Cette collection rassemble des \u00e9tudes r\u00e9alis\u00e9es au fil de mon parcours artistique. Elles t\u00e9moignent de mes recherches [&hellip;]<\/p>\n","protected":false},"author":1,"featured_media":0,"parent":0,"menu_order":0,"comment_status":"closed","ping_status":"closed","template":"elementor_header_footer","meta":{"footnotes":""},"folder":[],"class_list":["post-2512","page","type-page","status-publish","hentry"],"_links":{"self":[{"href":"https:\/\/geryflag.com\/index.php\/wp-json\/wp\/v2\/pages\/2512","targetHints":{"allow":["GET"]}}],"collection":[{"href":"https:\/\/geryflag.com\/index.php\/wp-json\/wp\/v2\/pages"}],"about":[{"href":"https:\/\/geryflag.com\/index.php\/wp-json\/wp\/v2\/types\/page"}],"author":[{"embeddable":true,"href":"https:\/\/geryflag.com\/index.php\/wp-json\/wp\/v2\/users\/1"}],"replies":[{"embeddable":true,"href":"https:\/\/geryflag.com\/index.php\/wp-json\/wp\/v2\/comments?post=2512"}],"version-history":[{"count":36,"href":"https:\/\/geryflag.com\/index.php\/wp-json\/wp\/v2\/pages\/2512\/revisions"}],"predecessor-version":[{"id":2552,"href":"https:\/\/geryflag.com\/index.php\/wp-json\/wp\/v2\/pages\/2512\/revisions\/2552"}],"wp:attachment":[{"href":"https:\/\/geryflag.com\/index.php\/wp-json\/wp\/v2\/media?parent=2512"}],"wp:term":[{"taxonomy":"folder","embeddable":true,"href":"https:\/\/geryflag.com\/index.php\/wp-json\/wp\/v2\/folder?post=2512"}],"curies":[{"name":"wp","href":"https:\/\/api.w.org\/{rel}","templated":true}]}}