{"id":1314,"date":"2025-12-16T19:11:18","date_gmt":"2025-12-16T18:11:18","guid":{"rendered":"https:\/\/geryflag.com\/?page_id=1314"},"modified":"2026-03-09T23:07:47","modified_gmt":"2026-03-09T22:07:47","slug":"au-dela-du-silence","status":"publish","type":"page","link":"https:\/\/geryflag.com\/index.php\/au-dela-du-silence\/","title":{"rendered":"Au-del\u00e0 du silence"},"content":{"rendered":"\t\t<div data-elementor-type=\"wp-page\" data-elementor-id=\"1314\" class=\"elementor elementor-1314\">\n\t\t\t\t<div class=\"elementor-element elementor-element-27a00fd7 e-con-full e-flex e-con e-parent\" data-id=\"27a00fd7\" data-element_type=\"container\" data-e-type=\"container\" data-settings=\"{&quot;background_background&quot;:&quot;classic&quot;}\">\n\t\t<div class=\"elementor-element elementor-element-7c4a9e55 e-flex e-con-boxed e-con e-child\" data-id=\"7c4a9e55\" data-element_type=\"container\" data-e-type=\"container\">\n\t\t\t\t\t<div class=\"e-con-inner\">\n\t\t<div class=\"elementor-element elementor-element-600c74f1 e-con-full e-flex e-con e-child\" data-id=\"600c74f1\" data-element_type=\"container\" data-e-type=\"container\">\n\t\t\t\t<div class=\"elementor-element elementor-element-34aae58a elementor-widget elementor-widget-text-editor\" data-id=\"34aae58a\" data-element_type=\"widget\" data-e-type=\"widget\" data-widget_type=\"text-editor.default\">\n\t\t\t\t\t\t\t\t\t<p>&lt; <a href=\"https:\/\/geryflag.com\/index.php\/fluxoria\/\">Retour \u00e0 la liste<\/a><\/p>\t\t\t\t\t\t\t\t<\/div>\n\t\t\t\t<div class=\"elementor-element elementor-element-205c1297 animated-slow elementor-invisible elementor-widget elementor-widget-image\" data-id=\"205c1297\" data-element_type=\"widget\" data-e-type=\"widget\" data-settings=\"{&quot;_animation&quot;:&quot;bounceInLeft&quot;}\" data-widget_type=\"image.default\">\n\t\t\t\t\t\t\t\t\t\t\t\t\t\t\t\t<a href=\"https:\/\/geryflag.com\/wp-content\/uploads\/2025\/12\/Au-dela_du_silence-1920_ok.webp\" data-elementor-open-lightbox=\"yes\" data-elementor-lightbox-description=\"Au-del\u00e0 du silence\" data-e-action-hash=\"#elementor-action%3Aaction%3Dlightbox%26settings%3DeyJpZCI6MTU4NywidXJsIjoiaHR0cHM6XC9cL2dlcnlmbGFnLmNvbVwvd3AtY29udGVudFwvdXBsb2Fkc1wvMjAyNVwvMTJcL0F1LWRlbGFfZHVfc2lsZW5jZS0xOTIwX29rLndlYnAifQ%3D%3D\">\n\t\t\t\t\t\t\t<img fetchpriority=\"high\" decoding=\"async\" width=\"768\" height=\"768\" src=\"https:\/\/geryflag.com\/wp-content\/uploads\/2025\/12\/Au-dela_du_silence-1920_ok-768x768.webp\" class=\"attachment-medium_large size-medium_large wp-image-1587\" alt=\"\" srcset=\"https:\/\/geryflag.com\/wp-content\/uploads\/2025\/12\/Au-dela_du_silence-1920_ok-768x768.webp 768w, https:\/\/geryflag.com\/wp-content\/uploads\/2025\/12\/Au-dela_du_silence-1920_ok-400x400.webp 400w, https:\/\/geryflag.com\/wp-content\/uploads\/2025\/12\/Au-dela_du_silence-1920_ok-1280x1280.webp 1280w, https:\/\/geryflag.com\/wp-content\/uploads\/2025\/12\/Au-dela_du_silence-1920_ok-300x300.webp 300w, https:\/\/geryflag.com\/wp-content\/uploads\/2025\/12\/Au-dela_du_silence-1920_ok-1536x1536.webp 1536w, https:\/\/geryflag.com\/wp-content\/uploads\/2025\/12\/Au-dela_du_silence-1920_ok-1000x1000.webp 1000w, https:\/\/geryflag.com\/wp-content\/uploads\/2025\/12\/Au-dela_du_silence-1920_ok-230x230.webp 230w, https:\/\/geryflag.com\/wp-content\/uploads\/2025\/12\/Au-dela_du_silence-1920_ok-350x350.webp 350w, https:\/\/geryflag.com\/wp-content\/uploads\/2025\/12\/Au-dela_du_silence-1920_ok-480x480.webp 480w, https:\/\/geryflag.com\/wp-content\/uploads\/2025\/12\/Au-dela_du_silence-1920_ok.webp 1920w\" sizes=\"(max-width: 768px) 100vw, 768px\" \/>\t\t\t\t\t\t\t\t<\/a>\n\t\t\t\t\t\t\t\t\t\t\t\t\t\t\t<\/div>\n\t\t\t\t<div class=\"elementor-element elementor-element-e49b41e elementor-widget elementor-widget-text-editor\" data-id=\"e49b41e\" data-element_type=\"widget\" data-e-type=\"widget\" data-widget_type=\"text-editor.default\">\n\t\t\t\t\t\t\t\t\t<h1>Au-del\u00e0 du silence<\/h1><p><!-- \/wp:paragraph --><\/p>\t\t\t\t\t\t\t\t<\/div>\n\t\t\t\t<div class=\"elementor-element elementor-element-615110f1 elementor-widget__width-initial elementor-widget-divider--view-line elementor-widget elementor-widget-divider\" data-id=\"615110f1\" data-element_type=\"widget\" data-e-type=\"widget\" data-widget_type=\"divider.default\">\n\t\t\t\t\t\t\t<div class=\"elementor-divider\">\n\t\t\t<span class=\"elementor-divider-separator\">\n\t\t\t\t\t\t<\/span>\n\t\t<\/div>\n\t\t\t\t\t\t<\/div>\n\t\t\t\t<\/div>\n\t\t\t\t<div class=\"elementor-element elementor-element-1360d207 elementor-widget elementor-widget-text-editor\" data-id=\"1360d207\" data-element_type=\"widget\" data-e-type=\"widget\" data-widget_type=\"text-editor.default\">\n\t\t\t\t\t\t\t\t\t<p>Sur un fond blanc minimaliste, un \u00e9clat d\u2019orange s\u2019impose avec force, symbole d\u2019\u00e9nergie et de mouvement. Les touches bleu-vert viennent \u00e9quilibrer la composition par leur fra\u00eecheur, tandis que le noir apporte une touche de contraste. Cette \u0153uvre joue sur la tension entre spontan\u00e9it\u00e9 et \u00e9quilibre, invitant le regard \u00e0 explorer la rencontre des couleurs et des formes.<\/p>\t\t\t\t\t\t\t\t<\/div>\n\t\t\t\t<div class=\"elementor-element elementor-element-3495756b elementor-widget__width-initial elementor-widget-divider--view-line elementor-widget elementor-widget-divider\" data-id=\"3495756b\" data-element_type=\"widget\" data-e-type=\"widget\" data-widget_type=\"divider.default\">\n\t\t\t\t\t\t\t<div class=\"elementor-divider\">\n\t\t\t<span class=\"elementor-divider-separator\">\n\t\t\t\t\t\t<\/span>\n\t\t<\/div>\n\t\t\t\t\t\t<\/div>\n\t\t\t\t\t<\/div>\n\t\t\t\t<\/div>\n\t\t\t\t<div class=\"elementor-element elementor-element-122befd4 elementor-widget elementor-widget-text-editor\" data-id=\"122befd4\" data-element_type=\"widget\" data-e-type=\"widget\" data-widget_type=\"text-editor.default\">\n\t\t\t\t\t\t\t\t\t<h5>D\u00e9couvrez ses d\u00e9tails techniques<\/h5>\t\t\t\t\t\t\t\t<\/div>\n\t\t<div class=\"elementor-element elementor-element-dad3657 e-grid e-con-boxed e-con e-child\" data-id=\"dad3657\" data-element_type=\"container\" data-e-type=\"container\">\n\t\t\t\t\t<div class=\"e-con-inner\">\n\t\t\t\t<div class=\"elementor-element elementor-element-10471a48 elementor-widget elementor-widget-image\" data-id=\"10471a48\" data-element_type=\"widget\" data-e-type=\"widget\" data-widget_type=\"image.default\">\n\t\t\t\t\t\t\t\t\t\t\t\t\t\t\t<img decoding=\"async\" width=\"300\" height=\"300\" src=\"https:\/\/geryflag.com\/wp-content\/uploads\/2025\/12\/Au-dela_du_silence-300px_ok.webp\" class=\"attachment-medium size-medium wp-image-1586\" alt=\"\" srcset=\"https:\/\/geryflag.com\/wp-content\/uploads\/2025\/12\/Au-dela_du_silence-300px_ok.webp 300w, https:\/\/geryflag.com\/wp-content\/uploads\/2025\/12\/Au-dela_du_silence-300px_ok-230x230.webp 230w\" sizes=\"(max-width: 300px) 100vw, 300px\" \/>\t\t\t\t\t\t\t\t\t\t\t\t\t\t\t<\/div>\n\t\t\t\t<div class=\"elementor-element elementor-element-3ce8b09a elementor-widget elementor-widget-text-editor\" data-id=\"3ce8b09a\" data-element_type=\"widget\" data-e-type=\"widget\" data-widget_type=\"text-editor.default\">\n\t\t\t\t\t\t\t\t\t<p>Peinture acrylique sur toile en coton r\u00e9alis\u00e9e \u00e0 la main, mont\u00e9e sur ch\u00e2ssis bois Studio 2 Gerstaecker<\/p><p>Vernis Liquitex professionnel : Brillant<\/p><p>Dimensions : 40 x 40 cm (sans cadre).<\/p><p>Ann\u00e9e de cr\u00e9ation : 2025\u00a0\u00a0\u00a0\u00a0\u00a0\u00a0\u00a0<\/p><p>S\u00e9rie : Portes de l\u2019invisible<\/p><p>Signature en bas \u00e0 droite et au dos<\/p><p>Pi\u00e8ce unique \u2013 R\u00e9f : AU4001<\/p>\t\t\t\t\t\t\t\t<\/div>\n\t\t\t\t\t<\/div>\n\t\t\t\t<\/div>\n\t\t\t\t<\/div>\n\t\t<div class=\"elementor-element elementor-element-4b913733 e-flex e-con-boxed e-con e-parent\" data-id=\"4b913733\" data-element_type=\"container\" data-e-type=\"container\">\n\t\t\t\t\t<div class=\"e-con-inner\">\n\t\t<div class=\"elementor-element elementor-element-16674a2c e-con-full e-flex e-con e-child\" data-id=\"16674a2c\" data-element_type=\"container\" data-e-type=\"container\">\n\t\t\t\t<div class=\"elementor-element elementor-element-67839928 elementor-widget elementor-widget-spacer\" data-id=\"67839928\" data-element_type=\"widget\" data-e-type=\"widget\" data-widget_type=\"spacer.default\">\n\t\t\t\t\t\t\t<div class=\"elementor-spacer\">\n\t\t\t<div class=\"elementor-spacer-inner\"><\/div>\n\t\t<\/div>\n\t\t\t\t\t\t<\/div>\n\t\t\t\t<div class=\"elementor-element elementor-element-7786e7d5 elementor-align-center elementor-widget elementor-widget-button\" data-id=\"7786e7d5\" data-element_type=\"widget\" data-e-type=\"widget\" data-widget_type=\"button.default\">\n\t\t\t\t\t\t\t\t\t\t<a class=\"elementor-button elementor-button-link elementor-size-sm\" href=\"https:\/\/www.amazon.fr\/dp\/B0GFB3J8MM\">\n\t\t\t\t\t\t<span class=\"elementor-button-content-wrapper\">\n\t\t\t\t\t\t<span class=\"elementor-button-icon\">\n\t\t\t\t<svg aria-hidden=\"true\" class=\"e-font-icon-svg e-far-flag\" viewBox=\"0 0 512 512\" xmlns=\"http:\/\/www.w3.org\/2000\/svg\"><path d=\"M336.174 80c-49.132 0-93.305-32-161.913-32-31.301 0-58.303 6.482-80.721 15.168a48.04 48.04 0 0 0 2.142-20.727C93.067 19.575 74.167 1.594 51.201.104 23.242-1.71 0 20.431 0 48c0 17.764 9.657 33.262 24 41.562V496c0 8.837 7.163 16 16 16h16c8.837 0 16-7.163 16-16v-83.443C109.869 395.28 143.259 384 199.826 384c49.132 0 93.305 32 161.913 32 58.479 0 101.972-22.617 128.548-39.981C503.846 367.161 512 352.051 512 335.855V95.937c0-34.459-35.264-57.768-66.904-44.117C409.193 67.309 371.641 80 336.174 80zM464 336c-21.783 15.412-60.824 32-102.261 32-59.945 0-102.002-32-161.913-32-43.361 0-96.379 9.403-127.826 24V128c21.784-15.412 60.824-32 102.261-32 59.945 0 102.002 32 161.913 32 43.271 0 96.32-17.366 127.826-32v240z\"><\/path><\/svg>\t\t\t<\/span>\n\t\t\t\t\t\t\t\t\t<span class=\"elementor-button-text\">Aquerir cette oeuvre<\/span>\n\t\t\t\t\t<\/span>\n\t\t\t\t\t<\/a>\n\t\t\t\t\t\t\t\t<\/div>\n\t\t\t\t<\/div>\n\t\t\t\t<div class=\"elementor-element elementor-element-251c2346 elementor-widget elementor-widget-spacer\" data-id=\"251c2346\" data-element_type=\"widget\" data-e-type=\"widget\" data-widget_type=\"spacer.default\">\n\t\t\t\t\t\t\t<div class=\"elementor-spacer\">\n\t\t\t<div class=\"elementor-spacer-inner\"><\/div>\n\t\t<\/div>\n\t\t\t\t\t\t<\/div>\n\t\t\t\t<div class=\"elementor-element elementor-element-3949d3ac elementor-arrows-position-inside elementor-pagination-position-outside elementor-widget elementor-widget-image-carousel\" data-id=\"3949d3ac\" data-element_type=\"widget\" data-e-type=\"widget\" data-settings=\"{&quot;navigation&quot;:&quot;both&quot;,&quot;autoplay&quot;:&quot;yes&quot;,&quot;pause_on_hover&quot;:&quot;yes&quot;,&quot;pause_on_interaction&quot;:&quot;yes&quot;,&quot;autoplay_speed&quot;:5000,&quot;infinite&quot;:&quot;yes&quot;,&quot;speed&quot;:500}\" data-widget_type=\"image-carousel.default\">\n\t\t\t\t\t\t\t<div class=\"elementor-image-carousel-wrapper swiper\" role=\"region\" aria-roledescription=\"carousel\" aria-label=\"Carrousel d\u2019images\" dir=\"ltr\">\n\t\t\t<div class=\"elementor-image-carousel swiper-wrapper\" aria-live=\"off\">\n\t\t\t\t\t\t\t\t<div class=\"swiper-slide\" role=\"group\" aria-roledescription=\"slide\" aria-label=\"1 sur 5\"><a data-elementor-open-lightbox=\"yes\" data-elementor-lightbox-slideshow=\"3949d3ac\" data-elementor-lightbox-title=\"Sans cadre\" data-elementor-lightbox-description=\"Au-del\u00e0 du silence\" data-e-action-hash=\"#elementor-action%3Aaction%3Dlightbox%26settings%3DeyJpZCI6MTU4OCwidXJsIjoiaHR0cHM6XC9cL2dlcnlmbGFnLmNvbVwvd3AtY29udGVudFwvdXBsb2Fkc1wvMjAyNVwvMTJcL0F1LWRlbGFfZHVfc2lsZW5jZS1mb25kX1RSX29rLndlYnAiLCJzbGlkZXNob3ciOiIzOTQ5ZDNhYyJ9\" href=\"https:\/\/geryflag.com\/wp-content\/uploads\/2025\/12\/Au-dela_du_silence-fond_TR_ok.webp\"><figure class=\"swiper-slide-inner\"><img decoding=\"async\" class=\"swiper-slide-image\" src=\"https:\/\/geryflag.com\/wp-content\/uploads\/elementor\/thumbs\/Au-dela_du_silence-fond_TR_ok-rgh7xjpd8yrlbdjlw7tckgxcyk9ng7s87jlasa0yq8.webp\" alt=\"Sans cadre\" \/><figcaption class=\"elementor-image-carousel-caption\">Sans cadre<\/figcaption><\/figure><\/a><\/div><div class=\"swiper-slide\" role=\"group\" aria-roledescription=\"slide\" aria-label=\"2 sur 5\"><a data-elementor-open-lightbox=\"yes\" data-elementor-lightbox-slideshow=\"3949d3ac\" data-elementor-lightbox-title=\"cadre flottant blanc\" data-elementor-lightbox-description=\"Au-del\u00e0 du silence\" data-e-action-hash=\"#elementor-action%3Aaction%3Dlightbox%26settings%3DeyJpZCI6MTU4OSwidXJsIjoiaHR0cHM6XC9cL2dlcnlmbGFnLmNvbVwvd3AtY29udGVudFwvdXBsb2Fkc1wvMjAyNVwvMTJcL0F1LWRlbGFfZHVfc2lsZW5jZS1mb25kX1RSLUNBYmxhbmNoZV9vay53ZWJwIiwic2xpZGVzaG93IjoiMzk0OWQzYWMifQ%3D%3D\" href=\"https:\/\/geryflag.com\/wp-content\/uploads\/2025\/12\/Au-dela_du_silence-fond_TR-CAblanche_ok.webp\"><figure class=\"swiper-slide-inner\"><img decoding=\"async\" class=\"swiper-slide-image\" src=\"https:\/\/geryflag.com\/wp-content\/uploads\/elementor\/thumbs\/Au-dela_du_silence-fond_TR-CAblanche_ok-rgh7xll1mmu5ylgvl8mlpgga5c0dvlzovsw9qty6ds.webp\" alt=\"cadre flottant blanc\" \/><figcaption class=\"elementor-image-carousel-caption\">cadre flottant blanc<\/figcaption><\/figure><\/a><\/div><div class=\"swiper-slide\" role=\"group\" aria-roledescription=\"slide\" aria-label=\"3 sur 5\"><a data-elementor-open-lightbox=\"yes\" data-elementor-lightbox-slideshow=\"3949d3ac\" data-elementor-lightbox-title=\"Cadre Fortibox Studio blanc\" data-elementor-lightbox-description=\"Au-del\u00e0 du silence\" data-e-action-hash=\"#elementor-action%3Aaction%3Dlightbox%26settings%3DeyJpZCI6MTU5MSwidXJsIjoiaHR0cHM6XC9cL2dlcnlmbGFnLmNvbVwvd3AtY29udGVudFwvdXBsb2Fkc1wvMjAyNVwvMTJcL0F1LWRlbGFfZHVfc2lsZW5jZS1mb25kX1RSLUZCU2JsYW5jaGVfb2sud2VicCIsInNsaWRlc2hvdyI6IjM5NDlkM2FjIn0%3D\" href=\"https:\/\/geryflag.com\/wp-content\/uploads\/2025\/12\/Au-dela_du_silence-fond_TR-FBSblanche_ok.webp\"><figure class=\"swiper-slide-inner\"><img decoding=\"async\" class=\"swiper-slide-image\" src=\"https:\/\/geryflag.com\/wp-content\/uploads\/elementor\/thumbs\/Au-dela_du_silence-fond_TR-FBSblanche_ok-rgh7xpcedyzb91beza93zfi4ivhuqeem8bi7nxslow.webp\" alt=\"Cadre Fortibox Studio blanc\" \/><figcaption class=\"elementor-image-carousel-caption\">Cadre Fortibox Studio blanc<\/figcaption><\/figure><\/a><\/div><div class=\"swiper-slide\" role=\"group\" aria-roledescription=\"slide\" aria-label=\"4 sur 5\"><a data-elementor-open-lightbox=\"yes\" data-elementor-lightbox-slideshow=\"3949d3ac\" data-elementor-lightbox-title=\"cadre flottant noir\" data-elementor-lightbox-description=\"Au-del\u00e0 du silence\" data-e-action-hash=\"#elementor-action%3Aaction%3Dlightbox%26settings%3DeyJpZCI6MTU5MCwidXJsIjoiaHR0cHM6XC9cL2dlcnlmbGFnLmNvbVwvd3AtY29udGVudFwvdXBsb2Fkc1wvMjAyNVwvMTJcL0F1LWRlbGFfZHVfc2lsZW5jZS1mb25kX1RSLUNBbm9pcmVfb2sud2VicCIsInNsaWRlc2hvdyI6IjM5NDlkM2FjIn0%3D\" href=\"https:\/\/geryflag.com\/wp-content\/uploads\/2025\/12\/Au-dela_du_silence-fond_TR-CAnoire_ok.webp\"><figure class=\"swiper-slide-inner\"><img decoding=\"async\" class=\"swiper-slide-image\" src=\"https:\/\/geryflag.com\/wp-content\/uploads\/elementor\/thumbs\/Au-dela_du_silence-fond_TR-CAnoire_ok-rgh7xngq0awqlte5a9fuufz7c3r4b075k278pdve1c.webp\" alt=\"cadre flottant noir\" \/><figcaption class=\"elementor-image-carousel-caption\">cadre flottant noir<\/figcaption><\/figure><\/a><\/div><div class=\"swiper-slide\" role=\"group\" aria-roledescription=\"slide\" aria-label=\"5 sur 5\"><a data-elementor-open-lightbox=\"yes\" data-elementor-lightbox-slideshow=\"3949d3ac\" data-elementor-lightbox-title=\"Int\u00e9rieur\" data-elementor-lightbox-description=\"Au-del\u00e0 du silence\" data-e-action-hash=\"#elementor-action%3Aaction%3Dlightbox%26settings%3DeyJpZCI6MTU5MiwidXJsIjoiaHR0cHM6XC9cL2dlcnlmbGFnLmNvbVwvd3AtY29udGVudFwvdXBsb2Fkc1wvMjAyNVwvMTJcL0F1LWRlbGFfZHVfc2lsZW5jZS1mb25kX1RSLWludGVyaWV1cl9vay53ZWJwIiwic2xpZGVzaG93IjoiMzk0OWQzYWMifQ%3D%3D\" href=\"https:\/\/geryflag.com\/wp-content\/uploads\/2025\/12\/Au-dela_du_silence-fond_TR-interieur_ok.webp\"><figure class=\"swiper-slide-inner\"><img decoding=\"async\" class=\"swiper-slide-image\" src=\"https:\/\/geryflag.com\/wp-content\/uploads\/elementor\/thumbs\/Au-dela_du_silence-fond_TR-interieur_ok-rgh7xr82rn1vw98oob2d4f11pn8l5sm2wkt6mhptcg.webp\" alt=\"Int\u00e9rieur\" \/><figcaption class=\"elementor-image-carousel-caption\">Int\u00e9rieur<\/figcaption><\/figure><\/a><\/div>\t\t\t<\/div>\n\t\t\t\t\t\t\t\t\t\t\t\t<div class=\"elementor-swiper-button elementor-swiper-button-prev\" role=\"button\" tabindex=\"0\">\n\t\t\t\t\t\t<svg aria-hidden=\"true\" class=\"e-font-icon-svg e-eicon-chevron-left\" viewBox=\"0 0 1000 1000\" xmlns=\"http:\/\/www.w3.org\/2000\/svg\"><path d=\"M646 125C629 125 613 133 604 142L308 442C296 454 292 471 292 487 292 504 296 521 308 533L604 854C617 867 629 875 646 875 663 875 679 871 692 858 704 846 713 829 713 812 713 796 708 779 692 767L438 487 692 225C700 217 708 204 708 187 708 171 704 154 692 142 675 129 663 125 646 125Z\"><\/path><\/svg>\t\t\t\t\t<\/div>\n\t\t\t\t\t<div class=\"elementor-swiper-button elementor-swiper-button-next\" role=\"button\" tabindex=\"0\">\n\t\t\t\t\t\t<svg aria-hidden=\"true\" class=\"e-font-icon-svg e-eicon-chevron-right\" viewBox=\"0 0 1000 1000\" xmlns=\"http:\/\/www.w3.org\/2000\/svg\"><path d=\"M696 533C708 521 713 504 713 487 713 471 708 454 696 446L400 146C388 133 375 125 354 125 338 125 325 129 313 142 300 154 292 171 292 187 292 204 296 221 308 233L563 492 304 771C292 783 288 800 288 817 288 833 296 850 308 863 321 871 338 875 354 875 371 875 388 867 400 854L696 533Z\"><\/path><\/svg>\t\t\t\t\t<\/div>\n\t\t\t\t\n\t\t\t\t\t\t\t\t\t<div class=\"swiper-pagination\"><\/div>\n\t\t\t\t\t\t\t\t\t<\/div>\n\t\t\t\t\t\t<\/div>\n\t\t\t\t\t<\/div>\n\t\t\t\t<\/div>\n\t\t<div class=\"elementor-element elementor-element-801cea1 e-flex e-con-boxed e-con e-parent\" data-id=\"801cea1\" data-element_type=\"container\" data-e-type=\"container\">\n\t\t\t\t\t<div class=\"e-con-inner\">\n\t\t\t\t<div class=\"elementor-element elementor-element-82bb1d4 elementor-widget__width-initial elementor-widget elementor-widget-video\" data-id=\"82bb1d4\" data-element_type=\"widget\" data-e-type=\"widget\" data-settings=\"{&quot;video_type&quot;:&quot;hosted&quot;,&quot;controls&quot;:&quot;yes&quot;}\" data-widget_type=\"video.default\">\n\t\t\t\t\t\t\t<div class=\"e-hosted-video elementor-wrapper elementor-open-inline\">\n\t\t\t\t\t<video class=\"elementor-video\" src=\"https:\/\/geryflag.com\/wp-content\/uploads\/2026\/01\/au-deladu-silence2.mp4\" controls=\"\" preload=\"metadata\" controlsList=\"nodownload\"><\/video>\n\t\t\t\t<\/div>\n\t\t\t\t\t\t<\/div>\n\t\t\t\t\t<\/div>\n\t\t\t\t<\/div>\n\t\t\t\t<\/div>\n\t\t","protected":false},"excerpt":{"rendered":"<p>&lt; Retour \u00e0 la liste Au-del\u00e0 du silence Sur un fond blanc minimaliste, un \u00e9clat d\u2019orange s\u2019impose avec force, symbole d\u2019\u00e9nergie et [&hellip;]<\/p>\n","protected":false},"author":1,"featured_media":0,"parent":0,"menu_order":0,"comment_status":"closed","ping_status":"closed","template":"elementor_header_footer","meta":{"footnotes":""},"folder":[11],"class_list":["post-1314","page","type-page","status-publish","hentry"],"_links":{"self":[{"href":"https:\/\/geryflag.com\/index.php\/wp-json\/wp\/v2\/pages\/1314","targetHints":{"allow":["GET"]}}],"collection":[{"href":"https:\/\/geryflag.com\/index.php\/wp-json\/wp\/v2\/pages"}],"about":[{"href":"https:\/\/geryflag.com\/index.php\/wp-json\/wp\/v2\/types\/page"}],"author":[{"embeddable":true,"href":"https:\/\/geryflag.com\/index.php\/wp-json\/wp\/v2\/users\/1"}],"replies":[{"embeddable":true,"href":"https:\/\/geryflag.com\/index.php\/wp-json\/wp\/v2\/comments?post=1314"}],"version-history":[{"count":37,"href":"https:\/\/geryflag.com\/index.php\/wp-json\/wp\/v2\/pages\/1314\/revisions"}],"predecessor-version":[{"id":2881,"href":"https:\/\/geryflag.com\/index.php\/wp-json\/wp\/v2\/pages\/1314\/revisions\/2881"}],"wp:attachment":[{"href":"https:\/\/geryflag.com\/index.php\/wp-json\/wp\/v2\/media?parent=1314"}],"wp:term":[{"taxonomy":"folder","embeddable":true,"href":"https:\/\/geryflag.com\/index.php\/wp-json\/wp\/v2\/folder?post=1314"}],"curies":[{"name":"wp","href":"https:\/\/api.w.org\/{rel}","templated":true}]}}